{"id":18,"date":"2025-06-14T11:42:46","date_gmt":"2025-06-14T14:42:46","guid":{"rendered":"https:\/\/catedralskicenter.com\/producto\/pack-de-reserva-flexible-viaja-con-tranquilidad-y-sin-preocupaciones\/"},"modified":"2025-06-14T11:42:48","modified_gmt":"2025-06-14T14:42:48","slug":"pack-de-reserva-flexible-viaja-con-tranquilidad-y-sin-preocupaciones","status":"publish","type":"product","link":"https:\/\/catedralskicenter.com\/en\/product\/flexible-booking-pack-travel-with-peace-of-mind-and-without-worries\/","title":{"rendered":"Flexible Booking Pack - Travel with peace of mind and without worries"},"content":{"rendered":"<h3 data-start=\"232\" data-end=\"273\">Reschedule your trip whenever you want<\/h3>\n<p data-start=\"275\" data-end=\"620\">The Flexible Booking Pack allows you to set up your excursion agenda in Bariloche with the peace of mind of knowing that, in case of any unexpected event, you can change or cancel your reservation without any hassle. This service combines the best of the Reprogramming and Cancellation Insurance, giving you total freedom to decide in just one step.<\/p>\n<h3 data-start=\"627\" data-end=\"652\">What will you receive with your Pack?<\/h3>\n<ul data-start=\"654\" data-end=\"1014\">\n<li data-start=\"654\" data-end=\"726\">\n<p data-start=\"656\" data-end=\"726\">Rescheduling of dates without extra charges until the day before the excursion.<\/p>\n<\/li>\n<li data-start=\"727\" data-end=\"797\">\n<p data-start=\"729\" data-end=\"797\">Cancellation with partial refund until 7 p.m. of the previous day.<\/p>\n<\/li>\n<li data-start=\"798\" data-end=\"870\">\n<p data-start=\"800\" data-end=\"870\">You can contract it up to 30 minutes after receiving your voucher.<\/p>\n<\/li>\n<li data-start=\"871\" data-end=\"930\">\n<p data-start=\"873\" data-end=\"930\">The Pack is purchased <strong data-start=\"893\" data-end=\"929\">per passenger and for each departure<\/strong>.<\/p>\n<\/li>\n<li data-start=\"931\" data-end=\"1014\">\n<p data-start=\"933\" data-end=\"1014\">Perfect for relaxed travel, even if your plans change at the last minute.<\/p>\n<\/li>\n<\/ul>\n<h3 data-start=\"1021\" data-end=\"1048\">Details to consider<\/h3>\n<ul data-start=\"1050\" data-end=\"1393\">\n<li data-start=\"1050\" data-end=\"1134\">\n<p data-start=\"1052\" data-end=\"1134\">This Pack is personal: it is valid for each traveler and each separate excursion.<\/p>\n<\/li>\n<li data-start=\"1135\" data-end=\"1236\">\n<p data-start=\"1137\" data-end=\"1236\">It must be added together with the excursion or up to half an hour after the voucher is generated.<\/p>\n<\/li>\n<li data-start=\"1237\" data-end=\"1317\">\n<p data-start=\"1239\" data-end=\"1317\">Covers almost all departures (see conditions for special cases).<\/p>\n<\/li>\n<li data-start=\"1318\" data-end=\"1393\">\n<p data-start=\"1320\" data-end=\"1393\">Partial refund for cancellation is applied according to current regulations.<\/p>\n<\/li>\n<\/ul>\n<h3 data-start=\"1400\" data-end=\"1424\">Common inquiries<\/h3>\n<p data-start=\"1426\" data-end=\"1565\"><strong data-start=\"1426\" data-end=\"1475\">Can I add the Pack after purchasing?<\/strong><br data-start=\"1475\" data-end=\"1478\" \/>Of course. You have up to half an hour after the voucher is issued to add it to your purchase.<\/p>\n<p data-start=\"1567\" data-end=\"1731\"><strong data-start=\"1567\" data-end=\"1610\">Can I terminate without justification?<\/strong><br data-start=\"1610\" data-end=\"1613\" \/>Yes, you can cancel until 7:00 p.m. the day before and a portion will be reimbursed to you, with no need to explain.<\/p>\n<p data-start=\"1733\" data-end=\"1866\"><strong data-start=\"1733\" data-end=\"1781\">Can I change the date without surcharge?<\/strong><br data-start=\"1781\" data-end=\"1784\" \/>Yes, you have the possibility to reschedule your departure up to the previous day, subject to space availability.<\/p>\n<p data-start=\"1868\" data-end=\"2032\"><strong data-start=\"1868\" data-end=\"1910\">Can it be used for any excursion?<\/strong><br data-start=\"1910\" data-end=\"1913\" \/>It covers almost all excursions, with a few exceptions that you will learn about at the time of booking.<\/p>","protected":false},"excerpt":{"rendered":"<p>Flexible Booking: change or cancel your tour per person or per experience, with partial refund up to the previous day. More peace of mind for your trip to Bariloche.<\/p>","protected":false},"featured_media":19,"comment_status":"open","ping_status":"closed","template":"","meta":[],"product_brand":[],"product_cat":[15],"product_tag":[],"class_list":{"0":"post-18","1":"product","2":"type-product","3":"status-publish","4":"has-post-thumbnail","6":"product_cat-sin-categorizar","8":"first","9":"instock","10":"sale","11":"purchasable","12":"product-type-simple"},"booking_location":null,"booking_location_type":null,"booking_duration":null,"booking_duration_unit":null,"booking_buffer":null,"booking_cost":null,"booking_resources":null,"exclude_global_add_ons":[],"addons":[],"yoast_head":"<!-- This site is optimized with the Yoast SEO Premium plugin v25.2 (Yoast SEO v25.2) - https:\/\/yoast.com\/wordpress\/plugins\/seo\/ -->\n<title>Pack de Reserva Flexible \u2013 Viaj\u00e1 con tranquilidad y sin preocupaciones - Catedral Ski Center<\/title>\n<meta name=\"robots\" content=\"index, follow, max-snippet:-1, max-image-preview:large, max-video-preview:-1\" \/>\n<link rel=\"canonical\" href=\"https:\/\/catedralskicenter.com\/en\/product\/flexible-booking-pack-travel-with-peace-of-mind-and-without-worries\/\" \/>\n<meta property=\"og:locale\" content=\"en_US\" \/>\n<meta property=\"og:type\" content=\"article\" \/>\n<meta property=\"og:title\" content=\"Pack de Reserva Flexible \u2013 Viaj\u00e1 con tranquilidad y sin preocupaciones\" \/>\n<meta property=\"og:description\" content=\"Reserva Flexible: cambi\u00e1 o anul\u00e1 tu tour tanto por persona como por experiencia, con reembolso parcial hasta el d\u00eda previo. Mayor tranquilidad para tu viaje a Bariloche.\" \/>\n<meta property=\"og:url\" content=\"https:\/\/catedralskicenter.com\/en\/product\/flexible-booking-pack-travel-with-peace-of-mind-and-without-worries\/\" \/>\n<meta property=\"og:site_name\" content=\"Catedral Ski Center\" \/>\n<meta property=\"article:modified_time\" content=\"2025-06-14T14:42:48+00:00\" \/>\n<meta property=\"og:image\" content=\"https:\/\/catedralskicenter.com\/wp-content\/uploads\/sites\/7\/2025\/06\/toa-heftiba-eshljVjL4Ds-unsplash1-scaled-1.jpg\" \/>\n\t<meta property=\"og:image:width\" content=\"2560\" \/>\n\t<meta property=\"og:image:height\" content=\"1707\" \/>\n\t<meta property=\"og:image:type\" content=\"image\/jpeg\" \/>\n<meta name=\"twitter:card\" content=\"summary_large_image\" \/>\n<meta name=\"twitter:label1\" content=\"Price\" \/>\n\t<meta name=\"twitter:data1\" content=\"&#036;25,000.00\" \/>\n\t<meta name=\"twitter:label2\" content=\"Availability\" \/>\n\t<meta name=\"twitter:data2\" content=\"In stock\" \/>\n<script type=\"application\/ld+json\" class=\"yoast-schema-graph\">{\"@context\":\"https:\/\/schema.org\",\"@graph\":[{\"@type\":\"WebPage\",\"@id\":\"https:\/\/catedralskicenter.com\/producto\/pack-de-reserva-flexible-viaja-con-tranquilidad-y-sin-preocupaciones\/\",\"url\":\"https:\/\/catedralskicenter.com\/producto\/pack-de-reserva-flexible-viaja-con-tranquilidad-y-sin-preocupaciones\/\",\"name\":\"Pack de Reserva Flexible \u2013 Viaj\u00e1 con tranquilidad y sin preocupaciones - Catedral Ski Center\",\"isPartOf\":{\"@id\":\"https:\/\/catedralskicenter.com\/#website\"},\"primaryImageOfPage\":{\"@id\":\"https:\/\/catedralskicenter.com\/producto\/pack-de-reserva-flexible-viaja-con-tranquilidad-y-sin-preocupaciones\/#primaryimage\"},\"image\":{\"@id\":\"https:\/\/catedralskicenter.com\/producto\/pack-de-reserva-flexible-viaja-con-tranquilidad-y-sin-preocupaciones\/#primaryimage\"},\"thumbnailUrl\":\"https:\/\/catedralskicenter.com\/wp-content\/uploads\/sites\/7\/2025\/06\/toa-heftiba-eshljVjL4Ds-unsplash1-scaled-1.jpg\",\"datePublished\":\"2025-06-14T14:42:46+00:00\",\"dateModified\":\"2025-06-14T14:42:48+00:00\",\"breadcrumb\":{\"@id\":\"https:\/\/catedralskicenter.com\/producto\/pack-de-reserva-flexible-viaja-con-tranquilidad-y-sin-preocupaciones\/#breadcrumb\"},\"inLanguage\":\"en-US\",\"potentialAction\":[{\"@type\":\"ReadAction\",\"target\":[\"https:\/\/catedralskicenter.com\/producto\/pack-de-reserva-flexible-viaja-con-tranquilidad-y-sin-preocupaciones\/\"]}]},{\"@type\":\"ImageObject\",\"inLanguage\":\"en-US\",\"@id\":\"https:\/\/catedralskicenter.com\/producto\/pack-de-reserva-flexible-viaja-con-tranquilidad-y-sin-preocupaciones\/#primaryimage\",\"url\":\"https:\/\/catedralskicenter.com\/wp-content\/uploads\/sites\/7\/2025\/06\/toa-heftiba-eshljVjL4Ds-unsplash1-scaled-1.jpg\",\"contentUrl\":\"https:\/\/catedralskicenter.com\/wp-content\/uploads\/sites\/7\/2025\/06\/toa-heftiba-eshljVjL4Ds-unsplash1-scaled-1.jpg\",\"width\":2560,\"height\":1707},{\"@type\":\"BreadcrumbList\",\"@id\":\"https:\/\/catedralskicenter.com\/producto\/pack-de-reserva-flexible-viaja-con-tranquilidad-y-sin-preocupaciones\/#breadcrumb\",\"itemListElement\":[{\"@type\":\"ListItem\",\"position\":1,\"name\":\"Inicio\",\"item\":\"https:\/\/catedralskicenter.com\/\"},{\"@type\":\"ListItem\",\"position\":2,\"name\":\"Tienda\",\"item\":\"https:\/\/catedralskicenter.com\/tienda\/\"},{\"@type\":\"ListItem\",\"position\":3,\"name\":\"Pack de Reserva Flexible \u2013 Viaj\u00e1 con tranquilidad y sin preocupaciones\"}]},{\"@type\":\"WebSite\",\"@id\":\"https:\/\/catedralskicenter.com\/#website\",\"url\":\"https:\/\/catedralskicenter.com\/\",\"name\":\"Catedral Ski Center\",\"description\":\"\",\"potentialAction\":[{\"@type\":\"SearchAction\",\"target\":{\"@type\":\"EntryPoint\",\"urlTemplate\":\"https:\/\/catedralskicenter.com\/?s={search_term_string}\"},\"query-input\":{\"@type\":\"PropertyValueSpecification\",\"valueRequired\":true,\"valueName\":\"search_term_string\"}}],\"inLanguage\":\"en-US\"}]}<\/script>\n<meta property=\"product:price:amount\" content=\"25000.00\" \/>\n<meta property=\"product:price:currency\" content=\"ARS\" \/>\n<meta property=\"og:availability\" content=\"instock\" \/>\n<meta property=\"product:availability\" content=\"instock\" \/>\n<meta property=\"product:condition\" content=\"new\" \/>\n<!-- \/ Yoast SEO Premium plugin. -->","yoast_head_json":{"title":"Flexible Booking Pack - Travel with peace of mind and without worries - Catedral Ski Center","robots":{"index":"index","follow":"follow","max-snippet":"max-snippet:-1","max-image-preview":"max-image-preview:large","max-video-preview":"max-video-preview:-1"},"canonical":"https:\/\/catedralskicenter.com\/en\/product\/flexible-booking-pack-travel-with-peace-of-mind-and-without-worries\/","og_locale":"en_US","og_type":"article","og_title":"Pack de Reserva Flexible \u2013 Viaj\u00e1 con tranquilidad y sin preocupaciones","og_description":"Reserva Flexible: cambi\u00e1 o anul\u00e1 tu tour tanto por persona como por experiencia, con reembolso parcial hasta el d\u00eda previo. Mayor tranquilidad para tu viaje a Bariloche.","og_url":"https:\/\/catedralskicenter.com\/en\/product\/flexible-booking-pack-travel-with-peace-of-mind-and-without-worries\/","og_site_name":"Catedral Ski Center","article_modified_time":"2025-06-14T14:42:48+00:00","og_image":[{"width":2560,"height":1707,"url":"https:\/\/catedralskicenter.com\/wp-content\/uploads\/sites\/7\/2025\/06\/toa-heftiba-eshljVjL4Ds-unsplash1-scaled-1.jpg","type":"image\/jpeg"}],"twitter_card":"summary_large_image","twitter_misc":{"Price":"&#36;25,000.00","Availability":"In stock"},"schema":{"@context":"https:\/\/schema.org","@graph":[{"@type":"WebPage","@id":"https:\/\/catedralskicenter.com\/producto\/pack-de-reserva-flexible-viaja-con-tranquilidad-y-sin-preocupaciones\/","url":"https:\/\/catedralskicenter.com\/producto\/pack-de-reserva-flexible-viaja-con-tranquilidad-y-sin-preocupaciones\/","name":"Flexible Booking Pack - Travel with peace of mind and without worries - Catedral Ski Center","isPartOf":{"@id":"https:\/\/catedralskicenter.com\/#website"},"primaryImageOfPage":{"@id":"https:\/\/catedralskicenter.com\/producto\/pack-de-reserva-flexible-viaja-con-tranquilidad-y-sin-preocupaciones\/#primaryimage"},"image":{"@id":"https:\/\/catedralskicenter.com\/producto\/pack-de-reserva-flexible-viaja-con-tranquilidad-y-sin-preocupaciones\/#primaryimage"},"thumbnailUrl":"https:\/\/catedralskicenter.com\/wp-content\/uploads\/sites\/7\/2025\/06\/toa-heftiba-eshljVjL4Ds-unsplash1-scaled-1.jpg","datePublished":"2025-06-14T14:42:46+00:00","dateModified":"2025-06-14T14:42:48+00:00","breadcrumb":{"@id":"https:\/\/catedralskicenter.com\/producto\/pack-de-reserva-flexible-viaja-con-tranquilidad-y-sin-preocupaciones\/#breadcrumb"},"inLanguage":"en-US","potentialAction":[{"@type":"ReadAction","target":["https:\/\/catedralskicenter.com\/producto\/pack-de-reserva-flexible-viaja-con-tranquilidad-y-sin-preocupaciones\/"]}]},{"@type":"ImageObject","inLanguage":"en-US","@id":"https:\/\/catedralskicenter.com\/producto\/pack-de-reserva-flexible-viaja-con-tranquilidad-y-sin-preocupaciones\/#primaryimage","url":"https:\/\/catedralskicenter.com\/wp-content\/uploads\/sites\/7\/2025\/06\/toa-heftiba-eshljVjL4Ds-unsplash1-scaled-1.jpg","contentUrl":"https:\/\/catedralskicenter.com\/wp-content\/uploads\/sites\/7\/2025\/06\/toa-heftiba-eshljVjL4Ds-unsplash1-scaled-1.jpg","width":2560,"height":1707},{"@type":"BreadcrumbList","@id":"https:\/\/catedralskicenter.com\/producto\/pack-de-reserva-flexible-viaja-con-tranquilidad-y-sin-preocupaciones\/#breadcrumb","itemListElement":[{"@type":"ListItem","position":1,"name":"Inicio","item":"https:\/\/catedralskicenter.com\/"},{"@type":"ListItem","position":2,"name":"Tienda","item":"https:\/\/catedralskicenter.com\/tienda\/"},{"@type":"ListItem","position":3,"name":"Pack de Reserva Flexible \u2013 Viaj\u00e1 con tranquilidad y sin preocupaciones"}]},{"@type":"WebSite","@id":"https:\/\/catedralskicenter.com\/#website","url":"https:\/\/catedralskicenter.com\/","name":"Catedral Ski Center","description":"","potentialAction":[{"@type":"SearchAction","target":{"@type":"EntryPoint","urlTemplate":"https:\/\/catedralskicenter.com\/?s={search_term_string}"},"query-input":{"@type":"PropertyValueSpecification","valueRequired":true,"valueName":"search_term_string"}}],"inLanguage":"en-US"}]},"product_price_amount":"25000.00","product_price_currency":"ARS","og_availability":"instock","product_availability":"instock","product_condition":"new"},"_links":{"self":[{"href":"https:\/\/catedralskicenter.com\/en\/wp-json\/wp\/v2\/product\/18","targetHints":{"allow":["GET"]}}],"collection":[{"href":"https:\/\/catedralskicenter.com\/en\/wp-json\/wp\/v2\/product"}],"about":[{"href":"https:\/\/catedralskicenter.com\/en\/wp-json\/wp\/v2\/types\/product"}],"replies":[{"embeddable":true,"href":"https:\/\/catedralskicenter.com\/en\/wp-json\/wp\/v2\/comments?post=18"}],"wp:featuredmedia":[{"embeddable":true,"href":"https:\/\/catedralskicenter.com\/en\/wp-json\/wp\/v2\/media\/19"}],"wp:attachment":[{"href":"https:\/\/catedralskicenter.com\/en\/wp-json\/wp\/v2\/media?parent=18"}],"wp:term":[{"taxonomy":"product_brand","embeddable":true,"href":"https:\/\/catedralskicenter.com\/en\/wp-json\/wp\/v2\/product_brand?post=18"},{"taxonomy":"product_cat","embeddable":true,"href":"https:\/\/catedralskicenter.com\/en\/wp-json\/wp\/v2\/product_cat?post=18"},{"taxonomy":"product_tag","embeddable":true,"href":"https:\/\/catedralskicenter.com\/en\/wp-json\/wp\/v2\/product_tag?post=18"}],"curies":[{"name":"wp","href":"https:\/\/api.w.org\/{rel}","templated":true}]}}