{"id":20,"date":"2025-06-14T11:43:02","date_gmt":"2025-06-14T14:43:02","guid":{"rendered":"https:\/\/catedralskicenter.com\/producto\/seguro-de-cancelacion-cancela-tu-excursion-sin-perder-todo-el-valor\/"},"modified":"2025-06-14T11:43:04","modified_gmt":"2025-06-14T14:43:04","slug":"seguro-de-cancelacion-cancela-tu-excursion-sin-perder-todo-el-valor","status":"publish","type":"product","link":"https:\/\/catedralskicenter.com\/en\/product\/cancellation-insurance-cancel-your-tour-without-losing-all-the-value-of-the-tour\/","title":{"rendered":"Cancellation Insurance - Cancel your excursion without losing all the value of your trip"},"content":{"rendered":"<h3 data-start=\"200\" data-end=\"242\">Despreocupate por cualquier inconveniente<\/h3>\n<p data-start=\"244\" data-end=\"516\">\u00bfSe te complic\u00f3 y no pod\u00e9s ir? Con el Seguro de Cancelaci\u00f3n recuper\u00e1s el 80% de lo que pagaste, siempre que avises antes de las 19 hs del d\u00eda previo. Es una opci\u00f3n s\u00faper \u00e1gil y sencilla, pensada para que tu reserva est\u00e9 siempre protegida ante imprevistos.<\/p>\n<h3 data-start=\"523\" data-end=\"548\">\u00bfPara qu\u00e9 te sirve el Seguro?<\/h3>\n<ul data-start=\"550\" data-end=\"858\">\n<li data-start=\"550\" data-end=\"613\">\n<p data-start=\"552\" data-end=\"613\">Pod\u00e9s cancelar tu excursi\u00f3n hasta las 19 hs del d\u00eda anterior sin vueltas.<\/p>\n<\/li>\n<li data-start=\"614\" data-end=\"652\">\n<p data-start=\"616\" data-end=\"652\">Recib\u00eds un reintegro del 80% de lo que abonaste.<\/p>\n<\/li>\n<li data-start=\"653\" data-end=\"727\">\n<p data-start=\"655\" data-end=\"727\">El tr\u00e1mite es expeditivo y no ten\u00e9s que dar explicaciones.<\/p>\n<\/li>\n<li data-start=\"728\" data-end=\"785\">\n<p data-start=\"730\" data-end=\"785\">Se contrata individualmente, por cada pasajero y para cada excursi\u00f3n.<\/p>\n<\/li>\n<li data-start=\"786\" data-end=\"858\">\n<p data-start=\"788\" data-end=\"858\">Disponible para sumar hasta 30 minutos luego de emitir tu voucher.<\/p>\n<\/li>\n<\/ul>\n<h3 data-start=\"865\" data-end=\"892\">Datos clave a tener en cuenta<\/h3>\n<ul data-start=\"894\" data-end=\"1157\">\n<li data-start=\"894\" data-end=\"981\">\n<p data-start=\"896\" data-end=\"981\">La cobertura es personal: corresponde por persona y excursi\u00f3n reservada.<\/p>\n<\/li>\n<li data-start=\"982\" data-end=\"1080\">\n<p data-start=\"984\" data-end=\"1080\">Solo se puede solicitar dentro de los 30 minutos posteriores a la emisi\u00f3n del voucher.<\/p>\n<\/li>\n<li data-start=\"1081\" data-end=\"1157\">\n<p data-start=\"1083\" data-end=\"1157\">Sin contratar este seguro, no hay reembolsos por cancelaciones bajo ning\u00fan motivo.<\/p>\n<\/li>\n<\/ul>\n<h3 data-start=\"1164\" data-end=\"1188\">Common inquiries<\/h3>\n<p data-start=\"1190\" data-end=\"1326\"><strong data-start=\"1190\" data-end=\"1243\">\u00bfEn qu\u00e9 momento se puede sumar el Seguro de Cancelaci\u00f3n?<\/strong><br data-start=\"1243\" data-end=\"1246\" \/>Ten\u00e9s la opci\u00f3n de contratarlo hasta 30 minutos despu\u00e9s de haber emitido el voucher de tu excursi\u00f3n.<\/p>\n<p data-start=\"1328\" data-end=\"1451\"><strong data-start=\"1328\" data-end=\"1388\">\u00bfHay que presentar alg\u00fan tipo de comprobante para cancelar?<\/strong><br data-start=\"1388\" data-end=\"1391\" \/>No hace falta. El proceso es sencillo y no requiere justificaci\u00f3n.<\/p>\n<p data-start=\"1453\" data-end=\"1575\"><strong data-start=\"1453\" data-end=\"1492\">\u00bfSe devuelve todo lo pagado?<\/strong><br data-start=\"1492\" data-end=\"1495\" \/>No, el reembolso contempla el 80% del total abonado, seg\u00fan reglamento vigente.<\/p>\n<p data-start=\"1577\" data-end=\"1711\"><strong data-start=\"1577\" data-end=\"1617\">\u00bfEl seguro es obligatorio?<\/strong><br data-start=\"1617\" data-end=\"1620\" \/>No es obligatorio, pero sin este seguro no acced\u00e9s a devoluciones si ten\u00e9s que cancelar.<\/p>","protected":false},"excerpt":{"rendered":"<p>Cancellation Insurance for tours in Bariloche. Get a refund of 80% if you cancel your tour until 7pm the day before. Purchase it only at the time of booking.<\/p>","protected":false},"featured_media":21,"comment_status":"open","ping_status":"closed","template":"","meta":[],"product_brand":[],"product_cat":[15],"product_tag":[],"class_list":{"0":"post-20","1":"product","2":"type-product","3":"status-publish","4":"has-post-thumbnail","6":"product_cat-sin-categorizar","8":"first","9":"instock","10":"purchasable","11":"product-type-simple"},"booking_location":null,"booking_location_type":null,"booking_duration":null,"booking_duration_unit":null,"booking_buffer":null,"booking_cost":null,"booking_resources":null,"exclude_global_add_ons":[],"addons":[],"yoast_head":"<!-- This site is optimized with the Yoast SEO Premium plugin v25.2 (Yoast SEO v25.2) - https:\/\/yoast.com\/wordpress\/plugins\/seo\/ -->\n<title>Seguro de Cancelaci\u00f3n \u2013 Cancel\u00e1 tu excursi\u00f3n sin perder todo el valor - Catedral Ski Center<\/title>\n<meta name=\"robots\" content=\"index, follow, max-snippet:-1, max-image-preview:large, max-video-preview:-1\" \/>\n<link rel=\"canonical\" href=\"https:\/\/catedralskicenter.com\/en\/product\/cancellation-insurance-cancel-your-tour-without-losing-all-the-value-of-the-tour\/\" \/>\n<meta property=\"og:locale\" content=\"en_US\" \/>\n<meta property=\"og:type\" content=\"article\" \/>\n<meta property=\"og:title\" content=\"Seguro de Cancelaci\u00f3n \u2013 Cancel\u00e1 tu excursi\u00f3n sin perder todo el valor\" \/>\n<meta property=\"og:description\" content=\"Seguro de Anulaci\u00f3n para tours en Bariloche. Obten\u00e9 el reembolso del 80% si suspend\u00e9s tu excursi\u00f3n hasta las 19 hs del d\u00eda previo. Contratalo \u00fanicamente al realizar la reserva.\" \/>\n<meta property=\"og:url\" content=\"https:\/\/catedralskicenter.com\/en\/product\/cancellation-insurance-cancel-your-tour-without-losing-all-the-value-of-the-tour\/\" \/>\n<meta property=\"og:site_name\" content=\"Catedral Ski Center\" \/>\n<meta property=\"article:modified_time\" content=\"2025-06-14T14:43:04+00:00\" \/>\n<meta property=\"og:image\" content=\"https:\/\/catedralskicenter.com\/wp-content\/uploads\/sites\/7\/2025\/06\/panitan-punpuang-6UKaOW3uiFM-unsplash1-scaled-1.jpg\" \/>\n\t<meta property=\"og:image:width\" content=\"2560\" \/>\n\t<meta property=\"og:image:height\" content=\"1707\" \/>\n\t<meta property=\"og:image:type\" content=\"image\/jpeg\" \/>\n<meta name=\"twitter:card\" content=\"summary_large_image\" \/>\n<meta name=\"twitter:label1\" content=\"Price\" \/>\n\t<meta name=\"twitter:data1\" content=\"&#036;15,000.00\" \/>\n\t<meta name=\"twitter:label2\" content=\"Availability\" \/>\n\t<meta name=\"twitter:data2\" content=\"In stock\" \/>\n<script type=\"application\/ld+json\" class=\"yoast-schema-graph\">{\"@context\":\"https:\/\/schema.org\",\"@graph\":[{\"@type\":\"WebPage\",\"@id\":\"https:\/\/catedralskicenter.com\/producto\/seguro-de-cancelacion-cancela-tu-excursion-sin-perder-todo-el-valor\/\",\"url\":\"https:\/\/catedralskicenter.com\/producto\/seguro-de-cancelacion-cancela-tu-excursion-sin-perder-todo-el-valor\/\",\"name\":\"Seguro de Cancelaci\u00f3n \u2013 Cancel\u00e1 tu excursi\u00f3n sin perder todo el valor - Catedral Ski Center\",\"isPartOf\":{\"@id\":\"https:\/\/catedralskicenter.com\/#website\"},\"primaryImageOfPage\":{\"@id\":\"https:\/\/catedralskicenter.com\/producto\/seguro-de-cancelacion-cancela-tu-excursion-sin-perder-todo-el-valor\/#primaryimage\"},\"image\":{\"@id\":\"https:\/\/catedralskicenter.com\/producto\/seguro-de-cancelacion-cancela-tu-excursion-sin-perder-todo-el-valor\/#primaryimage\"},\"thumbnailUrl\":\"https:\/\/catedralskicenter.com\/wp-content\/uploads\/sites\/7\/2025\/06\/panitan-punpuang-6UKaOW3uiFM-unsplash1-scaled-1.jpg\",\"datePublished\":\"2025-06-14T14:43:02+00:00\",\"dateModified\":\"2025-06-14T14:43:04+00:00\",\"breadcrumb\":{\"@id\":\"https:\/\/catedralskicenter.com\/producto\/seguro-de-cancelacion-cancela-tu-excursion-sin-perder-todo-el-valor\/#breadcrumb\"},\"inLanguage\":\"en-US\",\"potentialAction\":[{\"@type\":\"ReadAction\",\"target\":[\"https:\/\/catedralskicenter.com\/producto\/seguro-de-cancelacion-cancela-tu-excursion-sin-perder-todo-el-valor\/\"]}]},{\"@type\":\"ImageObject\",\"inLanguage\":\"en-US\",\"@id\":\"https:\/\/catedralskicenter.com\/producto\/seguro-de-cancelacion-cancela-tu-excursion-sin-perder-todo-el-valor\/#primaryimage\",\"url\":\"https:\/\/catedralskicenter.com\/wp-content\/uploads\/sites\/7\/2025\/06\/panitan-punpuang-6UKaOW3uiFM-unsplash1-scaled-1.jpg\",\"contentUrl\":\"https:\/\/catedralskicenter.com\/wp-content\/uploads\/sites\/7\/2025\/06\/panitan-punpuang-6UKaOW3uiFM-unsplash1-scaled-1.jpg\",\"width\":2560,\"height\":1707},{\"@type\":\"BreadcrumbList\",\"@id\":\"https:\/\/catedralskicenter.com\/producto\/seguro-de-cancelacion-cancela-tu-excursion-sin-perder-todo-el-valor\/#breadcrumb\",\"itemListElement\":[{\"@type\":\"ListItem\",\"position\":1,\"name\":\"Inicio\",\"item\":\"https:\/\/catedralskicenter.com\/\"},{\"@type\":\"ListItem\",\"position\":2,\"name\":\"Tienda\",\"item\":\"https:\/\/catedralskicenter.com\/tienda\/\"},{\"@type\":\"ListItem\",\"position\":3,\"name\":\"Seguro de Cancelaci\u00f3n \u2013 Cancel\u00e1 tu excursi\u00f3n sin perder todo el valor\"}]},{\"@type\":\"WebSite\",\"@id\":\"https:\/\/catedralskicenter.com\/#website\",\"url\":\"https:\/\/catedralskicenter.com\/\",\"name\":\"Catedral Ski Center\",\"description\":\"\",\"potentialAction\":[{\"@type\":\"SearchAction\",\"target\":{\"@type\":\"EntryPoint\",\"urlTemplate\":\"https:\/\/catedralskicenter.com\/?s={search_term_string}\"},\"query-input\":{\"@type\":\"PropertyValueSpecification\",\"valueRequired\":true,\"valueName\":\"search_term_string\"}}],\"inLanguage\":\"en-US\"}]}<\/script>\n<meta property=\"product:price:amount\" content=\"15000.00\" \/>\n<meta property=\"product:price:currency\" content=\"ARS\" \/>\n<meta property=\"og:availability\" content=\"instock\" \/>\n<meta property=\"product:availability\" content=\"instock\" \/>\n<meta property=\"product:condition\" content=\"new\" \/>\n<!-- \/ Yoast SEO Premium plugin. -->","yoast_head_json":{"title":"Cancellation Insurance - Cancel your tour without losing all the value - Catedral Ski Center","robots":{"index":"index","follow":"follow","max-snippet":"max-snippet:-1","max-image-preview":"max-image-preview:large","max-video-preview":"max-video-preview:-1"},"canonical":"https:\/\/catedralskicenter.com\/en\/product\/cancellation-insurance-cancel-your-tour-without-losing-all-the-value-of-the-tour\/","og_locale":"en_US","og_type":"article","og_title":"Seguro de Cancelaci\u00f3n \u2013 Cancel\u00e1 tu excursi\u00f3n sin perder todo el valor","og_description":"Seguro de Anulaci\u00f3n para tours en Bariloche. Obten\u00e9 el reembolso del 80% si suspend\u00e9s tu excursi\u00f3n hasta las 19 hs del d\u00eda previo. Contratalo \u00fanicamente al realizar la reserva.","og_url":"https:\/\/catedralskicenter.com\/en\/product\/cancellation-insurance-cancel-your-tour-without-losing-all-the-value-of-the-tour\/","og_site_name":"Catedral Ski Center","article_modified_time":"2025-06-14T14:43:04+00:00","og_image":[{"width":2560,"height":1707,"url":"https:\/\/catedralskicenter.com\/wp-content\/uploads\/sites\/7\/2025\/06\/panitan-punpuang-6UKaOW3uiFM-unsplash1-scaled-1.jpg","type":"image\/jpeg"}],"twitter_card":"summary_large_image","twitter_misc":{"Price":"&#36;15,000.00","Availability":"In stock"},"schema":{"@context":"https:\/\/schema.org","@graph":[{"@type":"WebPage","@id":"https:\/\/catedralskicenter.com\/producto\/seguro-de-cancelacion-cancela-tu-excursion-sin-perder-todo-el-valor\/","url":"https:\/\/catedralskicenter.com\/producto\/seguro-de-cancelacion-cancela-tu-excursion-sin-perder-todo-el-valor\/","name":"Cancellation Insurance - Cancel your tour without losing all the value - Catedral Ski Center","isPartOf":{"@id":"https:\/\/catedralskicenter.com\/#website"},"primaryImageOfPage":{"@id":"https:\/\/catedralskicenter.com\/producto\/seguro-de-cancelacion-cancela-tu-excursion-sin-perder-todo-el-valor\/#primaryimage"},"image":{"@id":"https:\/\/catedralskicenter.com\/producto\/seguro-de-cancelacion-cancela-tu-excursion-sin-perder-todo-el-valor\/#primaryimage"},"thumbnailUrl":"https:\/\/catedralskicenter.com\/wp-content\/uploads\/sites\/7\/2025\/06\/panitan-punpuang-6UKaOW3uiFM-unsplash1-scaled-1.jpg","datePublished":"2025-06-14T14:43:02+00:00","dateModified":"2025-06-14T14:43:04+00:00","breadcrumb":{"@id":"https:\/\/catedralskicenter.com\/producto\/seguro-de-cancelacion-cancela-tu-excursion-sin-perder-todo-el-valor\/#breadcrumb"},"inLanguage":"en-US","potentialAction":[{"@type":"ReadAction","target":["https:\/\/catedralskicenter.com\/producto\/seguro-de-cancelacion-cancela-tu-excursion-sin-perder-todo-el-valor\/"]}]},{"@type":"ImageObject","inLanguage":"en-US","@id":"https:\/\/catedralskicenter.com\/producto\/seguro-de-cancelacion-cancela-tu-excursion-sin-perder-todo-el-valor\/#primaryimage","url":"https:\/\/catedralskicenter.com\/wp-content\/uploads\/sites\/7\/2025\/06\/panitan-punpuang-6UKaOW3uiFM-unsplash1-scaled-1.jpg","contentUrl":"https:\/\/catedralskicenter.com\/wp-content\/uploads\/sites\/7\/2025\/06\/panitan-punpuang-6UKaOW3uiFM-unsplash1-scaled-1.jpg","width":2560,"height":1707},{"@type":"BreadcrumbList","@id":"https:\/\/catedralskicenter.com\/producto\/seguro-de-cancelacion-cancela-tu-excursion-sin-perder-todo-el-valor\/#breadcrumb","itemListElement":[{"@type":"ListItem","position":1,"name":"Inicio","item":"https:\/\/catedralskicenter.com\/"},{"@type":"ListItem","position":2,"name":"Tienda","item":"https:\/\/catedralskicenter.com\/tienda\/"},{"@type":"ListItem","position":3,"name":"Seguro de Cancelaci\u00f3n \u2013 Cancel\u00e1 tu excursi\u00f3n sin perder todo el valor"}]},{"@type":"WebSite","@id":"https:\/\/catedralskicenter.com\/#website","url":"https:\/\/catedralskicenter.com\/","name":"Catedral Ski Center","description":"","potentialAction":[{"@type":"SearchAction","target":{"@type":"EntryPoint","urlTemplate":"https:\/\/catedralskicenter.com\/?s={search_term_string}"},"query-input":{"@type":"PropertyValueSpecification","valueRequired":true,"valueName":"search_term_string"}}],"inLanguage":"en-US"}]},"product_price_amount":"15000.00","product_price_currency":"ARS","og_availability":"instock","product_availability":"instock","product_condition":"new"},"_links":{"self":[{"href":"https:\/\/catedralskicenter.com\/en\/wp-json\/wp\/v2\/product\/20","targetHints":{"allow":["GET"]}}],"collection":[{"href":"https:\/\/catedralskicenter.com\/en\/wp-json\/wp\/v2\/product"}],"about":[{"href":"https:\/\/catedralskicenter.com\/en\/wp-json\/wp\/v2\/types\/product"}],"replies":[{"embeddable":true,"href":"https:\/\/catedralskicenter.com\/en\/wp-json\/wp\/v2\/comments?post=20"}],"wp:featuredmedia":[{"embeddable":true,"href":"https:\/\/catedralskicenter.com\/en\/wp-json\/wp\/v2\/media\/21"}],"wp:attachment":[{"href":"https:\/\/catedralskicenter.com\/en\/wp-json\/wp\/v2\/media?parent=20"}],"wp:term":[{"taxonomy":"product_brand","embeddable":true,"href":"https:\/\/catedralskicenter.com\/en\/wp-json\/wp\/v2\/product_brand?post=20"},{"taxonomy":"product_cat","embeddable":true,"href":"https:\/\/catedralskicenter.com\/en\/wp-json\/wp\/v2\/product_cat?post=20"},{"taxonomy":"product_tag","embeddable":true,"href":"https:\/\/catedralskicenter.com\/en\/wp-json\/wp\/v2\/product_tag?post=20"}],"curies":[{"name":"wp","href":"https:\/\/api.w.org\/{rel}","templated":true}]}}