{"id":29,"date":"2025-06-14T11:46:07","date_gmt":"2025-06-14T14:46:07","guid":{"rendered":"https:\/\/catedralskicenter.com\/producto\/cerro-tronador-y-ventisquero-negro-exploracion-total-en-el-corazon-de-la-patagonia\/"},"modified":"2025-06-14T11:46:11","modified_gmt":"2025-06-14T14:46:11","slug":"cerro-tronador-y-ventisquero-negro","status":"publish","type":"product","link":"https:\/\/catedralskicenter.com\/en\/product\/cerro-tronador-and-ventisquero-negro\/","title":{"rendered":"Cerro Tronador and Ventisquero Negro: full exploration in the heart of Patagonia"},"content":{"rendered":"<h3 data-start=\"470\" data-end=\"552\"><strong data-start=\"474\" data-end=\"552\">A unique getaway to the most majestic landscapes of the Patagonian Andes.<\/strong><\/h3>\n<p data-start=\"554\" data-end=\"888\">With this outing, you will experience the sensation of exploring one of the most impressive sceneries within the Nahuel Huapi National Park. The <strong data-start=\"666\" data-end=\"684\">Cerro Tronador<\/strong>, The glacier, with its permanent white mantle and moving glaciers, is an emblem of the region and an exciting destination for those in search of captivating landscapes and experiences in the middle of nature.<\/p>\n<p data-start=\"890\" data-end=\"1248\">The itinerary starts from the meeting point in Bariloche (downtown area and up to km 8 both along Bustillo and Pioneros Av.), continuing along the panoramic route that accompanies the Gutierrez and Mascardi lakes. Along the way, you will make unmissable stops for photos, as in <strong data-start=\"1147\" data-end=\"1162\">Black Beach<\/strong> and the <strong data-start=\"1168\" data-end=\"1198\">Heart Island viewpoint<\/strong>, and recreation at Los R\u00e1pidos campsite.<\/p>\n<p data-start=\"1250\" data-end=\"1591\">The experience continues on the road to <strong data-start=\"1287\" data-end=\"1308\">Black Snowdrift<\/strong>, a vibrant glacier that descends from the peaks of the Tronador. From here, you will witness the amazing contrasts between the dark ice and the eternal snow. At <strong data-start=\"1490\" data-end=\"1505\">Pampa Linda<\/strong> You will have free time to have lunch at the inns in the area and make the most of the natural environment.<\/p>\n<p data-start=\"1593\" data-end=\"1835\">The excursion takes place from 9:00 am to 6:30 pm approximately, and includes transportation, guide in Spanish, and specially chosen stops for you to connect with this natural jewel. It does not include meals or the entrance fee to the National Park, which is paid separately.<\/p>\n<h3 data-start=\"1842\" data-end=\"1870\"><strong data-start=\"1846\" data-end=\"1870\">Frequently Asked Questions<\/strong><\/h3>\n<p data-start=\"1872\" data-end=\"2010\"><strong data-start=\"1872\" data-end=\"1908\">Is any special physical condition required?<\/strong><br data-start=\"1908\" data-end=\"1911\" \/>Not at all. The entire tour is done in a vehicle, with short hikes at scenic points. It is suitable for any age.<\/p>\n<p data-start=\"2012\" data-end=\"2124\"><strong data-start=\"2012\" data-end=\"2038\">Where can I have lunch?<\/strong><br data-start=\"2038\" data-end=\"2041\" \/>In Pampa Linda there are inns available with regional dishes and beverages to choose from.<\/p>\n<p data-start=\"2126\" data-end=\"2290\"><strong data-start=\"2126\" data-end=\"2160\">What to bring along for the ride?<\/strong><br data-start=\"2160\" data-end=\"2163\" \/>Comfortable and warm clothing, appropriate footwear, sunscreen, your water bottle and some money for entrance and meals.<\/p>\n<p data-start=\"2292\" data-end=\"2476\"><strong data-start=\"2292\" data-end=\"2322\">What services are included in the activity?<\/strong><br data-start=\"2322\" data-end=\"2325\" \/>Round trip transportation from the meeting points, the company of a guide and the entire tour. Food and entrance fee to Nahuel Huapi National Park are not included.<\/p>","protected":false},"excerpt":{"rendered":"<p>Live a unique experience exploring the Nahuel Huapi National Park, admiring the imposing presence of Cerro Tronador and the amazing Ventisquero Negro Glacier. Nature, emotion and well-being in an ideal combination.<\/p>","protected":false},"featured_media":0,"comment_status":"open","ping_status":"closed","template":"","meta":[],"product_brand":[],"product_cat":[15],"product_tag":[],"class_list":{"0":"post-29","1":"product","2":"type-product","3":"status-publish","5":"product_cat-sin-categorizar","7":"first","8":"instock","9":"sold-individually","10":"purchasable","11":"product-type-booking"},"booking_location":"","booking_location_type":"","booking_duration":1,"booking_duration_unit":"hour","booking_buffer":0,"booking_cost":0,"booking_resources":[],"exclude_global_add_ons":[],"addons":[],"yoast_head":"<!-- This site is optimized with the Yoast SEO Premium plugin v25.2 (Yoast SEO v25.2) - https:\/\/yoast.com\/wordpress\/plugins\/seo\/ -->\n<title>Cerro Tronador y Ventisquero Negro: exploraci\u00f3n total en el coraz\u00f3n de la Patagonia - Catedral Ski Center<\/title>\n<meta name=\"robots\" content=\"index, follow, max-snippet:-1, max-image-preview:large, max-video-preview:-1\" \/>\n<link rel=\"canonical\" href=\"https:\/\/catedralskicenter.com\/en\/product\/cerro-tronador-and-ventisquero-negro\/\" \/>\n<meta property=\"og:locale\" content=\"en_US\" \/>\n<meta property=\"og:type\" content=\"article\" \/>\n<meta property=\"og:title\" content=\"Cerro Tronador y Ventisquero Negro: exploraci\u00f3n total en el coraz\u00f3n de la Patagonia\" \/>\n<meta property=\"og:description\" content=\"Viv\u00ed una experiencia \u00fanica explorando el Parque Nacional Nahuel Huapi, admirando la imponente presencia del Cerro Tronador y el sorprendente Glaciar Ventisquero Negro. Naturaleza, emoci\u00f3n y bienestar en una combinaci\u00f3n ideal.\" \/>\n<meta property=\"og:url\" content=\"https:\/\/catedralskicenter.com\/en\/product\/cerro-tronador-and-ventisquero-negro\/\" \/>\n<meta property=\"og:site_name\" content=\"Catedral Ski Center\" \/>\n<meta property=\"article:modified_time\" content=\"2025-06-14T14:46:11+00:00\" \/>\n<meta name=\"twitter:card\" content=\"summary_large_image\" \/>\n<meta name=\"twitter:label1\" content=\"Price\" \/>\n\t<meta name=\"twitter:data1\" content=\"&#036;59,500.00\" \/>\n\t<meta name=\"twitter:label2\" content=\"Availability\" \/>\n\t<meta name=\"twitter:data2\" content=\"In stock\" \/>\n<script type=\"application\/ld+json\" class=\"yoast-schema-graph\">{\"@context\":\"https:\/\/schema.org\",\"@graph\":[{\"@type\":\"WebPage\",\"@id\":\"https:\/\/catedralskicenter.com\/producto\/cerro-tronador-y-ventisquero-negro\/\",\"url\":\"https:\/\/catedralskicenter.com\/producto\/cerro-tronador-y-ventisquero-negro\/\",\"name\":\"Cerro Tronador y Ventisquero Negro: exploraci\u00f3n total en el coraz\u00f3n de la Patagonia - Catedral Ski Center\",\"isPartOf\":{\"@id\":\"https:\/\/catedralskicenter.com\/#website\"},\"datePublished\":\"2025-06-14T14:46:07+00:00\",\"dateModified\":\"2025-06-14T14:46:11+00:00\",\"breadcrumb\":{\"@id\":\"https:\/\/catedralskicenter.com\/producto\/cerro-tronador-y-ventisquero-negro\/#breadcrumb\"},\"inLanguage\":\"en-US\",\"potentialAction\":[{\"@type\":\"ReadAction\",\"target\":[\"https:\/\/catedralskicenter.com\/producto\/cerro-tronador-y-ventisquero-negro\/\"]}]},{\"@type\":\"BreadcrumbList\",\"@id\":\"https:\/\/catedralskicenter.com\/producto\/cerro-tronador-y-ventisquero-negro\/#breadcrumb\",\"itemListElement\":[{\"@type\":\"ListItem\",\"position\":1,\"name\":\"Inicio\",\"item\":\"https:\/\/catedralskicenter.com\/\"},{\"@type\":\"ListItem\",\"position\":2,\"name\":\"Tienda\",\"item\":\"https:\/\/catedralskicenter.com\/tienda\/\"},{\"@type\":\"ListItem\",\"position\":3,\"name\":\"Cerro Tronador y Ventisquero Negro: exploraci\u00f3n total en el coraz\u00f3n de la Patagonia\"}]},{\"@type\":\"WebSite\",\"@id\":\"https:\/\/catedralskicenter.com\/#website\",\"url\":\"https:\/\/catedralskicenter.com\/\",\"name\":\"Catedral Ski Center\",\"description\":\"\",\"potentialAction\":[{\"@type\":\"SearchAction\",\"target\":{\"@type\":\"EntryPoint\",\"urlTemplate\":\"https:\/\/catedralskicenter.com\/?s={search_term_string}\"},\"query-input\":{\"@type\":\"PropertyValueSpecification\",\"valueRequired\":true,\"valueName\":\"search_term_string\"}}],\"inLanguage\":\"en-US\"}]}<\/script>\n<meta property=\"product:price:amount\" content=\"59500.00\" \/>\n<meta property=\"product:price:currency\" content=\"ARS\" \/>\n<meta property=\"og:availability\" content=\"instock\" \/>\n<meta property=\"product:availability\" content=\"instock\" \/>\n<meta property=\"product:retailer_item_id\" content=\"ADV2025CETRYVHMNO\" \/>\n<meta property=\"product:condition\" content=\"new\" \/>\n<!-- \/ Yoast SEO Premium plugin. -->","yoast_head_json":{"title":"Cerro Tronador and Ventisquero Negro: total exploration in the heart of Patagonia - Catedral Ski Center","robots":{"index":"index","follow":"follow","max-snippet":"max-snippet:-1","max-image-preview":"max-image-preview:large","max-video-preview":"max-video-preview:-1"},"canonical":"https:\/\/catedralskicenter.com\/en\/product\/cerro-tronador-and-ventisquero-negro\/","og_locale":"en_US","og_type":"article","og_title":"Cerro Tronador y Ventisquero Negro: exploraci\u00f3n total en el coraz\u00f3n de la Patagonia","og_description":"Viv\u00ed una experiencia \u00fanica explorando el Parque Nacional Nahuel Huapi, admirando la imponente presencia del Cerro Tronador y el sorprendente Glaciar Ventisquero Negro. Naturaleza, emoci\u00f3n y bienestar en una combinaci\u00f3n ideal.","og_url":"https:\/\/catedralskicenter.com\/en\/product\/cerro-tronador-and-ventisquero-negro\/","og_site_name":"Catedral Ski Center","article_modified_time":"2025-06-14T14:46:11+00:00","twitter_card":"summary_large_image","twitter_misc":{"Price":"&#36;59,500.00","Availability":"In stock"},"schema":{"@context":"https:\/\/schema.org","@graph":[{"@type":"WebPage","@id":"https:\/\/catedralskicenter.com\/producto\/cerro-tronador-y-ventisquero-negro\/","url":"https:\/\/catedralskicenter.com\/producto\/cerro-tronador-y-ventisquero-negro\/","name":"Cerro Tronador and Ventisquero Negro: total exploration in the heart of Patagonia - Catedral Ski Center","isPartOf":{"@id":"https:\/\/catedralskicenter.com\/#website"},"datePublished":"2025-06-14T14:46:07+00:00","dateModified":"2025-06-14T14:46:11+00:00","breadcrumb":{"@id":"https:\/\/catedralskicenter.com\/producto\/cerro-tronador-y-ventisquero-negro\/#breadcrumb"},"inLanguage":"en-US","potentialAction":[{"@type":"ReadAction","target":["https:\/\/catedralskicenter.com\/producto\/cerro-tronador-y-ventisquero-negro\/"]}]},{"@type":"BreadcrumbList","@id":"https:\/\/catedralskicenter.com\/producto\/cerro-tronador-y-ventisquero-negro\/#breadcrumb","itemListElement":[{"@type":"ListItem","position":1,"name":"Inicio","item":"https:\/\/catedralskicenter.com\/"},{"@type":"ListItem","position":2,"name":"Tienda","item":"https:\/\/catedralskicenter.com\/tienda\/"},{"@type":"ListItem","position":3,"name":"Cerro Tronador y Ventisquero Negro: exploraci\u00f3n total en el coraz\u00f3n de la Patagonia"}]},{"@type":"WebSite","@id":"https:\/\/catedralskicenter.com\/#website","url":"https:\/\/catedralskicenter.com\/","name":"Catedral Ski Center","description":"","potentialAction":[{"@type":"SearchAction","target":{"@type":"EntryPoint","urlTemplate":"https:\/\/catedralskicenter.com\/?s={search_term_string}"},"query-input":{"@type":"PropertyValueSpecification","valueRequired":true,"valueName":"search_term_string"}}],"inLanguage":"en-US"}]},"product_price_amount":"59500.00","product_price_currency":"ARS","og_availability":"instock","product_availability":"instock","product_retailer_item_id":"ADV2025CETRYVHMNO","product_condition":"new"},"_links":{"self":[{"href":"https:\/\/catedralskicenter.com\/en\/wp-json\/wp\/v2\/product\/29","targetHints":{"allow":["GET"]}}],"collection":[{"href":"https:\/\/catedralskicenter.com\/en\/wp-json\/wp\/v2\/product"}],"about":[{"href":"https:\/\/catedralskicenter.com\/en\/wp-json\/wp\/v2\/types\/product"}],"replies":[{"embeddable":true,"href":"https:\/\/catedralskicenter.com\/en\/wp-json\/wp\/v2\/comments?post=29"}],"wp:attachment":[{"href":"https:\/\/catedralskicenter.com\/en\/wp-json\/wp\/v2\/media?parent=29"}],"wp:term":[{"taxonomy":"product_brand","embeddable":true,"href":"https:\/\/catedralskicenter.com\/en\/wp-json\/wp\/v2\/product_brand?post=29"},{"taxonomy":"product_cat","embeddable":true,"href":"https:\/\/catedralskicenter.com\/en\/wp-json\/wp\/v2\/product_cat?post=29"},{"taxonomy":"product_tag","embeddable":true,"href":"https:\/\/catedralskicenter.com\/en\/wp-json\/wp\/v2\/product_tag?post=29"}],"curies":[{"name":"wp","href":"https:\/\/api.w.org\/{rel}","templated":true}]}}