{"id":30,"date":"2025-06-14T11:46:33","date_gmt":"2025-06-14T14:46:33","guid":{"rendered":"https:\/\/catedralskicenter.com\/producto\/san-martin-de-los-andes-por-ruta-de-los-7-lagos\/"},"modified":"2025-06-14T11:46:36","modified_gmt":"2025-06-14T14:46:36","slug":"san-martin-de-los-andes-por-7-lagos","status":"publish","type":"product","link":"https:\/\/catedralskicenter.com\/en\/product\/san-martin-de-los-andes-by-7-lakes\/","title":{"rendered":"San Mart\u00edn de los Andes along the 7 Lakes Route"},"content":{"rendered":"<h2>Get to know the fascinating road to San Mart\u00edn de los Andes<\/h2>\n<p>Experience an unforgettable journey departing from Bariloche and heading towards the charming San Mart\u00edn de los Andes. Along the <strong>National Route 40<\/strong>, you will be surprised by dreamlike panoramas, passing through the attractive <strong>Dina Huapi<\/strong>, across the river <strong>Limay<\/strong> and entering into the majesty of the <strong>Nahuel Huapi National Park<\/strong>.<\/p>\n<h3>A natural environment that excites<\/h3>\n<p>On the tour, you will be captivated by the unique postcard views of the <strong>lakes Espejo, Correntoso, Escondido, Villarino, Falkner, Mach\u00f3nico<\/strong> and the dazzling <strong>Lake L\u00e1car<\/strong>, epicenter of the <strong>Lan\u00edn National Park<\/strong>. Each stop is an opportunity to connect with nature and treasure unique experiences.<\/p>\n<h3>The heart of San Mart\u00edn de los Andes<\/h3>\n<p>When you arrive in San Martin de los Andes, a fairytale city awaits you, embraced by imposing mountains and pure water lakes. Walk through its charming streets, visit the artisan fairs or relax in a coffee shop with a cup of coffee. <strong>incredible view<\/strong> of Lake L\u00e1car.<\/p>\n<h3>Tour information<\/h3>\n<ul>\n<li><strong>Route:<\/strong> Guided overland tour visiting Villa La Angostura and the iconic 7 Lakes Route.<\/li>\n<li><strong>Schedule:<\/strong> From 8:00 a.m. to 6:30 p.m., approximately.<\/li>\n<li><strong>Includes:<\/strong> Transportation and guide in Spanish (bilingual guide available at extra charge).<\/li>\n<li><strong>Does not include:<\/strong> Meals (there are stops at inns along the way).<\/li>\n<\/ul>\n<p>Do not miss this unrepeatable chance to know Patagonia in all its splendor.<\/p>\n<h2>Frequently Asked Questions<\/h2>\n<ul>\n<li><strong>What happens if it rains or snows during the outing?<\/strong><br \/>\nThe excursion is also possible because rain and snowfall are a normal part of the Patagonian climate.<\/li>\n<li><strong>Is lake navigation included?<\/strong><br \/>\nNo, the proposal is completely overland by minibus, with stops to take pictures and to tour both San Mart\u00edn de los Andes and Villa La Angostura.<\/li>\n<li><strong>Are there any stops along the way?<\/strong><br \/>\nYes, there are intermediate stops and one in San Martin de los Andes so you can have lunch and walk around the city.<\/li>\n<li><strong>Can the trip be terminated at another location?<\/strong><br \/>\nYes, you may choose to finish the tour in Villa La Angostura or in San Mart\u00edn de los Andes and take your luggage with you.<\/li>\n<li><strong>Is there a possibility of returning the next day?<\/strong><br \/>\nThe excursion is a full day tour and returns during the day. If you intend to stay, you will have to organize and pay for your return trip separately.<\/li>\n<\/ul>","protected":false},"excerpt":{"rendered":"<h2>We invite you to a unique experience<\/h2>\n<p>Let the environment dazzle you as you walk through the <strong>route of the 7 lakes<\/strong> heading to San Martin de los Andes. Discover amazing views and get to know a captivating city framed by natural scenery, book your place and enjoy this unique adventure!<\/p>","protected":false},"featured_media":0,"comment_status":"open","ping_status":"closed","template":"","meta":[],"product_brand":[],"product_cat":[15],"product_tag":[],"class_list":{"0":"post-30","1":"product","2":"type-product","3":"status-publish","5":"product_cat-sin-categorizar","7":"first","8":"instock","9":"sold-individually","10":"purchasable","11":"product-type-booking"},"booking_location":"","booking_location_type":"","booking_duration":1,"booking_duration_unit":"hour","booking_buffer":0,"booking_cost":0,"booking_resources":[],"exclude_global_add_ons":[],"addons":[],"yoast_head":"<!-- This site is optimized with the Yoast SEO Premium plugin v25.2 (Yoast SEO v25.2) - https:\/\/yoast.com\/wordpress\/plugins\/seo\/ -->\n<title>San Mart\u00edn de los Andes por Ruta de los 7 Lagos - Catedral Ski Center<\/title>\n<meta name=\"robots\" content=\"index, follow, max-snippet:-1, max-image-preview:large, max-video-preview:-1\" \/>\n<link rel=\"canonical\" href=\"https:\/\/catedralskicenter.com\/en\/product\/san-martin-de-los-andes-by-7-lakes\/\" \/>\n<meta property=\"og:locale\" content=\"en_US\" \/>\n<meta property=\"og:type\" content=\"article\" \/>\n<meta property=\"og:title\" content=\"San Mart\u00edn de los Andes por Ruta de los 7 Lagos\" \/>\n<meta property=\"og:description\" content=\"Te invitamos a una experiencia \u00fanica Dej\u00e1 que el entorno te deslumbre mientras transit\u00e1s la ruta de los 7 lagos rumbo a San Mart\u00edn de los Andes. Descubr\u00ed vistas asombrosas y conoc\u00e9 una ciudad cautivante enmarcada por escenarios naturales. \u00a1Reserv\u00e1 tu lugar y disfrut\u00e1 de esta aventura irrepetible!\" \/>\n<meta property=\"og:url\" content=\"https:\/\/catedralskicenter.com\/en\/product\/san-martin-de-los-andes-by-7-lakes\/\" \/>\n<meta property=\"og:site_name\" content=\"Catedral Ski Center\" \/>\n<meta property=\"article:modified_time\" content=\"2025-06-14T14:46:36+00:00\" \/>\n<meta name=\"twitter:card\" content=\"summary_large_image\" \/>\n<meta name=\"twitter:label1\" content=\"Price\" \/>\n\t<meta name=\"twitter:data1\" content=\"&#036;70,500.00\" \/>\n\t<meta name=\"twitter:label2\" content=\"Availability\" \/>\n\t<meta name=\"twitter:data2\" content=\"In stock\" \/>\n<script type=\"application\/ld+json\" class=\"yoast-schema-graph\">{\"@context\":\"https:\/\/schema.org\",\"@graph\":[{\"@type\":\"WebPage\",\"@id\":\"https:\/\/catedralskicenter.com\/producto\/san-martin-de-los-andes-por-7-lagos\/\",\"url\":\"https:\/\/catedralskicenter.com\/producto\/san-martin-de-los-andes-por-7-lagos\/\",\"name\":\"San Mart\u00edn de los Andes por Ruta de los 7 Lagos - Catedral Ski Center\",\"isPartOf\":{\"@id\":\"https:\/\/catedralskicenter.com\/#website\"},\"datePublished\":\"2025-06-14T14:46:33+00:00\",\"dateModified\":\"2025-06-14T14:46:36+00:00\",\"breadcrumb\":{\"@id\":\"https:\/\/catedralskicenter.com\/producto\/san-martin-de-los-andes-por-7-lagos\/#breadcrumb\"},\"inLanguage\":\"en-US\",\"potentialAction\":[{\"@type\":\"ReadAction\",\"target\":[\"https:\/\/catedralskicenter.com\/producto\/san-martin-de-los-andes-por-7-lagos\/\"]}]},{\"@type\":\"BreadcrumbList\",\"@id\":\"https:\/\/catedralskicenter.com\/producto\/san-martin-de-los-andes-por-7-lagos\/#breadcrumb\",\"itemListElement\":[{\"@type\":\"ListItem\",\"position\":1,\"name\":\"Inicio\",\"item\":\"https:\/\/catedralskicenter.com\/\"},{\"@type\":\"ListItem\",\"position\":2,\"name\":\"Tienda\",\"item\":\"https:\/\/catedralskicenter.com\/tienda\/\"},{\"@type\":\"ListItem\",\"position\":3,\"name\":\"San Mart\u00edn de los Andes por Ruta de los 7 Lagos\"}]},{\"@type\":\"WebSite\",\"@id\":\"https:\/\/catedralskicenter.com\/#website\",\"url\":\"https:\/\/catedralskicenter.com\/\",\"name\":\"Catedral Ski Center\",\"description\":\"\",\"potentialAction\":[{\"@type\":\"SearchAction\",\"target\":{\"@type\":\"EntryPoint\",\"urlTemplate\":\"https:\/\/catedralskicenter.com\/?s={search_term_string}\"},\"query-input\":{\"@type\":\"PropertyValueSpecification\",\"valueRequired\":true,\"valueName\":\"search_term_string\"}}],\"inLanguage\":\"en-US\"}]}<\/script>\n<meta property=\"product:price:amount\" content=\"70500.00\" \/>\n<meta property=\"product:price:currency\" content=\"ARS\" \/>\n<meta property=\"og:availability\" content=\"instock\" \/>\n<meta property=\"product:availability\" content=\"instock\" \/>\n<meta property=\"product:retailer_item_id\" content=\"ADV2025SAMADEQ219\" \/>\n<meta property=\"product:condition\" content=\"new\" \/>\n<!-- \/ Yoast SEO Premium plugin. -->","yoast_head_json":{"title":"San Mart\u00edn de los Andes along the 7 Lakes Route - Catedral Ski Center","robots":{"index":"index","follow":"follow","max-snippet":"max-snippet:-1","max-image-preview":"max-image-preview:large","max-video-preview":"max-video-preview:-1"},"canonical":"https:\/\/catedralskicenter.com\/en\/product\/san-martin-de-los-andes-by-7-lakes\/","og_locale":"en_US","og_type":"article","og_title":"San Mart\u00edn de los Andes por Ruta de los 7 Lagos","og_description":"Te invitamos a una experiencia \u00fanica Dej\u00e1 que el entorno te deslumbre mientras transit\u00e1s la ruta de los 7 lagos rumbo a San Mart\u00edn de los Andes. Descubr\u00ed vistas asombrosas y conoc\u00e9 una ciudad cautivante enmarcada por escenarios naturales. \u00a1Reserv\u00e1 tu lugar y disfrut\u00e1 de esta aventura irrepetible!","og_url":"https:\/\/catedralskicenter.com\/en\/product\/san-martin-de-los-andes-by-7-lakes\/","og_site_name":"Catedral Ski Center","article_modified_time":"2025-06-14T14:46:36+00:00","twitter_card":"summary_large_image","twitter_misc":{"Price":"&#36;70,500.00","Availability":"In stock"},"schema":{"@context":"https:\/\/schema.org","@graph":[{"@type":"WebPage","@id":"https:\/\/catedralskicenter.com\/producto\/san-martin-de-los-andes-por-7-lagos\/","url":"https:\/\/catedralskicenter.com\/producto\/san-martin-de-los-andes-por-7-lagos\/","name":"San Mart\u00edn de los Andes along the 7 Lakes Route - Catedral Ski Center","isPartOf":{"@id":"https:\/\/catedralskicenter.com\/#website"},"datePublished":"2025-06-14T14:46:33+00:00","dateModified":"2025-06-14T14:46:36+00:00","breadcrumb":{"@id":"https:\/\/catedralskicenter.com\/producto\/san-martin-de-los-andes-por-7-lagos\/#breadcrumb"},"inLanguage":"en-US","potentialAction":[{"@type":"ReadAction","target":["https:\/\/catedralskicenter.com\/producto\/san-martin-de-los-andes-por-7-lagos\/"]}]},{"@type":"BreadcrumbList","@id":"https:\/\/catedralskicenter.com\/producto\/san-martin-de-los-andes-por-7-lagos\/#breadcrumb","itemListElement":[{"@type":"ListItem","position":1,"name":"Inicio","item":"https:\/\/catedralskicenter.com\/"},{"@type":"ListItem","position":2,"name":"Tienda","item":"https:\/\/catedralskicenter.com\/tienda\/"},{"@type":"ListItem","position":3,"name":"San Mart\u00edn de los Andes por Ruta de los 7 Lagos"}]},{"@type":"WebSite","@id":"https:\/\/catedralskicenter.com\/#website","url":"https:\/\/catedralskicenter.com\/","name":"Catedral Ski Center","description":"","potentialAction":[{"@type":"SearchAction","target":{"@type":"EntryPoint","urlTemplate":"https:\/\/catedralskicenter.com\/?s={search_term_string}"},"query-input":{"@type":"PropertyValueSpecification","valueRequired":true,"valueName":"search_term_string"}}],"inLanguage":"en-US"}]},"product_price_amount":"70500.00","product_price_currency":"ARS","og_availability":"instock","product_availability":"instock","product_retailer_item_id":"ADV2025SAMADEQ219","product_condition":"new"},"_links":{"self":[{"href":"https:\/\/catedralskicenter.com\/en\/wp-json\/wp\/v2\/product\/30","targetHints":{"allow":["GET"]}}],"collection":[{"href":"https:\/\/catedralskicenter.com\/en\/wp-json\/wp\/v2\/product"}],"about":[{"href":"https:\/\/catedralskicenter.com\/en\/wp-json\/wp\/v2\/types\/product"}],"replies":[{"embeddable":true,"href":"https:\/\/catedralskicenter.com\/en\/wp-json\/wp\/v2\/comments?post=30"}],"wp:attachment":[{"href":"https:\/\/catedralskicenter.com\/en\/wp-json\/wp\/v2\/media?parent=30"}],"wp:term":[{"taxonomy":"product_brand","embeddable":true,"href":"https:\/\/catedralskicenter.com\/en\/wp-json\/wp\/v2\/product_brand?post=30"},{"taxonomy":"product_cat","embeddable":true,"href":"https:\/\/catedralskicenter.com\/en\/wp-json\/wp\/v2\/product_cat?post=30"},{"taxonomy":"product_tag","embeddable":true,"href":"https:\/\/catedralskicenter.com\/en\/wp-json\/wp\/v2\/product_tag?post=30"}],"curies":[{"name":"wp","href":"https:\/\/api.w.org\/{rel}","templated":true}]}}