{"id":31,"date":"2025-06-14T11:47:07","date_gmt":"2025-06-14T14:47:07","guid":{"rendered":"https:\/\/catedralskicenter.com\/producto\/circuito-chico-y-cerro-campanario-explora-bariloche-como-nunca-antes\/"},"modified":"2025-06-14T11:47:11","modified_gmt":"2025-06-14T14:47:11","slug":"circuito-chico-cerro-campanario","status":"publish","type":"product","link":"https:\/\/catedralskicenter.com\/en\/product\/cerro-campanario-small-circuit\/","title":{"rendered":"Circuito Chico and Cerro Campanario: explore Bariloche like never before"},"content":{"rendered":"<h3 data-start=\"417\" data-end=\"500\"><strong data-start=\"421\" data-end=\"500\">Stunning scenery, unmissable routes and postcards that will thrill you<\/strong><\/h3>\n<p data-start=\"502\" data-end=\"756\">Experience in just a few hours the most characteristic points of Bariloche with an itinerary designed for those who seek to mix landscapes, culture and moments that remain in the memory. The <strong data-start=\"677\" data-end=\"695\">Small Circuit<\/strong> is the perfect proposal to start your experience in the city.<\/p>\n<p data-start=\"758\" data-end=\"1088\">The adventure starts at the meeting points located from downtown to km 8 of Bustillo Av. or Pioneros Av. Throughout the tour, you will go around the <strong data-start=\"910\" data-end=\"931\">Nahuel Huapi Lake<\/strong>, surprise you with the majesty of the <strong data-start=\"957\" data-end=\"976\">Hotel Llao Llao<\/strong>, the beauty of the <strong data-start=\"993\" data-end=\"1016\">St. Edward's Chapel<\/strong> and the <strong data-start=\"1022\" data-end=\"1040\">Puerto Pa\u00f1uelo<\/strong>, The river is a classic starting point for water expeditions.<\/p>\n<p data-start=\"1090\" data-end=\"1241\">The tour also includes sites such as <strong data-start=\"1125\" data-end=\"1140\">Villa Tacul<\/strong>, the <strong data-start=\"1145\" data-end=\"1163\">Hidden Lake<\/strong> and the <strong data-start=\"1169\" data-end=\"1184\">Cerro Lopez<\/strong>, where you will stop to take the best pictures and immerse yourself in the local nature.<\/p>\n<p data-start=\"1243\" data-end=\"1484\">The closing of the day awaits you at the <strong data-start=\"1272\" data-end=\"1292\">Cerro Campanario<\/strong>, The viewpoint is considered one of the most impressive on the planet. From the top, the panoramic views of lakes, mountains and forests will leave you amazed.<\/p>\n<p data-start=\"1486\" data-end=\"1665\">The tour takes place from 8:30 am to 12:30 pm or from 3:00 pm to 7:00 pm. It includes transfers and an expert guide in Spanish (bilingual guide available). Not included are the chairlift pass and food.<\/p>\n<h3 data-start=\"1672\" data-end=\"1700\"><strong data-start=\"1676\" data-end=\"1700\">Frequently asked questions<\/strong><\/h3>\n<p data-start=\"1702\" data-end=\"1844\"><strong data-start=\"1702\" data-end=\"1746\">Is it possible to join this walk with another one?<\/strong><br data-start=\"1746\" data-end=\"1749\" \/>Of course, it is ideal to add a getaway to the <strong data-start=\"1787\" data-end=\"1805\">Cerro Catedral<\/strong> or to the <strong data-start=\"1813\" data-end=\"1830\">Victoria Island<\/strong> in the afternoon and make the most of the day.<\/p>\n<p data-start=\"1846\" data-end=\"1951\"><strong data-start=\"1846\" data-end=\"1878\">Does it include the chairlift?<\/strong><br data-start=\"1878\" data-end=\"1881\" \/>No, access to Cerro Campanario is voluntary and you pay directly at the place if you want to enjoy it.<\/p>\n<p data-start=\"1953\" data-end=\"2056\"><strong data-start=\"1953\" data-end=\"1986\">Is it possible to enter the Llao Llao Llao Hotel?<\/strong><br data-start=\"1986\" data-end=\"1989\" \/>No. The stop only contemplates the surroundings and the exterior view of this emblematic Patagonian hotel.<\/p>\n<p data-start=\"2058\" data-end=\"2192\"><strong data-start=\"2058\" data-end=\"2082\">Does it require physical effort?<\/strong><br data-start=\"2082\" data-end=\"2085\" \/>No physical condition is required. It is suitable for all ages and highly recommended for those who are visiting Bariloche for the first time.<\/p>","protected":false},"excerpt":{"rendered":"<p>Experience Bariloche by touring the Circuito Chico and reaching the top of Cerro Campanario. Stroll along the picturesque Bustillo Avenue, contemplate the emblematic Llao Llao Llao Hotel and ascend the Cerro Campanario to enjoy an unbeatable panoramic view. An experience that combines unique landscapes, comfort and an incomparable adventure.<\/p>","protected":false},"featured_media":0,"comment_status":"open","ping_status":"closed","template":"","meta":[],"product_brand":[],"product_cat":[15],"product_tag":[],"class_list":{"0":"post-31","1":"product","2":"type-product","3":"status-publish","5":"product_cat-sin-categorizar","7":"first","8":"instock","9":"sold-individually","10":"purchasable","11":"product-type-booking"},"booking_location":"","booking_location_type":"","booking_duration":1,"booking_duration_unit":"hour","booking_buffer":0,"booking_cost":0,"booking_resources":[],"exclude_global_add_ons":[],"addons":[],"yoast_head":"<!-- This site is optimized with the Yoast SEO Premium plugin v25.2 (Yoast SEO v25.2) - https:\/\/yoast.com\/wordpress\/plugins\/seo\/ -->\n<title>Circuito Chico y Cerro Campanario: explor\u00e1 Bariloche como nunca antes - Catedral Ski Center<\/title>\n<meta name=\"robots\" content=\"index, follow, max-snippet:-1, max-image-preview:large, max-video-preview:-1\" \/>\n<link rel=\"canonical\" href=\"https:\/\/catedralskicenter.com\/en\/product\/cerro-campanario-small-circuit\/\" \/>\n<meta property=\"og:locale\" content=\"en_US\" \/>\n<meta property=\"og:type\" content=\"article\" \/>\n<meta property=\"og:title\" content=\"Circuito Chico y Cerro Campanario: explor\u00e1 Bariloche como nunca antes\" \/>\n<meta property=\"og:description\" content=\"Viva Bariloche recorriendo el Circuito Chico y accediendo a la cima del Cerro Campanario. Pasee por la pintoresca Avenida Bustillo, contemple el emblem\u00e1tico Hotel Llao Llao y ascienda al Cerro Campanario para disfrutar de una panor\u00e1mica inmejorable. Una experiencia que combina paisajes \u00fanicos, comodidad y una aventura incomparable.\" \/>\n<meta property=\"og:url\" content=\"https:\/\/catedralskicenter.com\/en\/product\/cerro-campanario-small-circuit\/\" \/>\n<meta property=\"og:site_name\" content=\"Catedral Ski Center\" \/>\n<meta property=\"article:modified_time\" content=\"2025-06-14T14:47:11+00:00\" \/>\n<meta name=\"twitter:card\" content=\"summary_large_image\" \/>\n<meta name=\"twitter:label1\" content=\"Price\" \/>\n\t<meta name=\"twitter:data1\" content=\"&#036;26,000.00\" \/>\n\t<meta name=\"twitter:label2\" content=\"Availability\" \/>\n\t<meta name=\"twitter:data2\" content=\"In stock\" \/>\n<script type=\"application\/ld+json\" class=\"yoast-schema-graph\">{\"@context\":\"https:\/\/schema.org\",\"@graph\":[{\"@type\":\"WebPage\",\"@id\":\"https:\/\/catedralskicenter.com\/producto\/circuito-chico-cerro-campanario\/\",\"url\":\"https:\/\/catedralskicenter.com\/producto\/circuito-chico-cerro-campanario\/\",\"name\":\"Circuito Chico y Cerro Campanario: explor\u00e1 Bariloche como nunca antes - Catedral Ski Center\",\"isPartOf\":{\"@id\":\"https:\/\/catedralskicenter.com\/#website\"},\"datePublished\":\"2025-06-14T14:47:07+00:00\",\"dateModified\":\"2025-06-14T14:47:11+00:00\",\"breadcrumb\":{\"@id\":\"https:\/\/catedralskicenter.com\/producto\/circuito-chico-cerro-campanario\/#breadcrumb\"},\"inLanguage\":\"en-US\",\"potentialAction\":[{\"@type\":\"ReadAction\",\"target\":[\"https:\/\/catedralskicenter.com\/producto\/circuito-chico-cerro-campanario\/\"]}]},{\"@type\":\"BreadcrumbList\",\"@id\":\"https:\/\/catedralskicenter.com\/producto\/circuito-chico-cerro-campanario\/#breadcrumb\",\"itemListElement\":[{\"@type\":\"ListItem\",\"position\":1,\"name\":\"Inicio\",\"item\":\"https:\/\/catedralskicenter.com\/\"},{\"@type\":\"ListItem\",\"position\":2,\"name\":\"Tienda\",\"item\":\"https:\/\/catedralskicenter.com\/tienda\/\"},{\"@type\":\"ListItem\",\"position\":3,\"name\":\"Circuito Chico y Cerro Campanario: explor\u00e1 Bariloche como nunca antes\"}]},{\"@type\":\"WebSite\",\"@id\":\"https:\/\/catedralskicenter.com\/#website\",\"url\":\"https:\/\/catedralskicenter.com\/\",\"name\":\"Catedral Ski Center\",\"description\":\"\",\"potentialAction\":[{\"@type\":\"SearchAction\",\"target\":{\"@type\":\"EntryPoint\",\"urlTemplate\":\"https:\/\/catedralskicenter.com\/?s={search_term_string}\"},\"query-input\":{\"@type\":\"PropertyValueSpecification\",\"valueRequired\":true,\"valueName\":\"search_term_string\"}}],\"inLanguage\":\"en-US\"}]}<\/script>\n<meta property=\"product:price:amount\" content=\"26000.00\" \/>\n<meta property=\"product:price:currency\" content=\"ARS\" \/>\n<meta property=\"og:availability\" content=\"instock\" \/>\n<meta property=\"product:availability\" content=\"instock\" \/>\n<meta property=\"product:retailer_item_id\" content=\"ADV2025CICHYC1KOR\" \/>\n<meta property=\"product:condition\" content=\"new\" \/>\n<!-- \/ Yoast SEO Premium plugin. -->","yoast_head_json":{"title":"Circuito Chico and Cerro Campanario: explore Bariloche like never before - Catedral Ski Center","robots":{"index":"index","follow":"follow","max-snippet":"max-snippet:-1","max-image-preview":"max-image-preview:large","max-video-preview":"max-video-preview:-1"},"canonical":"https:\/\/catedralskicenter.com\/en\/product\/cerro-campanario-small-circuit\/","og_locale":"en_US","og_type":"article","og_title":"Circuito Chico y Cerro Campanario: explor\u00e1 Bariloche como nunca antes","og_description":"Viva Bariloche recorriendo el Circuito Chico y accediendo a la cima del Cerro Campanario. Pasee por la pintoresca Avenida Bustillo, contemple el emblem\u00e1tico Hotel Llao Llao y ascienda al Cerro Campanario para disfrutar de una panor\u00e1mica inmejorable. Una experiencia que combina paisajes \u00fanicos, comodidad y una aventura incomparable.","og_url":"https:\/\/catedralskicenter.com\/en\/product\/cerro-campanario-small-circuit\/","og_site_name":"Catedral Ski Center","article_modified_time":"2025-06-14T14:47:11+00:00","twitter_card":"summary_large_image","twitter_misc":{"Price":"&#36;26,000.00","Availability":"In stock"},"schema":{"@context":"https:\/\/schema.org","@graph":[{"@type":"WebPage","@id":"https:\/\/catedralskicenter.com\/producto\/circuito-chico-cerro-campanario\/","url":"https:\/\/catedralskicenter.com\/producto\/circuito-chico-cerro-campanario\/","name":"Circuito Chico and Cerro Campanario: explore Bariloche like never before - Catedral Ski Center","isPartOf":{"@id":"https:\/\/catedralskicenter.com\/#website"},"datePublished":"2025-06-14T14:47:07+00:00","dateModified":"2025-06-14T14:47:11+00:00","breadcrumb":{"@id":"https:\/\/catedralskicenter.com\/producto\/circuito-chico-cerro-campanario\/#breadcrumb"},"inLanguage":"en-US","potentialAction":[{"@type":"ReadAction","target":["https:\/\/catedralskicenter.com\/producto\/circuito-chico-cerro-campanario\/"]}]},{"@type":"BreadcrumbList","@id":"https:\/\/catedralskicenter.com\/producto\/circuito-chico-cerro-campanario\/#breadcrumb","itemListElement":[{"@type":"ListItem","position":1,"name":"Inicio","item":"https:\/\/catedralskicenter.com\/"},{"@type":"ListItem","position":2,"name":"Tienda","item":"https:\/\/catedralskicenter.com\/tienda\/"},{"@type":"ListItem","position":3,"name":"Circuito Chico y Cerro Campanario: explor\u00e1 Bariloche como nunca antes"}]},{"@type":"WebSite","@id":"https:\/\/catedralskicenter.com\/#website","url":"https:\/\/catedralskicenter.com\/","name":"Catedral Ski Center","description":"","potentialAction":[{"@type":"SearchAction","target":{"@type":"EntryPoint","urlTemplate":"https:\/\/catedralskicenter.com\/?s={search_term_string}"},"query-input":{"@type":"PropertyValueSpecification","valueRequired":true,"valueName":"search_term_string"}}],"inLanguage":"en-US"}]},"product_price_amount":"26000.00","product_price_currency":"ARS","og_availability":"instock","product_availability":"instock","product_retailer_item_id":"ADV2025CICHYC1KOR","product_condition":"new"},"_links":{"self":[{"href":"https:\/\/catedralskicenter.com\/en\/wp-json\/wp\/v2\/product\/31","targetHints":{"allow":["GET"]}}],"collection":[{"href":"https:\/\/catedralskicenter.com\/en\/wp-json\/wp\/v2\/product"}],"about":[{"href":"https:\/\/catedralskicenter.com\/en\/wp-json\/wp\/v2\/types\/product"}],"replies":[{"embeddable":true,"href":"https:\/\/catedralskicenter.com\/en\/wp-json\/wp\/v2\/comments?post=31"}],"wp:attachment":[{"href":"https:\/\/catedralskicenter.com\/en\/wp-json\/wp\/v2\/media?parent=31"}],"wp:term":[{"taxonomy":"product_brand","embeddable":true,"href":"https:\/\/catedralskicenter.com\/en\/wp-json\/wp\/v2\/product_brand?post=31"},{"taxonomy":"product_cat","embeddable":true,"href":"https:\/\/catedralskicenter.com\/en\/wp-json\/wp\/v2\/product_cat?post=31"},{"taxonomy":"product_tag","embeddable":true,"href":"https:\/\/catedralskicenter.com\/en\/wp-json\/wp\/v2\/product_tag?post=31"}],"curies":[{"name":"wp","href":"https:\/\/api.w.org\/{rel}","templated":true}]}}