{"id":40,"date":"2025-06-14T11:51:28","date_gmt":"2025-06-14T14:51:28","guid":{"rendered":"https:\/\/catedralskicenter.com\/producto\/paquete-promocional-de-3-dias-de-excursion\/"},"modified":"2025-06-21T12:31:26","modified_gmt":"2025-06-21T15:31:26","slug":"paquete-promocional-de-3-dias-de-excursion","status":"publish","type":"product","link":"https:\/\/catedralskicenter.com\/en\/product\/promotional-3-day-tour-package\/","title":{"rendered":"Promotional 3-day excursion package"},"content":{"rendered":"<h2>I lived three incredible days exploring unique corners of Patagonia.<\/h2>\n<p>Join us for a <strong>unique experience<\/strong> with our exclusive <strong>three-day excursion combo<\/strong>. Designed in detail, this itinerary invites you to let yourself be amazed by the most beautiful landscapes. <strong>of Argentina's Patagonia<\/strong>, The adrenaline of the adventure with the comfort you deserve.<\/p>\n<h3>What does this combo include?<\/h3>\n<ul>\n<li><strong>A tour designed for you:<\/strong><\/li>\n<li>I discovered <strong>San Martin de los Andes<\/strong> and the catching <strong>Route of the 7 Lakes<\/strong> from early at 08:00 hs.<\/li>\n<li>I lived the immensity of the <strong>Cerro Tronador<\/strong> and its imposing <strong>Ventisquero Negro Glacier<\/strong> departing at 09:00 hs.<\/li>\n<li>Enjoy the <strong>Small Circuit<\/strong> with dreamed viewpoints, starting at 08:30 am.<\/li>\n<\/ul>\n<p>You will be able to adjust your schedule as you wish: this tour provides you with <strong>full flexibility<\/strong> to savor every moment your way.<\/p>\n<h3>Details of the voyage<\/h3>\n<ul>\n<li><strong>Route:<\/strong> It includes San Mart\u00edn de los Andes, Circuito Chico and Cerro Tronador.<\/li>\n<li><strong>Schedules:<\/strong> Consult our timetable options for each activity.<\/li>\n<\/ul>\n<h3>Services included<\/h3>\n<ul>\n<li><strong>Ground transfers:<\/strong> Travel in super comfortable and safe vehicles.<\/li>\n<li><strong>Specialized guide:<\/strong> Personalized attention in Spanish, and bilingual option by opening the corresponding plus.<\/li>\n<\/ul>\n<p><strong>Clarification:<\/strong> Meals are not included. However, you will be able to enjoy <strong>regional flavors<\/strong> at different points along the route.<\/p>\n<h3>Start your adventure now!<\/h3>\n<p>This <strong>exclusive combo<\/strong> only takes place during the spring-summer season, take advantage of the opportunity and discover a different Patagonia!<\/p>\n<h3>Frequently Asked Questions<\/h3>\n<ul>\n<li><strong>Can the tour activities be changed?<\/strong><br \/>\nOf course, you are free to rearrange the sequence according to what motivates you the most.<\/li>\n<li><strong>Are there vegetarian or vegan alternatives?<\/strong><br \/>\nIn the gastronomic inns we visit, there are usually dishes for all tastes.<\/li>\n<li><strong>Is any special clothing required?<\/strong><br \/>\nWe suggest you wear light and comfortable clothes, ideal for walking and enjoying, plus sunscreen to protect you from the sun.<\/li>\n<\/ul>","protected":false},"excerpt":{"rendered":"<p>Live a unique experience in Patagonia with this 3-day excursion package. Marvel at the landscapes of San Martin de los Andes, travel the impressive 7 Lakes Route, explore the imposing Tronador Mountain and discover the famous Circuito Chico. Take advantage of an adaptable itinerary, designed to enjoy a truly exclusive environment.<\/p>","protected":false},"featured_media":0,"comment_status":"open","ping_status":"closed","template":"","meta":[],"product_brand":[],"product_cat":[15],"product_tag":[],"class_list":{"0":"post-40","1":"product","2":"type-product","3":"status-publish","5":"product_cat-sin-categorizar","7":"first","8":"instock","9":"sold-individually","10":"purchasable","11":"product-type-booking"},"booking_location":"","booking_location_type":"","booking_duration":1,"booking_duration_unit":"hour","booking_buffer":0,"booking_cost":0,"booking_resources":[],"exclude_global_add_ons":[],"addons":[],"yoast_head":"<!-- This site is optimized with the Yoast SEO Premium plugin v25.2 (Yoast SEO v25.2) - https:\/\/yoast.com\/wordpress\/plugins\/seo\/ -->\n<title>Paquete promocional de 3 d\u00edas de excursi\u00f3n - Catedral Ski Center<\/title>\n<meta name=\"robots\" content=\"index, follow, max-snippet:-1, max-image-preview:large, max-video-preview:-1\" \/>\n<link rel=\"canonical\" href=\"https:\/\/catedralskicenter.com\/en\/product\/promotional-3-day-tour-package\/\" \/>\n<meta property=\"og:locale\" content=\"en_US\" \/>\n<meta property=\"og:type\" content=\"article\" \/>\n<meta property=\"og:title\" content=\"Paquete promocional de 3 d\u00edas de excursi\u00f3n\" \/>\n<meta property=\"og:description\" content=\"Viv\u00ed una experiencia \u00fanica en la Patagonia con este paquete de excursiones de 3 d\u00edas. Maravillate con los paisajes de San Mart\u00edn de los Andes, recorr\u00e9 la impresionante Ruta de los 7 Lagos, explor\u00e1 el imponente Cerro Tronador y descubr\u00ed el famoso Circuito Chico. Aprovech\u00e1 un itinerario adaptable, pensado para disfrutar de un entorno realmente exclusivo.\" \/>\n<meta property=\"og:url\" content=\"https:\/\/catedralskicenter.com\/en\/product\/promotional-3-day-tour-package\/\" \/>\n<meta property=\"og:site_name\" content=\"Catedral Ski Center\" \/>\n<meta property=\"article:modified_time\" content=\"2025-06-21T15:31:26+00:00\" \/>\n<meta name=\"twitter:card\" content=\"summary_large_image\" \/>\n<meta name=\"twitter:label1\" content=\"Price\" \/>\n\t<meta name=\"twitter:data1\" content=\"&#036;156,000.00\" \/>\n\t<meta name=\"twitter:label2\" content=\"Availability\" \/>\n\t<meta name=\"twitter:data2\" content=\"In stock\" \/>\n<script type=\"application\/ld+json\" class=\"yoast-schema-graph\">{\"@context\":\"https:\/\/schema.org\",\"@graph\":[{\"@type\":\"WebPage\",\"@id\":\"https:\/\/catedralskicenter.com\/producto\/paquete-promocional-de-3-dias-de-excursion\/\",\"url\":\"https:\/\/catedralskicenter.com\/producto\/paquete-promocional-de-3-dias-de-excursion\/\",\"name\":\"Paquete promocional de 3 d\u00edas de excursi\u00f3n - Catedral Ski Center\",\"isPartOf\":{\"@id\":\"https:\/\/catedralskicenter.com\/#website\"},\"datePublished\":\"2025-06-14T14:51:28+00:00\",\"dateModified\":\"2025-06-21T15:31:26+00:00\",\"breadcrumb\":{\"@id\":\"https:\/\/catedralskicenter.com\/producto\/paquete-promocional-de-3-dias-de-excursion\/#breadcrumb\"},\"inLanguage\":\"en-US\",\"potentialAction\":[{\"@type\":\"ReadAction\",\"target\":[\"https:\/\/catedralskicenter.com\/producto\/paquete-promocional-de-3-dias-de-excursion\/\"]}]},{\"@type\":\"BreadcrumbList\",\"@id\":\"https:\/\/catedralskicenter.com\/producto\/paquete-promocional-de-3-dias-de-excursion\/#breadcrumb\",\"itemListElement\":[{\"@type\":\"ListItem\",\"position\":1,\"name\":\"Inicio\",\"item\":\"https:\/\/catedralskicenter.com\/\"},{\"@type\":\"ListItem\",\"position\":2,\"name\":\"Tienda\",\"item\":\"https:\/\/catedralskicenter.com\/tienda\/\"},{\"@type\":\"ListItem\",\"position\":3,\"name\":\"Paquete promocional de 3 d\u00edas de excursi\u00f3n\"}]},{\"@type\":\"WebSite\",\"@id\":\"https:\/\/catedralskicenter.com\/#website\",\"url\":\"https:\/\/catedralskicenter.com\/\",\"name\":\"Catedral Ski Center\",\"description\":\"\",\"potentialAction\":[{\"@type\":\"SearchAction\",\"target\":{\"@type\":\"EntryPoint\",\"urlTemplate\":\"https:\/\/catedralskicenter.com\/?s={search_term_string}\"},\"query-input\":{\"@type\":\"PropertyValueSpecification\",\"valueRequired\":true,\"valueName\":\"search_term_string\"}}],\"inLanguage\":\"en-US\"}]}<\/script>\n<meta property=\"product:price:amount\" content=\"156000.00\" \/>\n<meta property=\"product:price:currency\" content=\"ARS\" \/>\n<meta property=\"og:availability\" content=\"instock\" \/>\n<meta property=\"product:availability\" content=\"instock\" \/>\n<meta property=\"product:retailer_item_id\" content=\"ADV2025PAPRDE20W5\" \/>\n<meta property=\"product:condition\" content=\"new\" \/>\n<!-- \/ Yoast SEO Premium plugin. -->","yoast_head_json":{"title":"Promotional 3-day excursion package - Catedral Ski Center","robots":{"index":"index","follow":"follow","max-snippet":"max-snippet:-1","max-image-preview":"max-image-preview:large","max-video-preview":"max-video-preview:-1"},"canonical":"https:\/\/catedralskicenter.com\/en\/product\/promotional-3-day-tour-package\/","og_locale":"en_US","og_type":"article","og_title":"Paquete promocional de 3 d\u00edas de excursi\u00f3n","og_description":"Viv\u00ed una experiencia \u00fanica en la Patagonia con este paquete de excursiones de 3 d\u00edas. Maravillate con los paisajes de San Mart\u00edn de los Andes, recorr\u00e9 la impresionante Ruta de los 7 Lagos, explor\u00e1 el imponente Cerro Tronador y descubr\u00ed el famoso Circuito Chico. Aprovech\u00e1 un itinerario adaptable, pensado para disfrutar de un entorno realmente exclusivo.","og_url":"https:\/\/catedralskicenter.com\/en\/product\/promotional-3-day-tour-package\/","og_site_name":"Catedral Ski Center","article_modified_time":"2025-06-21T15:31:26+00:00","twitter_card":"summary_large_image","twitter_misc":{"Price":"&#36;156,000.00","Availability":"In stock"},"schema":{"@context":"https:\/\/schema.org","@graph":[{"@type":"WebPage","@id":"https:\/\/catedralskicenter.com\/producto\/paquete-promocional-de-3-dias-de-excursion\/","url":"https:\/\/catedralskicenter.com\/producto\/paquete-promocional-de-3-dias-de-excursion\/","name":"Promotional 3-day excursion package - Catedral Ski Center","isPartOf":{"@id":"https:\/\/catedralskicenter.com\/#website"},"datePublished":"2025-06-14T14:51:28+00:00","dateModified":"2025-06-21T15:31:26+00:00","breadcrumb":{"@id":"https:\/\/catedralskicenter.com\/producto\/paquete-promocional-de-3-dias-de-excursion\/#breadcrumb"},"inLanguage":"en-US","potentialAction":[{"@type":"ReadAction","target":["https:\/\/catedralskicenter.com\/producto\/paquete-promocional-de-3-dias-de-excursion\/"]}]},{"@type":"BreadcrumbList","@id":"https:\/\/catedralskicenter.com\/producto\/paquete-promocional-de-3-dias-de-excursion\/#breadcrumb","itemListElement":[{"@type":"ListItem","position":1,"name":"Inicio","item":"https:\/\/catedralskicenter.com\/"},{"@type":"ListItem","position":2,"name":"Tienda","item":"https:\/\/catedralskicenter.com\/tienda\/"},{"@type":"ListItem","position":3,"name":"Paquete promocional de 3 d\u00edas de excursi\u00f3n"}]},{"@type":"WebSite","@id":"https:\/\/catedralskicenter.com\/#website","url":"https:\/\/catedralskicenter.com\/","name":"Catedral Ski Center","description":"","potentialAction":[{"@type":"SearchAction","target":{"@type":"EntryPoint","urlTemplate":"https:\/\/catedralskicenter.com\/?s={search_term_string}"},"query-input":{"@type":"PropertyValueSpecification","valueRequired":true,"valueName":"search_term_string"}}],"inLanguage":"en-US"}]},"product_price_amount":"156000.00","product_price_currency":"ARS","og_availability":"instock","product_availability":"instock","product_retailer_item_id":"ADV2025PAPRDE20W5","product_condition":"new"},"_links":{"self":[{"href":"https:\/\/catedralskicenter.com\/en\/wp-json\/wp\/v2\/product\/40","targetHints":{"allow":["GET"]}}],"collection":[{"href":"https:\/\/catedralskicenter.com\/en\/wp-json\/wp\/v2\/product"}],"about":[{"href":"https:\/\/catedralskicenter.com\/en\/wp-json\/wp\/v2\/types\/product"}],"replies":[{"embeddable":true,"href":"https:\/\/catedralskicenter.com\/en\/wp-json\/wp\/v2\/comments?post=40"}],"wp:attachment":[{"href":"https:\/\/catedralskicenter.com\/en\/wp-json\/wp\/v2\/media?parent=40"}],"wp:term":[{"taxonomy":"product_brand","embeddable":true,"href":"https:\/\/catedralskicenter.com\/en\/wp-json\/wp\/v2\/product_brand?post=40"},{"taxonomy":"product_cat","embeddable":true,"href":"https:\/\/catedralskicenter.com\/en\/wp-json\/wp\/v2\/product_cat?post=40"},{"taxonomy":"product_tag","embeddable":true,"href":"https:\/\/catedralskicenter.com\/en\/wp-json\/wp\/v2\/product_tag?post=40"}],"curies":[{"name":"wp","href":"https:\/\/api.w.org\/{rel}","templated":true}]}}