{"id":54,"date":"2025-06-14T11:56:29","date_gmt":"2025-06-14T14:56:29","guid":{"rendered":"https:\/\/catedralskicenter.com\/producto\/ropa-para-la-nieve-equipate-para-la-aventura-sin-preocupaciones\/"},"modified":"2025-06-14T11:56:34","modified_gmt":"2025-06-14T14:56:34","slug":"alquiler-ropa-nieve-equipo-completo","status":"publish","type":"product","link":"https:\/\/catedralskicenter.com\/en\/product\/rental-of-complete-snow-clothing-and-equipment\/","title":{"rendered":"Snow clothing: equip yourself for adventure without worries"},"content":{"rendered":"<h2>Feel the snow with the comfort you deserve<\/h2>\n<p>Dare to discover the winter mystique of San Carlos de Bariloche with our exclusive proposal of snow clothing rental. Ideal for those who prioritize the combination of adventure and well-being, we gather high quality garments, offering you safety and an impeccable look in every snowy postcard.<\/p>\n<h2>All the equipment you are looking for<\/h2>\n<ul>\n<li><strong>Complete Combo:<\/strong> It includes pants, jacket, boots and gloves; perfect to enjoy the experience to the fullest without worrying about anything.<\/li>\n<li><strong>Tailor-made:<\/strong> In addition to the essentials, add helmet and goggles; choose what you want to add at the time of collection, at your own pace.<\/li>\n<\/ul>\n<h2>Important Data for your Rental<\/h2>\n<ul>\n<li><strong>Validity of tariff:<\/strong> Between April 1, 2025 and August 15, 2025.<\/li>\n<li><strong>Pickup and Delivery Locations:<\/strong> Strategic locations in San Carlos de Bariloche, making your stay even more convenient.<\/li>\n<li><strong>Service schedules:<\/strong> We are open from 8 a.m. to 9 p.m. to adapt to your working day.<\/li>\n<li><strong>Not Covered:<\/strong> It does not include insurance for loss, breakage or other damages, nor does it include transportation to hotels or homes.<\/li>\n<\/ul>\n<h2>Why choose our proposal?<\/h2>\n<p>Access a strategically located selection that guarantees equipment ready to withstand the Patagonian cold. Our range of models responds to each user, providing a solution designed for every moment.<\/p>\n<h2>Frequently Asked Questions (FAQ)<\/h2>\n<h3>For how long are these rates valid?<\/h3>\n<p>Offers apply only from April 1st through August 15, 2025. Take advantage of this exclusive window.<\/p>\n<h3>Where do I pick up or return the clothes?<\/h3>\n<p>We have points located in Bariloche to make the process simple and hassle-free.<\/p>\n<h3>What types of equipment do you offer?<\/h3>\n<p>Choose from a complete kit or customize your selection with helmet and goggles, designed to meet your expectations.<\/p>\n<h3>Are there any limits or exclusions in the lease?<\/h3>\n<p>The service does not include insurance for damage, breakage or loss, nor does it offer delivery to a hotel or private address.<\/p>","protected":false},"excerpt":{"rendered":"<p><strong>Top-notch snow apparel<\/strong> in San Carlos de Bariloche. Choose among our options of exclusive garments and pick them up comfortably in downtown areas, ready to experience unique moments in the winter season, with absolute tranquility and distinction!<\/p>","protected":false},"featured_media":0,"comment_status":"open","ping_status":"closed","template":"","meta":[],"product_brand":[],"product_cat":[15],"product_tag":[],"class_list":{"0":"post-54","1":"product","2":"type-product","3":"status-publish","5":"product_cat-sin-categorizar","7":"first","8":"instock","9":"sold-individually","10":"purchasable","11":"product-type-booking"},"booking_location":"","booking_location_type":"","booking_duration":10,"booking_duration_unit":"hour","booking_buffer":0,"booking_cost":30000,"booking_resources":[],"exclude_global_add_ons":[],"addons":[],"yoast_head":"<!-- This site is optimized with the Yoast SEO Premium plugin v25.2 (Yoast SEO v25.2) - https:\/\/yoast.com\/wordpress\/plugins\/seo\/ -->\n<title>Ropa para la nieve: equipate para la aventura sin preocupaciones - Catedral Ski Center<\/title>\n<meta name=\"robots\" content=\"index, follow, max-snippet:-1, max-image-preview:large, max-video-preview:-1\" \/>\n<link rel=\"canonical\" href=\"https:\/\/catedralskicenter.com\/en\/product\/rental-of-complete-snow-clothing-and-equipment\/\" \/>\n<meta property=\"og:locale\" content=\"en_US\" \/>\n<meta property=\"og:type\" content=\"article\" \/>\n<meta property=\"og:title\" content=\"Ropa para la nieve: equipate para la aventura sin preocupaciones\" \/>\n<meta property=\"og:description\" content=\"Indumentaria de primer nivel para la nieve en San Carlos de Bariloche. Eleg\u00ed entre nuestras opciones de prendas exclusivas y retiralas c\u00f3modamente en zonas c\u00e9ntricas. \u00a1Listo para experimentar momentos \u00fanicos en la temporada de invierno, con absoluta tranquilidad y distinci\u00f3n!\" \/>\n<meta property=\"og:url\" content=\"https:\/\/catedralskicenter.com\/en\/product\/rental-of-complete-snow-clothing-and-equipment\/\" \/>\n<meta property=\"og:site_name\" content=\"Catedral Ski Center\" \/>\n<meta property=\"article:modified_time\" content=\"2025-06-14T14:56:34+00:00\" \/>\n<meta name=\"twitter:card\" content=\"summary_large_image\" \/>\n<meta name=\"twitter:label1\" content=\"Price\" \/>\n\t<meta name=\"twitter:data1\" content=\"&#036;30,000.00\" \/>\n\t<meta name=\"twitter:label2\" content=\"Availability\" \/>\n\t<meta name=\"twitter:data2\" content=\"In stock\" \/>\n<script type=\"application\/ld+json\" class=\"yoast-schema-graph\">{\"@context\":\"https:\/\/schema.org\",\"@graph\":[{\"@type\":\"WebPage\",\"@id\":\"https:\/\/catedralskicenter.com\/producto\/alquiler-ropa-nieve-equipo-completo\/\",\"url\":\"https:\/\/catedralskicenter.com\/producto\/alquiler-ropa-nieve-equipo-completo\/\",\"name\":\"Ropa para la nieve: equipate para la aventura sin preocupaciones - Catedral Ski Center\",\"isPartOf\":{\"@id\":\"https:\/\/catedralskicenter.com\/#website\"},\"datePublished\":\"2025-06-14T14:56:29+00:00\",\"dateModified\":\"2025-06-14T14:56:34+00:00\",\"breadcrumb\":{\"@id\":\"https:\/\/catedralskicenter.com\/producto\/alquiler-ropa-nieve-equipo-completo\/#breadcrumb\"},\"inLanguage\":\"en-US\",\"potentialAction\":[{\"@type\":\"ReadAction\",\"target\":[\"https:\/\/catedralskicenter.com\/producto\/alquiler-ropa-nieve-equipo-completo\/\"]}]},{\"@type\":\"BreadcrumbList\",\"@id\":\"https:\/\/catedralskicenter.com\/producto\/alquiler-ropa-nieve-equipo-completo\/#breadcrumb\",\"itemListElement\":[{\"@type\":\"ListItem\",\"position\":1,\"name\":\"Inicio\",\"item\":\"https:\/\/catedralskicenter.com\/\"},{\"@type\":\"ListItem\",\"position\":2,\"name\":\"Tienda\",\"item\":\"https:\/\/catedralskicenter.com\/tienda\/\"},{\"@type\":\"ListItem\",\"position\":3,\"name\":\"Ropa para la nieve: equipate para la aventura sin preocupaciones\"}]},{\"@type\":\"WebSite\",\"@id\":\"https:\/\/catedralskicenter.com\/#website\",\"url\":\"https:\/\/catedralskicenter.com\/\",\"name\":\"Catedral Ski Center\",\"description\":\"\",\"potentialAction\":[{\"@type\":\"SearchAction\",\"target\":{\"@type\":\"EntryPoint\",\"urlTemplate\":\"https:\/\/catedralskicenter.com\/?s={search_term_string}\"},\"query-input\":{\"@type\":\"PropertyValueSpecification\",\"valueRequired\":true,\"valueName\":\"search_term_string\"}}],\"inLanguage\":\"en-US\"}]}<\/script>\n<meta property=\"product:price:amount\" content=\"30000.00\" \/>\n<meta property=\"product:price:currency\" content=\"ARS\" \/>\n<meta property=\"og:availability\" content=\"instock\" \/>\n<meta property=\"product:availability\" content=\"instock\" \/>\n<meta property=\"product:retailer_item_id\" content=\"ADV2025ALROPAZG1D\" \/>\n<meta property=\"product:condition\" content=\"new\" \/>\n<!-- \/ Yoast SEO Premium plugin. -->","yoast_head_json":{"title":"Snow clothing: equip yourself for adventure without worries - Catedral Ski Center","robots":{"index":"index","follow":"follow","max-snippet":"max-snippet:-1","max-image-preview":"max-image-preview:large","max-video-preview":"max-video-preview:-1"},"canonical":"https:\/\/catedralskicenter.com\/en\/product\/rental-of-complete-snow-clothing-and-equipment\/","og_locale":"en_US","og_type":"article","og_title":"Ropa para la nieve: equipate para la aventura sin preocupaciones","og_description":"Indumentaria de primer nivel para la nieve en San Carlos de Bariloche. Eleg\u00ed entre nuestras opciones de prendas exclusivas y retiralas c\u00f3modamente en zonas c\u00e9ntricas. \u00a1Listo para experimentar momentos \u00fanicos en la temporada de invierno, con absoluta tranquilidad y distinci\u00f3n!","og_url":"https:\/\/catedralskicenter.com\/en\/product\/rental-of-complete-snow-clothing-and-equipment\/","og_site_name":"Catedral Ski Center","article_modified_time":"2025-06-14T14:56:34+00:00","twitter_card":"summary_large_image","twitter_misc":{"Price":"&#36;30,000.00","Availability":"In stock"},"schema":{"@context":"https:\/\/schema.org","@graph":[{"@type":"WebPage","@id":"https:\/\/catedralskicenter.com\/producto\/alquiler-ropa-nieve-equipo-completo\/","url":"https:\/\/catedralskicenter.com\/producto\/alquiler-ropa-nieve-equipo-completo\/","name":"Snow clothing: equip yourself for adventure without worries - Catedral Ski Center","isPartOf":{"@id":"https:\/\/catedralskicenter.com\/#website"},"datePublished":"2025-06-14T14:56:29+00:00","dateModified":"2025-06-14T14:56:34+00:00","breadcrumb":{"@id":"https:\/\/catedralskicenter.com\/producto\/alquiler-ropa-nieve-equipo-completo\/#breadcrumb"},"inLanguage":"en-US","potentialAction":[{"@type":"ReadAction","target":["https:\/\/catedralskicenter.com\/producto\/alquiler-ropa-nieve-equipo-completo\/"]}]},{"@type":"BreadcrumbList","@id":"https:\/\/catedralskicenter.com\/producto\/alquiler-ropa-nieve-equipo-completo\/#breadcrumb","itemListElement":[{"@type":"ListItem","position":1,"name":"Inicio","item":"https:\/\/catedralskicenter.com\/"},{"@type":"ListItem","position":2,"name":"Tienda","item":"https:\/\/catedralskicenter.com\/tienda\/"},{"@type":"ListItem","position":3,"name":"Ropa para la nieve: equipate para la aventura sin preocupaciones"}]},{"@type":"WebSite","@id":"https:\/\/catedralskicenter.com\/#website","url":"https:\/\/catedralskicenter.com\/","name":"Catedral Ski Center","description":"","potentialAction":[{"@type":"SearchAction","target":{"@type":"EntryPoint","urlTemplate":"https:\/\/catedralskicenter.com\/?s={search_term_string}"},"query-input":{"@type":"PropertyValueSpecification","valueRequired":true,"valueName":"search_term_string"}}],"inLanguage":"en-US"}]},"product_price_amount":"30000.00","product_price_currency":"ARS","og_availability":"instock","product_availability":"instock","product_retailer_item_id":"ADV2025ALROPAZG1D","product_condition":"new"},"_links":{"self":[{"href":"https:\/\/catedralskicenter.com\/en\/wp-json\/wp\/v2\/product\/54","targetHints":{"allow":["GET"]}}],"collection":[{"href":"https:\/\/catedralskicenter.com\/en\/wp-json\/wp\/v2\/product"}],"about":[{"href":"https:\/\/catedralskicenter.com\/en\/wp-json\/wp\/v2\/types\/product"}],"replies":[{"embeddable":true,"href":"https:\/\/catedralskicenter.com\/en\/wp-json\/wp\/v2\/comments?post=54"}],"wp:attachment":[{"href":"https:\/\/catedralskicenter.com\/en\/wp-json\/wp\/v2\/media?parent=54"}],"wp:term":[{"taxonomy":"product_brand","embeddable":true,"href":"https:\/\/catedralskicenter.com\/en\/wp-json\/wp\/v2\/product_brand?post=54"},{"taxonomy":"product_cat","embeddable":true,"href":"https:\/\/catedralskicenter.com\/en\/wp-json\/wp\/v2\/product_cat?post=54"},{"taxonomy":"product_tag","embeddable":true,"href":"https:\/\/catedralskicenter.com\/en\/wp-json\/wp\/v2\/product_tag?post=54"}],"curies":[{"name":"wp","href":"https:\/\/api.w.org\/{rel}","templated":true}]}}