{"id":56,"date":"2025-06-14T11:57:02","date_gmt":"2025-06-14T14:57:02","guid":{"rendered":"https:\/\/catedralskicenter.com\/producto\/empeza-la-aventura-en-la-nieve-traslado-a-piedras-blancas-sin-complicaciones\/"},"modified":"2025-06-14T11:57:06","modified_gmt":"2025-06-14T14:57:06","slug":"traslado-al-cerro-piedras-blancas","status":"publish","type":"product","link":"https:\/\/catedralskicenter.com\/en\/product\/transfer-to-cerro-piedras-blancas\/","title":{"rendered":"Start the Snow Adventure: Transfer to Piedras Blancas without Complications"},"content":{"rendered":"<h2>Transfer from Bariloche to Piedras Blancas<\/h2>\n<p>Experience the snow like never before with our <strong>transfer to Piedras Blancas<\/strong>, nestled in the impressive <strong>Cerro Otto<\/strong>. This trip takes you from the heart of Bariloche to the <strong>Piedras Blancas Hill<\/strong>, a renowned winter resort famous for its thrilling toboggan runs, dreamy scenery and easy access. It is the perfect choice for families, groups of friends or couples eager for an adventurous day without complications.<\/p>\n<h3>Transfer details<\/h3>\n<ul>\n<li><strong>Route:<\/strong> From the heart of Bariloche straight to the <strong>Piedras Blancas Hill<\/strong>.<\/li>\n<li><strong>Shifts:<\/strong> 8:00 to 16:00 and 13:00 to 18:00.<\/li>\n<li><strong>Includes:<\/strong> Transfer in and out.<\/li>\n<li><strong>Does not include:<\/strong> Lunch and chairlift passes.<\/li>\n<\/ul>\n<h3>Why book this excursion to Cerro Piedras Blancas?<\/h3>\n<p>Choose this <strong>transfer to Piedras Blancas<\/strong> allows you to enjoy every moment, without the stress of transportation. Immerse yourself in the unique environment of <strong>Cerro Otto Piedras Blancas Bariloche<\/strong>, where nature and emotion go hand in hand. If you want a round plan, you can combine it with the Circuito Chico and live Bariloche to the fullest.<\/p>\n<h3>Frequently Asked Questions (FAQ)<\/h3>\n<ul>\n<li><strong>Where does the transfer depart from?<\/strong> Centrally located in Bariloche, convenient for visitors.<\/li>\n<li><strong>What can be done there?<\/strong> Sledding, snowshoeing and getting lost in the views.<\/li>\n<li><strong>What does the proposal include?<\/strong> Round trip transportation only. Meals and passes are not included.<\/li>\n<\/ul>","protected":false},"excerpt":{"rendered":"<p>Enjoy a unique experience with this half-day transfer from Bariloche to Cerro Piedras Blancas, one of the most outstanding ski resorts in Latin America. Take advantage of this special occasion that combines unparalleled entertainment, maximum comfort and amazing natural views.<\/p>","protected":false},"featured_media":0,"comment_status":"open","ping_status":"closed","template":"","meta":[],"product_brand":[],"product_cat":[15],"product_tag":[],"class_list":{"0":"post-56","1":"product","2":"type-product","3":"status-publish","5":"product_cat-sin-categorizar","7":"first","8":"instock","9":"sold-individually","10":"purchasable","11":"product-type-booking"},"booking_location":"","booking_location_type":"","booking_duration":1,"booking_duration_unit":"hour","booking_buffer":0,"booking_cost":0,"booking_resources":[],"exclude_global_add_ons":[],"addons":[],"yoast_head":"<!-- This site is optimized with the Yoast SEO Premium plugin v25.2 (Yoast SEO v25.2) - https:\/\/yoast.com\/wordpress\/plugins\/seo\/ -->\n<title>Empez\u00e1 la Aventura en la Nieve: Traslado a Piedras Blancas sin Complicaciones - Catedral Ski Center<\/title>\n<meta name=\"robots\" content=\"index, follow, max-snippet:-1, max-image-preview:large, max-video-preview:-1\" \/>\n<link rel=\"canonical\" href=\"https:\/\/catedralskicenter.com\/en\/product\/transfer-to-cerro-piedras-blancas\/\" \/>\n<meta property=\"og:locale\" content=\"en_US\" \/>\n<meta property=\"og:type\" content=\"article\" \/>\n<meta property=\"og:title\" content=\"Empez\u00e1 la Aventura en la Nieve: Traslado a Piedras Blancas sin Complicaciones\" \/>\n<meta property=\"og:description\" content=\"Disfrut\u00e1 de una experiencia \u00fanica con este traslado de media jornada desde Bariloche hasta el Cerro Piedras Blancas, uno de los centros de esqu\u00ed m\u00e1s destacados de Latinoam\u00e9rica. Aprovech\u00e1 esta ocasi\u00f3n especial que combina entretenimiento sin igual, m\u00e1xima comodidad y vistas naturales sorprendentes.\" \/>\n<meta property=\"og:url\" content=\"https:\/\/catedralskicenter.com\/en\/product\/transfer-to-cerro-piedras-blancas\/\" \/>\n<meta property=\"og:site_name\" content=\"Catedral Ski Center\" \/>\n<meta property=\"article:modified_time\" content=\"2025-06-14T14:57:06+00:00\" \/>\n<meta name=\"twitter:card\" content=\"summary_large_image\" \/>\n<meta name=\"twitter:label1\" content=\"Price\" \/>\n\t<meta name=\"twitter:data1\" content=\"&#036;26,000.00\" \/>\n\t<meta name=\"twitter:label2\" content=\"Availability\" \/>\n\t<meta name=\"twitter:data2\" content=\"In stock\" \/>\n<script type=\"application\/ld+json\" class=\"yoast-schema-graph\">{\"@context\":\"https:\/\/schema.org\",\"@graph\":[{\"@type\":\"WebPage\",\"@id\":\"https:\/\/catedralskicenter.com\/producto\/traslado-al-cerro-piedras-blancas\/\",\"url\":\"https:\/\/catedralskicenter.com\/producto\/traslado-al-cerro-piedras-blancas\/\",\"name\":\"Empez\u00e1 la Aventura en la Nieve: Traslado a Piedras Blancas sin Complicaciones - Catedral Ski Center\",\"isPartOf\":{\"@id\":\"https:\/\/catedralskicenter.com\/#website\"},\"datePublished\":\"2025-06-14T14:57:02+00:00\",\"dateModified\":\"2025-06-14T14:57:06+00:00\",\"breadcrumb\":{\"@id\":\"https:\/\/catedralskicenter.com\/producto\/traslado-al-cerro-piedras-blancas\/#breadcrumb\"},\"inLanguage\":\"en-US\",\"potentialAction\":[{\"@type\":\"ReadAction\",\"target\":[\"https:\/\/catedralskicenter.com\/producto\/traslado-al-cerro-piedras-blancas\/\"]}]},{\"@type\":\"BreadcrumbList\",\"@id\":\"https:\/\/catedralskicenter.com\/producto\/traslado-al-cerro-piedras-blancas\/#breadcrumb\",\"itemListElement\":[{\"@type\":\"ListItem\",\"position\":1,\"name\":\"Inicio\",\"item\":\"https:\/\/catedralskicenter.com\/\"},{\"@type\":\"ListItem\",\"position\":2,\"name\":\"Tienda\",\"item\":\"https:\/\/catedralskicenter.com\/tienda\/\"},{\"@type\":\"ListItem\",\"position\":3,\"name\":\"Empez\u00e1 la Aventura en la Nieve: Traslado a Piedras Blancas sin Complicaciones\"}]},{\"@type\":\"WebSite\",\"@id\":\"https:\/\/catedralskicenter.com\/#website\",\"url\":\"https:\/\/catedralskicenter.com\/\",\"name\":\"Catedral Ski Center\",\"description\":\"\",\"potentialAction\":[{\"@type\":\"SearchAction\",\"target\":{\"@type\":\"EntryPoint\",\"urlTemplate\":\"https:\/\/catedralskicenter.com\/?s={search_term_string}\"},\"query-input\":{\"@type\":\"PropertyValueSpecification\",\"valueRequired\":true,\"valueName\":\"search_term_string\"}}],\"inLanguage\":\"en-US\"}]}<\/script>\n<meta property=\"product:price:amount\" content=\"26000.00\" \/>\n<meta property=\"product:price:currency\" content=\"ARS\" \/>\n<meta property=\"og:availability\" content=\"instock\" \/>\n<meta property=\"product:availability\" content=\"instock\" \/>\n<meta property=\"product:retailer_item_id\" content=\"ADV2025TRALCE1K3T\" \/>\n<meta property=\"product:condition\" content=\"new\" \/>\n<!-- \/ Yoast SEO Premium plugin. -->","yoast_head_json":{"title":"Start the Adventure in the Snow: Transfer to Piedras Blancas without complications - Catedral Ski Center","robots":{"index":"index","follow":"follow","max-snippet":"max-snippet:-1","max-image-preview":"max-image-preview:large","max-video-preview":"max-video-preview:-1"},"canonical":"https:\/\/catedralskicenter.com\/en\/product\/transfer-to-cerro-piedras-blancas\/","og_locale":"en_US","og_type":"article","og_title":"Empez\u00e1 la Aventura en la Nieve: Traslado a Piedras Blancas sin Complicaciones","og_description":"Disfrut\u00e1 de una experiencia \u00fanica con este traslado de media jornada desde Bariloche hasta el Cerro Piedras Blancas, uno de los centros de esqu\u00ed m\u00e1s destacados de Latinoam\u00e9rica. Aprovech\u00e1 esta ocasi\u00f3n especial que combina entretenimiento sin igual, m\u00e1xima comodidad y vistas naturales sorprendentes.","og_url":"https:\/\/catedralskicenter.com\/en\/product\/transfer-to-cerro-piedras-blancas\/","og_site_name":"Catedral Ski Center","article_modified_time":"2025-06-14T14:57:06+00:00","twitter_card":"summary_large_image","twitter_misc":{"Price":"&#36;26,000.00","Availability":"In stock"},"schema":{"@context":"https:\/\/schema.org","@graph":[{"@type":"WebPage","@id":"https:\/\/catedralskicenter.com\/producto\/traslado-al-cerro-piedras-blancas\/","url":"https:\/\/catedralskicenter.com\/producto\/traslado-al-cerro-piedras-blancas\/","name":"Start the Adventure in the Snow: Transfer to Piedras Blancas without complications - Catedral Ski Center","isPartOf":{"@id":"https:\/\/catedralskicenter.com\/#website"},"datePublished":"2025-06-14T14:57:02+00:00","dateModified":"2025-06-14T14:57:06+00:00","breadcrumb":{"@id":"https:\/\/catedralskicenter.com\/producto\/traslado-al-cerro-piedras-blancas\/#breadcrumb"},"inLanguage":"en-US","potentialAction":[{"@type":"ReadAction","target":["https:\/\/catedralskicenter.com\/producto\/traslado-al-cerro-piedras-blancas\/"]}]},{"@type":"BreadcrumbList","@id":"https:\/\/catedralskicenter.com\/producto\/traslado-al-cerro-piedras-blancas\/#breadcrumb","itemListElement":[{"@type":"ListItem","position":1,"name":"Inicio","item":"https:\/\/catedralskicenter.com\/"},{"@type":"ListItem","position":2,"name":"Tienda","item":"https:\/\/catedralskicenter.com\/tienda\/"},{"@type":"ListItem","position":3,"name":"Empez\u00e1 la Aventura en la Nieve: Traslado a Piedras Blancas sin Complicaciones"}]},{"@type":"WebSite","@id":"https:\/\/catedralskicenter.com\/#website","url":"https:\/\/catedralskicenter.com\/","name":"Catedral Ski Center","description":"","potentialAction":[{"@type":"SearchAction","target":{"@type":"EntryPoint","urlTemplate":"https:\/\/catedralskicenter.com\/?s={search_term_string}"},"query-input":{"@type":"PropertyValueSpecification","valueRequired":true,"valueName":"search_term_string"}}],"inLanguage":"en-US"}]},"product_price_amount":"26000.00","product_price_currency":"ARS","og_availability":"instock","product_availability":"instock","product_retailer_item_id":"ADV2025TRALCE1K3T","product_condition":"new"},"_links":{"self":[{"href":"https:\/\/catedralskicenter.com\/en\/wp-json\/wp\/v2\/product\/56","targetHints":{"allow":["GET"]}}],"collection":[{"href":"https:\/\/catedralskicenter.com\/en\/wp-json\/wp\/v2\/product"}],"about":[{"href":"https:\/\/catedralskicenter.com\/en\/wp-json\/wp\/v2\/types\/product"}],"replies":[{"embeddable":true,"href":"https:\/\/catedralskicenter.com\/en\/wp-json\/wp\/v2\/comments?post=56"}],"wp:attachment":[{"href":"https:\/\/catedralskicenter.com\/en\/wp-json\/wp\/v2\/media?parent=56"}],"wp:term":[{"taxonomy":"product_brand","embeddable":true,"href":"https:\/\/catedralskicenter.com\/en\/wp-json\/wp\/v2\/product_brand?post=56"},{"taxonomy":"product_cat","embeddable":true,"href":"https:\/\/catedralskicenter.com\/en\/wp-json\/wp\/v2\/product_cat?post=56"},{"taxonomy":"product_tag","embeddable":true,"href":"https:\/\/catedralskicenter.com\/en\/wp-json\/wp\/v2\/product_tag?post=56"}],"curies":[{"name":"wp","href":"https:\/\/api.w.org\/{rel}","templated":true}]}}