{"id":15,"date":"2025-06-14T11:41:41","date_gmt":"2025-06-14T14:41:41","guid":{"rendered":"https:\/\/catedralskicenter.com\/producto\/escuelita-de-ski-y-snowboard-una-jornada-completa-para-los-mas-chicos\/"},"modified":"2025-06-14T11:41:46","modified_gmt":"2025-06-14T14:41:46","slug":"escuelita-ski-snowboard-ninos","status":"publish","type":"product","link":"https:\/\/catedralskicenter.com\/pt\/produto\/escola-de-snowboard-para-criancas\/","title":{"rendered":"Escola de esqui e snowboard: um dia inteiro para os pequenos"},"content":{"rendered":"<h3 data-start=\"360\" data-end=\"386\"><strong data-start=\"364\" data-end=\"386\">O que voc\u00ea vai experimentar<\/strong><\/h3>\n<p data-start=\"388\" data-end=\"681\">Uma aventura \u00fanica na neve para crian\u00e7as de 4 a 11 anos de idade. Aulas ministradas por instrutores qualificados, equipamentos fornecidos, jogos nas montanhas e um almo\u00e7o quente em um ambiente seguro e natural. Tudo est\u00e1 preparado para que elas aprendam brincando, se divirtam e vivenciem o inverno como nunca antes.<\/p>\n<h3 data-start=\"688\" data-end=\"768\"><strong data-start=\"692\" data-end=\"768\">Descri\u00e7\u00e3o da palestra: Aprendendo com divers\u00e3o, sem preocupa\u00e7\u00f5es<\/strong><\/h3>\n<p data-start=\"770\" data-end=\"1075\">A partir de 10 de junho, quando as colinas est\u00e3o cobertas de neve, as crian\u00e7as mais novas encontram seu espa\u00e7o exclusivo na montanha. A Escola de Esqui\/Snowboard do Adventure Center foi projetada para crian\u00e7as de 4 a 11 anos de idade que desejam descobrir a neve, com o cuidado e o apoio necess\u00e1rios para serem estimuladas.<\/p>\n<p data-start=\"1077\" data-end=\"1448\">O dia come\u00e7a com um traslado de pontos pr\u00f3ximos \u00e0 acomoda\u00e7\u00e3o, localizados na Avenida Bustillo ou na Avenida Pioneros at\u00e9 o km 8. Ao chegar ao centro, cada crian\u00e7a recebe seu equipamento completo e se junta a um pequeno grupo, acompanhado por instrutores especializados. S\u00e3o duas horas de aulas em grupo, adaptadas ao n\u00edvel de cada participante.<\/p>\n<p data-start=\"1450\" data-end=\"1737\">Ao meio-dia, h\u00e1 uma pausa para o almo\u00e7o para recarregar as baterias. A tarde continua com brincadeiras livres e acompanhamento na pista, para encerrar com o traslado de volta ao ponto de encontro. Tudo sob controle, supervis\u00e3o e muita boa vibra\u00e7\u00e3o para tornar a experi\u00eancia segura, educativa e superdivertida.<\/p>\n<p data-start=\"1739\" data-end=\"1973\">Este passeio inclui traslado dos pontos de encontro, equipamento completo de esqui ou snowboard, aulas em grupo e almo\u00e7o. Roupas de neve e passe de telef\u00e9rico n\u00e3o est\u00e3o inclu\u00eddos e devem ser pagos separadamente, se usados.<\/p>\n<h3 data-start=\"1980\" data-end=\"2008\"><strong data-start=\"1984\" data-end=\"2008\">Perguntas frequentes<\/strong><\/h3>\n<p data-start=\"2010\" data-end=\"2187\"><strong data-start=\"2010\" data-end=\"2051\">O que est\u00e1 inclu\u00eddo na experi\u00eancia?<\/strong><br data-start=\"2051\" data-end=\"2054\" \/>Inclui traslado de pontos designados, equipamento completo de esqui ou snowboard, duas horas de aulas em grupo com instrutores e almo\u00e7o.<\/p>\n<p data-start=\"2189\" data-end=\"2297\"><strong data-start=\"2189\" data-end=\"2241\">Que idade as crian\u00e7as precisam ter para participar?<\/strong><br data-start=\"2241\" data-end=\"2244\" \/>A proposta \u00e9 voltada para crian\u00e7as entre 4 e 11 anos de idade.<\/p>\n<p data-start=\"2299\" data-end=\"2430\"><strong data-start=\"2299\" data-end=\"2338\">Eles precisam saber esquiar antes?<\/strong><br data-start=\"2338\" data-end=\"2341\" \/>N\u00e3o. As aulas s\u00e3o planejadas para que as crian\u00e7as possam come\u00e7ar do zero e se adaptar em seu pr\u00f3prio ritmo.<\/p>\n<p data-start=\"2432\" data-end=\"2594\"><strong data-start=\"2432\" data-end=\"2454\">O que eles precisam trazer?<\/strong><br data-start=\"2454\" data-end=\"2457\" \/>Roupas quentes para neve, cal\u00e7ados \u00e0 prova d'\u00e1gua, luvas e chap\u00e9u. Roupas de neve e passe de telef\u00e9rico n\u00e3o est\u00e3o inclu\u00eddos.<\/p>\n<p data-start=\"2596\" data-end=\"2764\"><strong data-start=\"2596\" data-end=\"2626\">A experi\u00eancia \u00e9 segura?<\/strong><br data-start=\"2626\" data-end=\"2629\" \/>Sim, todos os grupos s\u00e3o acompanhados por instrutores profissionais, em um ambiente adequado para crian\u00e7as, com monitoramento permanente.<\/p>","protected":false},"excerpt":{"rendered":"<p>Experimente um dia inesquec\u00edvel de inverno projetado especialmente para crian\u00e7as, perfeito para que elas deem seus primeiros passos no esqui ou no snowboard em um ambiente protegido e divertido. O pacote inclui traslado, equipamento t\u00e9cnico, aulas ministradas por instrutores e almo\u00e7o, tornando essa proposta a alternativa ideal para que os pequenos explorem a neve e vivenciem a montanha ao m\u00e1ximo.<\/p>","protected":false},"featured_media":0,"comment_status":"open","ping_status":"closed","template":"","meta":[],"product_brand":[],"product_cat":[15],"product_tag":[],"class_list":{"0":"post-15","1":"product","2":"type-product","3":"status-publish","5":"product_cat-sin-categorizar","7":"first","8":"instock","9":"sold-individually","10":"purchasable","11":"product-type-booking"},"booking_location":"","booking_location_type":"","booking_duration":7,"booking_duration_unit":"hour","booking_buffer":0,"booking_cost":0,"booking_resources":[],"exclude_global_add_ons":[],"addons":[],"yoast_head":"<!-- This site is optimized with the Yoast SEO Premium plugin v25.2 (Yoast SEO v25.2) - https:\/\/yoast.com\/wordpress\/plugins\/seo\/ -->\n<title>Escuelita de Ski y Snowboard: una jornada completa para los m\u00e1s chicos - Catedral Ski Center<\/title>\n<meta name=\"robots\" content=\"index, follow, max-snippet:-1, max-image-preview:large, max-video-preview:-1\" \/>\n<link rel=\"canonical\" href=\"https:\/\/catedralskicenter.com\/pt\/produto\/escola-de-snowboard-para-criancas\/\" \/>\n<meta property=\"og:locale\" content=\"pt_BR\" \/>\n<meta property=\"og:type\" content=\"article\" \/>\n<meta property=\"og:title\" content=\"Escuelita de Ski y Snowboard: una jornada completa para los m\u00e1s chicos\" \/>\n<meta property=\"og:description\" content=\"Experiment\u00e1 un d\u00eda inolvidable de invierno pensado especialmente para chicos, perfecto para que den sus primeros pasos en ski o snowboard dentro de un entorno protegido y divertido. El paquete incluye traslado, equipamiento t\u00e9cnico, clases dictadas por instructores y almuerzo, convirtiendo esta propuesta en la alternativa ideal para que los m\u00e1s peque\u00f1os exploren la nieve y vivan la monta\u00f1a a pleno.\" \/>\n<meta property=\"og:url\" content=\"https:\/\/catedralskicenter.com\/pt\/produto\/escola-de-snowboard-para-criancas\/\" \/>\n<meta property=\"og:site_name\" content=\"Catedral Ski Center\" \/>\n<meta property=\"article:modified_time\" content=\"2025-06-14T14:41:46+00:00\" \/>\n<meta name=\"twitter:card\" content=\"summary_large_image\" \/>\n<meta name=\"twitter:label1\" content=\"Pre\u00e7o\" \/>\n\t<meta name=\"twitter:data1\" content=\"&#036;288,000.00\" \/>\n\t<meta name=\"twitter:label2\" content=\"Disponibilidade\" \/>\n\t<meta name=\"twitter:data2\" content=\"Em Estoque\" \/>\n<script type=\"application\/ld+json\" class=\"yoast-schema-graph\">{\"@context\":\"https:\/\/schema.org\",\"@graph\":[{\"@type\":\"WebPage\",\"@id\":\"https:\/\/catedralskicenter.com\/producto\/escuelita-ski-snowboard-ninos\/\",\"url\":\"https:\/\/catedralskicenter.com\/producto\/escuelita-ski-snowboard-ninos\/\",\"name\":\"Escuelita de Ski y Snowboard: una jornada completa para los m\u00e1s chicos - Catedral Ski Center\",\"isPartOf\":{\"@id\":\"https:\/\/catedralskicenter.com\/#website\"},\"datePublished\":\"2025-06-14T14:41:41+00:00\",\"dateModified\":\"2025-06-14T14:41:46+00:00\",\"breadcrumb\":{\"@id\":\"https:\/\/catedralskicenter.com\/producto\/escuelita-ski-snowboard-ninos\/#breadcrumb\"},\"inLanguage\":\"pt-BR\",\"potentialAction\":[{\"@type\":\"ReadAction\",\"target\":[\"https:\/\/catedralskicenter.com\/producto\/escuelita-ski-snowboard-ninos\/\"]}]},{\"@type\":\"BreadcrumbList\",\"@id\":\"https:\/\/catedralskicenter.com\/producto\/escuelita-ski-snowboard-ninos\/#breadcrumb\",\"itemListElement\":[{\"@type\":\"ListItem\",\"position\":1,\"name\":\"Inicio\",\"item\":\"https:\/\/catedralskicenter.com\/\"},{\"@type\":\"ListItem\",\"position\":2,\"name\":\"Tienda\",\"item\":\"https:\/\/catedralskicenter.com\/tienda\/\"},{\"@type\":\"ListItem\",\"position\":3,\"name\":\"Escuelita de Ski y Snowboard: una jornada completa para los m\u00e1s chicos\"}]},{\"@type\":\"WebSite\",\"@id\":\"https:\/\/catedralskicenter.com\/#website\",\"url\":\"https:\/\/catedralskicenter.com\/\",\"name\":\"Catedral Ski Center\",\"description\":\"\",\"potentialAction\":[{\"@type\":\"SearchAction\",\"target\":{\"@type\":\"EntryPoint\",\"urlTemplate\":\"https:\/\/catedralskicenter.com\/?s={search_term_string}\"},\"query-input\":{\"@type\":\"PropertyValueSpecification\",\"valueRequired\":true,\"valueName\":\"search_term_string\"}}],\"inLanguage\":\"pt-BR\"}]}<\/script>\n<meta property=\"product:price:amount\" content=\"288000.00\" \/>\n<meta property=\"product:price:currency\" content=\"ARS\" \/>\n<meta property=\"og:availability\" content=\"instock\" \/>\n<meta property=\"product:availability\" content=\"instock\" \/>\n<meta property=\"product:retailer_item_id\" content=\"ADV2025ESSKSNJ9L2\" \/>\n<meta property=\"product:condition\" content=\"new\" \/>\n<!-- \/ Yoast SEO Premium plugin. -->","yoast_head_json":{"title":"Escola de esqui e snowboard: um dia inteiro para crian\u00e7as - Catedral Ski Center","robots":{"index":"index","follow":"follow","max-snippet":"max-snippet:-1","max-image-preview":"max-image-preview:large","max-video-preview":"max-video-preview:-1"},"canonical":"https:\/\/catedralskicenter.com\/pt\/produto\/escola-de-snowboard-para-criancas\/","og_locale":"pt_BR","og_type":"article","og_title":"Escuelita de Ski y Snowboard: una jornada completa para los m\u00e1s chicos","og_description":"Experiment\u00e1 un d\u00eda inolvidable de invierno pensado especialmente para chicos, perfecto para que den sus primeros pasos en ski o snowboard dentro de un entorno protegido y divertido. El paquete incluye traslado, equipamiento t\u00e9cnico, clases dictadas por instructores y almuerzo, convirtiendo esta propuesta en la alternativa ideal para que los m\u00e1s peque\u00f1os exploren la nieve y vivan la monta\u00f1a a pleno.","og_url":"https:\/\/catedralskicenter.com\/pt\/produto\/escola-de-snowboard-para-criancas\/","og_site_name":"Catedral Ski Center","article_modified_time":"2025-06-14T14:41:46+00:00","twitter_card":"summary_large_image","twitter_misc":{"Pre\u00e7o":"&#36;288,000.00","Disponibilidade":"Em Estoque"},"schema":{"@context":"https:\/\/schema.org","@graph":[{"@type":"WebPage","@id":"https:\/\/catedralskicenter.com\/producto\/escuelita-ski-snowboard-ninos\/","url":"https:\/\/catedralskicenter.com\/producto\/escuelita-ski-snowboard-ninos\/","name":"Escola de esqui e snowboard: um dia inteiro para crian\u00e7as - Catedral Ski Center","isPartOf":{"@id":"https:\/\/catedralskicenter.com\/#website"},"datePublished":"2025-06-14T14:41:41+00:00","dateModified":"2025-06-14T14:41:46+00:00","breadcrumb":{"@id":"https:\/\/catedralskicenter.com\/producto\/escuelita-ski-snowboard-ninos\/#breadcrumb"},"inLanguage":"pt-BR","potentialAction":[{"@type":"ReadAction","target":["https:\/\/catedralskicenter.com\/producto\/escuelita-ski-snowboard-ninos\/"]}]},{"@type":"BreadcrumbList","@id":"https:\/\/catedralskicenter.com\/producto\/escuelita-ski-snowboard-ninos\/#breadcrumb","itemListElement":[{"@type":"ListItem","position":1,"name":"Inicio","item":"https:\/\/catedralskicenter.com\/"},{"@type":"ListItem","position":2,"name":"Tienda","item":"https:\/\/catedralskicenter.com\/tienda\/"},{"@type":"ListItem","position":3,"name":"Escuelita de Ski y Snowboard: una jornada completa para los m\u00e1s chicos"}]},{"@type":"WebSite","@id":"https:\/\/catedralskicenter.com\/#website","url":"https:\/\/catedralskicenter.com\/","name":"Centro de esqui Catedral","description":"","potentialAction":[{"@type":"SearchAction","target":{"@type":"EntryPoint","urlTemplate":"https:\/\/catedralskicenter.com\/?s={search_term_string}"},"query-input":{"@type":"PropertyValueSpecification","valueRequired":true,"valueName":"search_term_string"}}],"inLanguage":"pt-BR"}]},"product_price_amount":"288000.00","product_price_currency":"ARS","og_availability":"instock","product_availability":"instock","product_retailer_item_id":"ADV2025ESSKSNJ9L2","product_condition":"new"},"_links":{"self":[{"href":"https:\/\/catedralskicenter.com\/pt\/wp-json\/wp\/v2\/product\/15","targetHints":{"allow":["GET"]}}],"collection":[{"href":"https:\/\/catedralskicenter.com\/pt\/wp-json\/wp\/v2\/product"}],"about":[{"href":"https:\/\/catedralskicenter.com\/pt\/wp-json\/wp\/v2\/types\/product"}],"replies":[{"embeddable":true,"href":"https:\/\/catedralskicenter.com\/pt\/wp-json\/wp\/v2\/comments?post=15"}],"wp:attachment":[{"href":"https:\/\/catedralskicenter.com\/pt\/wp-json\/wp\/v2\/media?parent=15"}],"wp:term":[{"taxonomy":"product_brand","embeddable":true,"href":"https:\/\/catedralskicenter.com\/pt\/wp-json\/wp\/v2\/product_brand?post=15"},{"taxonomy":"product_cat","embeddable":true,"href":"https:\/\/catedralskicenter.com\/pt\/wp-json\/wp\/v2\/product_cat?post=15"},{"taxonomy":"product_tag","embeddable":true,"href":"https:\/\/catedralskicenter.com\/pt\/wp-json\/wp\/v2\/product_tag?post=15"}],"curies":[{"name":"wp","href":"https:\/\/api.w.org\/{rel}","templated":true}]}}