{"id":16,"date":"2025-06-14T11:42:04","date_gmt":"2025-06-14T14:42:04","guid":{"rendered":"https:\/\/catedralskicenter.com\/producto\/explora-villa-la-angostura-y-cerro-bayo-aventura-entre-lagos-y-montanas\/"},"modified":"2025-06-14T11:42:08","modified_gmt":"2025-06-14T14:42:08","slug":"villa-la-angostura-y-cerro-bayo","status":"publish","type":"product","link":"https:\/\/catedralskicenter.com\/pt\/produto\/villa-la-angostura-e-cerro-bayo\/","title":{"rendered":"Explore Villa La Angostura e Cerro Bayo: aventura entre lagos e montanhas"},"content":{"rendered":"<h2>Mergulhe na Ess\u00eancia de Inverno da Patag\u00f4nia<\/h2>\n<p>Experimente uma trilha exclusiva cheia de emo\u00e7\u00e3o que o convida a descobrir a majestade intocada do norte do Parque Nacional Nahuel Huapi. Essa excurs\u00e3o de inverno \u00e9 perfeita para aqueles que sonham com cobertores de neve, abrigos entre florestas andinas e o privil\u00e9gio de uma experi\u00eancia \u00fanica e seleta.<\/p>\n<h3>Dados de experi\u00eancia<\/h3>\n<ul>\n<li><strong>Localiza\u00e7\u00e3o:<\/strong> Villa La Angostura e o resort de inverno Cerro Bayo<\/li>\n<li><strong>Sa\u00eddas:<\/strong> Segunda-feira, quarta-feira, sexta-feira e domingo.<\/li>\n<li><strong>\u00c9poca:<\/strong> Temporada de inverno (de junho a setembro, com queda de neve m\u00e1xima a partir de 10 de junho)<\/li>\n<li><strong>Dura\u00e7\u00e3o:<\/strong> Das 08:00 \u00e0s 18:00 hs aproximadamente.<\/li>\n<li><strong>Ele inclui:<\/strong> Excurs\u00e3o com ve\u00edculo, traslado e guia que fala ingl\u00eas (bil\u00edngue dispon\u00edvel por um custo adicional)<\/li>\n<li><strong>N\u00e3o inclu\u00eddo:<\/strong> Refei\u00e7\u00f5es, taxas de entrada no Parque Nacional, passe de subida ao Cerro Bayo e roupas para neve.<\/li>\n<\/ul>\n<h3>Experimente a Patag\u00f4nia: benef\u00edcios exclusivos<\/h3>\n<p>Essa viagem permite que voc\u00ea seja o protagonista de um tipo diferente de aventura em um dos cantos mais bonitos do sul da Argentina. Aproveite ao m\u00e1ximo:<\/p>\n<ul>\n<li><strong>Aventura:<\/strong> Viajei por paisagens de sonho com neve e trilhas cuidadosamente organizadas.<\/li>\n<li><strong>Conforto:<\/strong> Transporte confi\u00e1vel e um guia local que o acompanha durante toda a experi\u00eancia.<\/li>\n<li><strong>Distin\u00e7\u00e3o:<\/strong> Entre em locais ic\u00f4nicos, combinando natureza, hist\u00f3ria e esportes de neve.<\/li>\n<\/ul>\n<h3>Destaques da viagem<\/h3>\n<ul>\n<li>Passeio panor\u00e2mico pelo norte do Parque Nacional Nahuel Huapi.<\/li>\n<li>Caminhada pela Villa La Angostura e acesso ao centro de esqui Cerro Bayo.<\/li>\n<li>Ideal para quem busca serenidade e beleza natural na Patag\u00f4nia.<\/li>\n<\/ul>\n<h2>Perguntas frequentes (FAQ)<\/h2>\n<ul>\n<li><strong>Qual \u00e9 a \u00e9poca ideal para fazer esse passeio?<\/strong>Sugere-se viver essa experi\u00eancia durante o inverno, especialmente de junho a setembro, sendo melhor a partir de 10 de junho devido \u00e0 quantidade de neve.<\/li>\n<li><strong>O que est\u00e1 inclu\u00eddo no pre\u00e7o?<\/strong>O pre\u00e7o inclui passeio de ve\u00edculo, traslado e guia em espanhol, com uma alternativa bil\u00edngue dispon\u00edvel por uma taxa extra.<\/li>\n<li><strong>O que n\u00e3o est\u00e1 inclu\u00eddo no resultado?<\/strong>Refei\u00e7\u00f5es, taxas de entrada no Parque Nacional, passe para o telef\u00e9rico Cerro Bayo e equipamentos de neve n\u00e3o est\u00e3o inclu\u00eddos no pacote.<\/li>\n<li><strong>Em que consiste a turn\u00ea?<\/strong>A rota \u00e9 por terra e combina o charme de Villa La Angostura com a experi\u00eancia de inverno em Cerro Bayo, para desfrutar da Patag\u00f4nia em sua express\u00e3o mais aut\u00eantica.<\/li>\n<\/ul>","protected":false},"excerpt":{"rendered":"<p>Viva uma aventura patag\u00f4nica \u00fanica durante o inverno. Esta proposta especial o leva a visitar Villa La Angostura e o centro de esqui Cerro Bayo, onde voc\u00ea se maravilhar\u00e1 com a neve e a serenidade de um ambiente natural \u00fanico. Perfeito para aqueles que querem desfrutar de adrenalina, conforto e um toque de distin\u00e7\u00e3o.<\/p>","protected":false},"featured_media":0,"comment_status":"open","ping_status":"closed","template":"","meta":[],"product_brand":[],"product_cat":[15],"product_tag":[],"class_list":{"0":"post-16","1":"product","2":"type-product","3":"status-publish","5":"product_cat-sin-categorizar","7":"first","8":"instock","9":"sold-individually","10":"purchasable","11":"product-type-booking"},"booking_location":"","booking_location_type":"","booking_duration":10,"booking_duration_unit":"hour","booking_buffer":0,"booking_cost":59400,"booking_resources":[],"exclude_global_add_ons":[],"addons":[],"yoast_head":"<!-- This site is optimized with the Yoast SEO Premium plugin v25.2 (Yoast SEO v25.2) - https:\/\/yoast.com\/wordpress\/plugins\/seo\/ -->\n<title>Explor\u00e1 Villa La Angostura y Cerro Bayo: Aventura entre Lagos y Monta\u00f1as - Catedral Ski Center<\/title>\n<meta name=\"robots\" content=\"index, follow, max-snippet:-1, max-image-preview:large, max-video-preview:-1\" \/>\n<link rel=\"canonical\" href=\"https:\/\/catedralskicenter.com\/pt\/produto\/villa-la-angostura-e-cerro-bayo\/\" \/>\n<meta property=\"og:locale\" content=\"pt_BR\" \/>\n<meta property=\"og:type\" content=\"article\" \/>\n<meta property=\"og:title\" content=\"Explor\u00e1 Villa La Angostura y Cerro Bayo: Aventura entre Lagos y Monta\u00f1as\" \/>\n<meta property=\"og:description\" content=\"Viv\u00ed una aventura patag\u00f3nica inigualable durante el invierno. Esta propuesta especial te lleva a conocer Villa La Angostura y el centro de esqu\u00ed Cerro Bayo, donde vas a maravillarte con la nieve y la serenidad de un entorno natural \u00fanico. Perfecta para quienes desean disfrutar de adrenalina, comodidad y un toque de distinci\u00f3n.\" \/>\n<meta property=\"og:url\" content=\"https:\/\/catedralskicenter.com\/pt\/produto\/villa-la-angostura-e-cerro-bayo\/\" \/>\n<meta property=\"og:site_name\" content=\"Catedral Ski Center\" \/>\n<meta property=\"article:modified_time\" content=\"2025-06-14T14:42:08+00:00\" \/>\n<meta name=\"twitter:card\" content=\"summary_large_image\" \/>\n<meta name=\"twitter:label1\" content=\"Pre\u00e7o\" \/>\n\t<meta name=\"twitter:data1\" content=\"&#036;59,400.00\" \/>\n\t<meta name=\"twitter:label2\" content=\"Disponibilidade\" \/>\n\t<meta name=\"twitter:data2\" content=\"Em Estoque\" \/>\n<script type=\"application\/ld+json\" class=\"yoast-schema-graph\">{\"@context\":\"https:\/\/schema.org\",\"@graph\":[{\"@type\":\"WebPage\",\"@id\":\"https:\/\/catedralskicenter.com\/producto\/villa-la-angostura-y-cerro-bayo\/\",\"url\":\"https:\/\/catedralskicenter.com\/producto\/villa-la-angostura-y-cerro-bayo\/\",\"name\":\"Explor\u00e1 Villa La Angostura y Cerro Bayo: Aventura entre Lagos y Monta\u00f1as - Catedral Ski Center\",\"isPartOf\":{\"@id\":\"https:\/\/catedralskicenter.com\/#website\"},\"datePublished\":\"2025-06-14T14:42:04+00:00\",\"dateModified\":\"2025-06-14T14:42:08+00:00\",\"breadcrumb\":{\"@id\":\"https:\/\/catedralskicenter.com\/producto\/villa-la-angostura-y-cerro-bayo\/#breadcrumb\"},\"inLanguage\":\"pt-BR\",\"potentialAction\":[{\"@type\":\"ReadAction\",\"target\":[\"https:\/\/catedralskicenter.com\/producto\/villa-la-angostura-y-cerro-bayo\/\"]}]},{\"@type\":\"BreadcrumbList\",\"@id\":\"https:\/\/catedralskicenter.com\/producto\/villa-la-angostura-y-cerro-bayo\/#breadcrumb\",\"itemListElement\":[{\"@type\":\"ListItem\",\"position\":1,\"name\":\"Inicio\",\"item\":\"https:\/\/catedralskicenter.com\/\"},{\"@type\":\"ListItem\",\"position\":2,\"name\":\"Tienda\",\"item\":\"https:\/\/catedralskicenter.com\/tienda\/\"},{\"@type\":\"ListItem\",\"position\":3,\"name\":\"Explor\u00e1 Villa La Angostura y Cerro Bayo: Aventura entre Lagos y Monta\u00f1as\"}]},{\"@type\":\"WebSite\",\"@id\":\"https:\/\/catedralskicenter.com\/#website\",\"url\":\"https:\/\/catedralskicenter.com\/\",\"name\":\"Catedral Ski Center\",\"description\":\"\",\"potentialAction\":[{\"@type\":\"SearchAction\",\"target\":{\"@type\":\"EntryPoint\",\"urlTemplate\":\"https:\/\/catedralskicenter.com\/?s={search_term_string}\"},\"query-input\":{\"@type\":\"PropertyValueSpecification\",\"valueRequired\":true,\"valueName\":\"search_term_string\"}}],\"inLanguage\":\"pt-BR\"}]}<\/script>\n<meta property=\"product:price:amount\" content=\"59400.00\" \/>\n<meta property=\"product:price:currency\" content=\"ARS\" \/>\n<meta property=\"og:availability\" content=\"instock\" \/>\n<meta property=\"product:availability\" content=\"instock\" \/>\n<meta property=\"product:retailer_item_id\" content=\"ADV2025VILAANM9K2\" \/>\n<meta property=\"product:condition\" content=\"new\" \/>\n<!-- \/ Yoast SEO Premium plugin. -->","yoast_head_json":{"title":"Explore Villa La Angostura e Cerro Bayo: aventura entre lagos e montanhas - Catedral Ski Center","robots":{"index":"index","follow":"follow","max-snippet":"max-snippet:-1","max-image-preview":"max-image-preview:large","max-video-preview":"max-video-preview:-1"},"canonical":"https:\/\/catedralskicenter.com\/pt\/produto\/villa-la-angostura-e-cerro-bayo\/","og_locale":"pt_BR","og_type":"article","og_title":"Explor\u00e1 Villa La Angostura y Cerro Bayo: Aventura entre Lagos y Monta\u00f1as","og_description":"Viv\u00ed una aventura patag\u00f3nica inigualable durante el invierno. Esta propuesta especial te lleva a conocer Villa La Angostura y el centro de esqu\u00ed Cerro Bayo, donde vas a maravillarte con la nieve y la serenidad de un entorno natural \u00fanico. Perfecta para quienes desean disfrutar de adrenalina, comodidad y un toque de distinci\u00f3n.","og_url":"https:\/\/catedralskicenter.com\/pt\/produto\/villa-la-angostura-e-cerro-bayo\/","og_site_name":"Catedral Ski Center","article_modified_time":"2025-06-14T14:42:08+00:00","twitter_card":"summary_large_image","twitter_misc":{"Pre\u00e7o":"&#36;59,400.00","Disponibilidade":"Em Estoque"},"schema":{"@context":"https:\/\/schema.org","@graph":[{"@type":"WebPage","@id":"https:\/\/catedralskicenter.com\/producto\/villa-la-angostura-y-cerro-bayo\/","url":"https:\/\/catedralskicenter.com\/producto\/villa-la-angostura-y-cerro-bayo\/","name":"Explore Villa La Angostura e Cerro Bayo: aventura entre lagos e montanhas - Catedral Ski Center","isPartOf":{"@id":"https:\/\/catedralskicenter.com\/#website"},"datePublished":"2025-06-14T14:42:04+00:00","dateModified":"2025-06-14T14:42:08+00:00","breadcrumb":{"@id":"https:\/\/catedralskicenter.com\/producto\/villa-la-angostura-y-cerro-bayo\/#breadcrumb"},"inLanguage":"pt-BR","potentialAction":[{"@type":"ReadAction","target":["https:\/\/catedralskicenter.com\/producto\/villa-la-angostura-y-cerro-bayo\/"]}]},{"@type":"BreadcrumbList","@id":"https:\/\/catedralskicenter.com\/producto\/villa-la-angostura-y-cerro-bayo\/#breadcrumb","itemListElement":[{"@type":"ListItem","position":1,"name":"Inicio","item":"https:\/\/catedralskicenter.com\/"},{"@type":"ListItem","position":2,"name":"Tienda","item":"https:\/\/catedralskicenter.com\/tienda\/"},{"@type":"ListItem","position":3,"name":"Explor\u00e1 Villa La Angostura y Cerro Bayo: Aventura entre Lagos y Monta\u00f1as"}]},{"@type":"WebSite","@id":"https:\/\/catedralskicenter.com\/#website","url":"https:\/\/catedralskicenter.com\/","name":"Centro de esqui Catedral","description":"","potentialAction":[{"@type":"SearchAction","target":{"@type":"EntryPoint","urlTemplate":"https:\/\/catedralskicenter.com\/?s={search_term_string}"},"query-input":{"@type":"PropertyValueSpecification","valueRequired":true,"valueName":"search_term_string"}}],"inLanguage":"pt-BR"}]},"product_price_amount":"59400.00","product_price_currency":"ARS","og_availability":"instock","product_availability":"instock","product_retailer_item_id":"ADV2025VILAANM9K2","product_condition":"new"},"_links":{"self":[{"href":"https:\/\/catedralskicenter.com\/pt\/wp-json\/wp\/v2\/product\/16","targetHints":{"allow":["GET"]}}],"collection":[{"href":"https:\/\/catedralskicenter.com\/pt\/wp-json\/wp\/v2\/product"}],"about":[{"href":"https:\/\/catedralskicenter.com\/pt\/wp-json\/wp\/v2\/types\/product"}],"replies":[{"embeddable":true,"href":"https:\/\/catedralskicenter.com\/pt\/wp-json\/wp\/v2\/comments?post=16"}],"wp:attachment":[{"href":"https:\/\/catedralskicenter.com\/pt\/wp-json\/wp\/v2\/media?parent=16"}],"wp:term":[{"taxonomy":"product_brand","embeddable":true,"href":"https:\/\/catedralskicenter.com\/pt\/wp-json\/wp\/v2\/product_brand?post=16"},{"taxonomy":"product_cat","embeddable":true,"href":"https:\/\/catedralskicenter.com\/pt\/wp-json\/wp\/v2\/product_cat?post=16"},{"taxonomy":"product_tag","embeddable":true,"href":"https:\/\/catedralskicenter.com\/pt\/wp-json\/wp\/v2\/product_tag?post=16"}],"curies":[{"name":"wp","href":"https:\/\/api.w.org\/{rel}","templated":true}]}}