{"id":17,"date":"2025-06-14T11:42:26","date_gmt":"2025-06-14T14:42:26","guid":{"rendered":"https:\/\/catedralskicenter.com\/producto\/rafting-en-rio-limay-desde-bariloche-naturaleza-aventura-y-estepa-patagonica\/"},"modified":"2025-06-14T11:42:30","modified_gmt":"2025-06-14T14:42:30","slug":"rafting-limay-por-la-estepa-patagonica","status":"publish","type":"product","link":"https:\/\/catedralskicenter.com\/pt\/produto\/rafting-em-limay-pela-estepe-patagonica\/","title":{"rendered":"Rafting no rio Limay desde Bariloche: natureza, aventura e estepe patag\u00f4nica"},"content":{"rendered":"<h2>Viva uma experi\u00eancia inesquec\u00edvel na Patag\u00f4nia<\/h2>\n<p>Atreva-se a explorar o deslumbrante ambiente natural do rio Limay por meio de rafting de baixa exig\u00eancia. Essa proposta \u00e9 ideal para aqueles que desejam unir aventura, conforto e a adrenalina de explorar o cen\u00e1rio \u00fanico do sul da Argentina. Perfeito para fam\u00edlias, grupos de amigos e iniciantes, com a tranquilidade de um ambiente seguro e cativante.<\/p>\n<h3>Principais benef\u00edcios<\/h3>\n<ul>\n<li><strong>Aventura segura para todos:<\/strong> Circuito em corredeiras de classe I\/II, recomendado a partir de 3 anos de idade.<\/li>\n<li><strong>Tudo inclu\u00eddo e despreocupado:<\/strong> Colete, remos, traslado e ponto de encontro organizados para seu m\u00e1ximo conforto.<\/li>\n<li><strong>In\u00edcio garantido dentro do cronograma:<\/strong> A sa\u00edda est\u00e1 programada para as 13:00, garantindo um dia cheio de energia, paisagens e divers\u00e3o.<\/li>\n<li><strong>Reabastecer as energias:<\/strong> Caf\u00e9 da manh\u00e3 ou lanche inclu\u00eddo para continuar aproveitando a excurs\u00e3o ao m\u00e1ximo.<\/li>\n<\/ul>\n<h3>Combine exclusividade, relaxamento e paisagens \u00fanicas<\/h3>\n<p>Mergulhe neste passeio que combina a calma das \u00e1guas serenas com a divers\u00e3o das corredeiras suaves do Limay. Tudo foi planejado para que voc\u00ea guarde momentos \u00fanicos, conectando-se com a grandeza da Patag\u00f4nia e desfrutando de um passeio seguro e exclusivo, projetado para sua divers\u00e3o.<\/p>\n<h3>Perguntas frequentes (FAQ)<\/h3>\n<ul>\n<li><strong>O que est\u00e1 inclu\u00eddo na atividade?<\/strong>A proposta inclui traslado at\u00e9 o ponto de encontro, equipamento completo (colete e remos) e caf\u00e9 da manh\u00e3 ou lanche, cobrindo todos os detalhes para voc\u00ea.<\/li>\n<li><strong>Isso pode ser feito com crian\u00e7as?<\/strong>Sem d\u00favida: a experi\u00eancia foi projetada para todos os p\u00fablicos e recomendada para crian\u00e7as a partir de 3 anos de idade, o que a torna uma op\u00e7\u00e3o perfeita para a fam\u00edlia.<\/li>\n<li><strong>Qu\u00e3o dif\u00edcil \u00e9 a jornada?<\/strong>A rota abrange corredeiras de classe I\/II, oferecendo o m\u00e1ximo de tranquilidade e prazer \u00e0queles que se atrevem a experimentar o rafting pela primeira vez.<\/li>\n<li><strong>\u00c9 necess\u00e1rio ter experi\u00eancia anterior?<\/strong>N\u00e3o, voc\u00ea n\u00e3o precisa ter nenhuma experi\u00eancia antes de vir. Essa aventura \u00e9 ideal se voc\u00ea quiser praticar rafting pela primeira vez em um ambiente atencioso e vibrante.<\/li>\n<\/ul>","protected":false},"excerpt":{"rendered":"<p>Experimente o Limay como nunca antes com uma viagem tranquila de rafting, projetada para garantir conforto e privacidade em uma paisagem \u00fanica. Perfeito para grupos familiares e para aqueles que est\u00e3o come\u00e7ando na aventura.<\/p>","protected":false},"featured_media":0,"comment_status":"open","ping_status":"closed","template":"","meta":[],"product_brand":[],"product_cat":[15],"product_tag":[],"class_list":{"0":"post-17","1":"product","2":"type-product","3":"status-publish","5":"product_cat-sin-categorizar","7":"first","8":"instock","9":"sold-individually","10":"purchasable","11":"product-type-booking"},"booking_location":"","booking_location_type":"","booking_duration":6,"booking_duration_unit":"hour","booking_buffer":0,"booking_cost":95400,"booking_resources":[],"exclude_global_add_ons":[],"addons":[],"yoast_head":"<!-- This site is optimized with the Yoast SEO Premium plugin v25.2 (Yoast SEO v25.2) - https:\/\/yoast.com\/wordpress\/plugins\/seo\/ -->\n<title>Rafting en R\u00edo Limay desde Bariloche: Naturaleza, Aventura y Estepa Patag\u00f3nica - Catedral Ski Center<\/title>\n<meta name=\"robots\" content=\"index, follow, max-snippet:-1, max-image-preview:large, max-video-preview:-1\" \/>\n<link rel=\"canonical\" href=\"https:\/\/catedralskicenter.com\/pt\/produto\/rafting-em-limay-pela-estepe-patagonica\/\" \/>\n<meta property=\"og:locale\" content=\"pt_BR\" \/>\n<meta property=\"og:type\" content=\"article\" \/>\n<meta property=\"og:title\" content=\"Rafting en R\u00edo Limay desde Bariloche: Naturaleza, Aventura y Estepa Patag\u00f3nica\" \/>\n<meta property=\"og:description\" content=\"Viv\u00ed el Limay como nunca antes con una traves\u00eda de rafting tranquilo, pensada para garantizar comodidad y privacidad en un paisaje \u00fanico. Perfecto para grupos familiares y quienes se inician en la aventura.\" \/>\n<meta property=\"og:url\" content=\"https:\/\/catedralskicenter.com\/pt\/produto\/rafting-em-limay-pela-estepe-patagonica\/\" \/>\n<meta property=\"og:site_name\" content=\"Catedral Ski Center\" \/>\n<meta property=\"article:modified_time\" content=\"2025-06-14T14:42:30+00:00\" \/>\n<meta name=\"twitter:card\" content=\"summary_large_image\" \/>\n<meta name=\"twitter:label1\" content=\"Pre\u00e7o\" \/>\n\t<meta name=\"twitter:data1\" content=\"&#036;95,400.00\" \/>\n\t<meta name=\"twitter:label2\" content=\"Disponibilidade\" \/>\n\t<meta name=\"twitter:data2\" content=\"Em Estoque\" \/>\n<script type=\"application\/ld+json\" class=\"yoast-schema-graph\">{\"@context\":\"https:\/\/schema.org\",\"@graph\":[{\"@type\":\"WebPage\",\"@id\":\"https:\/\/catedralskicenter.com\/producto\/rafting-limay-por-la-estepa-patagonica\/\",\"url\":\"https:\/\/catedralskicenter.com\/producto\/rafting-limay-por-la-estepa-patagonica\/\",\"name\":\"Rafting en R\u00edo Limay desde Bariloche: Naturaleza, Aventura y Estepa Patag\u00f3nica - Catedral Ski Center\",\"isPartOf\":{\"@id\":\"https:\/\/catedralskicenter.com\/#website\"},\"datePublished\":\"2025-06-14T14:42:26+00:00\",\"dateModified\":\"2025-06-14T14:42:30+00:00\",\"breadcrumb\":{\"@id\":\"https:\/\/catedralskicenter.com\/producto\/rafting-limay-por-la-estepa-patagonica\/#breadcrumb\"},\"inLanguage\":\"pt-BR\",\"potentialAction\":[{\"@type\":\"ReadAction\",\"target\":[\"https:\/\/catedralskicenter.com\/producto\/rafting-limay-por-la-estepa-patagonica\/\"]}]},{\"@type\":\"BreadcrumbList\",\"@id\":\"https:\/\/catedralskicenter.com\/producto\/rafting-limay-por-la-estepa-patagonica\/#breadcrumb\",\"itemListElement\":[{\"@type\":\"ListItem\",\"position\":1,\"name\":\"Inicio\",\"item\":\"https:\/\/catedralskicenter.com\/\"},{\"@type\":\"ListItem\",\"position\":2,\"name\":\"Tienda\",\"item\":\"https:\/\/catedralskicenter.com\/tienda\/\"},{\"@type\":\"ListItem\",\"position\":3,\"name\":\"Rafting en R\u00edo Limay desde Bariloche: Naturaleza, Aventura y Estepa Patag\u00f3nica\"}]},{\"@type\":\"WebSite\",\"@id\":\"https:\/\/catedralskicenter.com\/#website\",\"url\":\"https:\/\/catedralskicenter.com\/\",\"name\":\"Catedral Ski Center\",\"description\":\"\",\"potentialAction\":[{\"@type\":\"SearchAction\",\"target\":{\"@type\":\"EntryPoint\",\"urlTemplate\":\"https:\/\/catedralskicenter.com\/?s={search_term_string}\"},\"query-input\":{\"@type\":\"PropertyValueSpecification\",\"valueRequired\":true,\"valueName\":\"search_term_string\"}}],\"inLanguage\":\"pt-BR\"}]}<\/script>\n<meta property=\"product:price:amount\" content=\"95400.00\" \/>\n<meta property=\"product:price:currency\" content=\"ARS\" \/>\n<meta property=\"og:availability\" content=\"instock\" \/>\n<meta property=\"product:availability\" content=\"instock\" \/>\n<meta property=\"product:retailer_item_id\" content=\"ADV2025RALIPO7XQ4\" \/>\n<meta property=\"product:condition\" content=\"new\" \/>\n<!-- \/ Yoast SEO Premium plugin. -->","yoast_head_json":{"title":"Rafting no rio Limay desde Bariloche: natureza, aventura e estepe patag\u00f4nica - Centro de Esqui Catedral","robots":{"index":"index","follow":"follow","max-snippet":"max-snippet:-1","max-image-preview":"max-image-preview:large","max-video-preview":"max-video-preview:-1"},"canonical":"https:\/\/catedralskicenter.com\/pt\/produto\/rafting-em-limay-pela-estepe-patagonica\/","og_locale":"pt_BR","og_type":"article","og_title":"Rafting en R\u00edo Limay desde Bariloche: Naturaleza, Aventura y Estepa Patag\u00f3nica","og_description":"Viv\u00ed el Limay como nunca antes con una traves\u00eda de rafting tranquilo, pensada para garantizar comodidad y privacidad en un paisaje \u00fanico. Perfecto para grupos familiares y quienes se inician en la aventura.","og_url":"https:\/\/catedralskicenter.com\/pt\/produto\/rafting-em-limay-pela-estepe-patagonica\/","og_site_name":"Catedral Ski Center","article_modified_time":"2025-06-14T14:42:30+00:00","twitter_card":"summary_large_image","twitter_misc":{"Pre\u00e7o":"&#36;95,400.00","Disponibilidade":"Em Estoque"},"schema":{"@context":"https:\/\/schema.org","@graph":[{"@type":"WebPage","@id":"https:\/\/catedralskicenter.com\/producto\/rafting-limay-por-la-estepa-patagonica\/","url":"https:\/\/catedralskicenter.com\/producto\/rafting-limay-por-la-estepa-patagonica\/","name":"Rafting no rio Limay desde Bariloche: natureza, aventura e estepe patag\u00f4nica - Centro de Esqui Catedral","isPartOf":{"@id":"https:\/\/catedralskicenter.com\/#website"},"datePublished":"2025-06-14T14:42:26+00:00","dateModified":"2025-06-14T14:42:30+00:00","breadcrumb":{"@id":"https:\/\/catedralskicenter.com\/producto\/rafting-limay-por-la-estepa-patagonica\/#breadcrumb"},"inLanguage":"pt-BR","potentialAction":[{"@type":"ReadAction","target":["https:\/\/catedralskicenter.com\/producto\/rafting-limay-por-la-estepa-patagonica\/"]}]},{"@type":"BreadcrumbList","@id":"https:\/\/catedralskicenter.com\/producto\/rafting-limay-por-la-estepa-patagonica\/#breadcrumb","itemListElement":[{"@type":"ListItem","position":1,"name":"Inicio","item":"https:\/\/catedralskicenter.com\/"},{"@type":"ListItem","position":2,"name":"Tienda","item":"https:\/\/catedralskicenter.com\/tienda\/"},{"@type":"ListItem","position":3,"name":"Rafting en R\u00edo Limay desde Bariloche: Naturaleza, Aventura y Estepa Patag\u00f3nica"}]},{"@type":"WebSite","@id":"https:\/\/catedralskicenter.com\/#website","url":"https:\/\/catedralskicenter.com\/","name":"Centro de esqui Catedral","description":"","potentialAction":[{"@type":"SearchAction","target":{"@type":"EntryPoint","urlTemplate":"https:\/\/catedralskicenter.com\/?s={search_term_string}"},"query-input":{"@type":"PropertyValueSpecification","valueRequired":true,"valueName":"search_term_string"}}],"inLanguage":"pt-BR"}]},"product_price_amount":"95400.00","product_price_currency":"ARS","og_availability":"instock","product_availability":"instock","product_retailer_item_id":"ADV2025RALIPO7XQ4","product_condition":"new"},"_links":{"self":[{"href":"https:\/\/catedralskicenter.com\/pt\/wp-json\/wp\/v2\/product\/17","targetHints":{"allow":["GET"]}}],"collection":[{"href":"https:\/\/catedralskicenter.com\/pt\/wp-json\/wp\/v2\/product"}],"about":[{"href":"https:\/\/catedralskicenter.com\/pt\/wp-json\/wp\/v2\/types\/product"}],"replies":[{"embeddable":true,"href":"https:\/\/catedralskicenter.com\/pt\/wp-json\/wp\/v2\/comments?post=17"}],"wp:attachment":[{"href":"https:\/\/catedralskicenter.com\/pt\/wp-json\/wp\/v2\/media?parent=17"}],"wp:term":[{"taxonomy":"product_brand","embeddable":true,"href":"https:\/\/catedralskicenter.com\/pt\/wp-json\/wp\/v2\/product_brand?post=17"},{"taxonomy":"product_cat","embeddable":true,"href":"https:\/\/catedralskicenter.com\/pt\/wp-json\/wp\/v2\/product_cat?post=17"},{"taxonomy":"product_tag","embeddable":true,"href":"https:\/\/catedralskicenter.com\/pt\/wp-json\/wp\/v2\/product_tag?post=17"}],"curies":[{"name":"wp","href":"https:\/\/api.w.org\/{rel}","templated":true}]}}