{"id":28,"date":"2025-06-14T11:45:40","date_gmt":"2025-06-14T14:45:40","guid":{"rendered":"https:\/\/catedralskicenter.com\/producto\/el-bolson-y-lago-puelo-ruta-escenica-cultura-artesanal-y-naturaleza-viva\/"},"modified":"2025-06-14T11:45:43","modified_gmt":"2025-06-14T14:45:43","slug":"bolson-y-lago-puelo","status":"publish","type":"product","link":"https:\/\/catedralskicenter.com\/pt\/produto\/bolson-e-lago-puelo\/","title":{"rendered":"El Bols\u00f3n e Lago Puelo: rota c\u00eanica, cultura artesanal e natureza viva"},"content":{"rendered":"<h2>Descubra a magia de Bolson e do Lago Puelo<\/h2>\n<p>Voc\u00ea pode desfrutar de um tipo diferente de viagem que come\u00e7a na cativante cidade de San Carlos de Bariloche, um dos lugares mais admirados da Patag\u00f4nia. Atravessando a lend\u00e1ria Rota Nacional 40, voc\u00ea viajar\u00e1 por paisagens imponentes, onde os lagos Guti\u00e9rrez, Mascardi e Guillelmo o surpreender\u00e3o a cada passo. Cada trecho oferece um aut\u00eantico cart\u00e3o postal da Patag\u00f4nia, convidando-o a se conectar com a natureza mais pura do sul.<\/p>\n<h3>El Bols\u00f3n: tradi\u00e7\u00e3o e paisagem<\/h3>\n<p><strong>El Bols\u00f3n<\/strong> \u00e9 conhecida por seu clima especial, que permite o desenvolvimento de frutas finas e l\u00fapulo. L\u00e1 voc\u00ea pode visitar a famosa <strong>Feira de artesanato<\/strong>, Um espa\u00e7o onde a criatividade e o artesanato local s\u00e3o o centro das aten\u00e7\u00f5es. Aproveite para observar como os artes\u00e3os trabalham com metais, cer\u00e2micas e tecidos t\u00edpicos, levando consigo a lembran\u00e7a de uma experi\u00eancia genu\u00edna.<\/p>\n<h3>Parque Nacional Lago Puelo: um para\u00edso a ser descoberto<\/h3>\n<p>No <strong>Parque Nacional Lago Puelo<\/strong> \u00e1guas azuis e paisagens de tirar o f\u00f4lego esperam por voc\u00ea. Localizado a apenas 26 quil\u00f4metros de El Bols\u00f3n, esse o\u00e1sis natural marca a fronteira entre R\u00edo Negro e Chubut. O retorno \u00e9 o toque final: contemple um p\u00f4r do sol inesquec\u00edvel sobre picos e espelhos d'\u00e1gua, uma imagem que voc\u00ea vai querer reviver novamente.<\/p>\n<h2>Fatos importantes sobre a excurs\u00e3o<\/h2>\n<ul>\n<li><strong>Rota:<\/strong> Dirija pelo Parque Nacional Nahuel Huapi, parando em El Bols\u00f3n e Lago Puelo.<\/li>\n<li><strong>Hor\u00e1rio:<\/strong> Partida aproximadamente das 8:30 \u00e0s 18:30 hs.<\/li>\n<li><strong>Ele inclui:<\/strong> Traslado, guia (em espanhol ou com op\u00e7\u00e3o bil\u00edngue por uma taxa adicional).<\/li>\n<li><strong>N\u00e3o inclu\u00eddo:<\/strong> Almo\u00e7os e taxas de entrada nos parques nacionais.<\/li>\n<\/ul>\n<h2>Perguntas frequentes (FAQ)<\/h2>\n<h3>A partida ser\u00e1 realizada em condi\u00e7\u00f5es clim\u00e1ticas adversas?<\/h3>\n<p>Sim, a excurs\u00e3o n\u00e3o \u00e9 suspensa por causa de chuva ou neve. Lembre-se de que o clima da Patag\u00f4nia pode ser vari\u00e1vel e imprevis\u00edvel.<\/p>\n<h3>Como fa\u00e7o para pagar a taxa de entrada no parque nacional?<\/h3>\n<p>A taxa de entrada para o Parque Nacional Lago Puelo n\u00e3o est\u00e1 inclu\u00edda e deve ser paga pessoalmente ao entrar na \u00e1rea protegida.<\/p>","protected":false},"excerpt":{"rendered":"<p>Viva uma aventura \u00fanica de Bariloche at\u00e9 o charmoso Bols\u00f3n e o fascinante Lago Puelo. Desfrute de vistas de tirar o f\u00f4lego, produtos artesanais t\u00edpicos e o aut\u00eantico esp\u00edrito patag\u00f4nico em uma proposta imperd\u00edvel.<\/p>","protected":false},"featured_media":0,"comment_status":"open","ping_status":"closed","template":"","meta":[],"product_brand":[],"product_cat":[15],"product_tag":[],"class_list":{"0":"post-28","1":"product","2":"type-product","3":"status-publish","5":"product_cat-sin-categorizar","7":"first","8":"instock","9":"sold-individually","10":"purchasable","11":"product-type-booking"},"booking_location":"","booking_location_type":"","booking_duration":1,"booking_duration_unit":"hour","booking_buffer":0,"booking_cost":0,"booking_resources":[],"exclude_global_add_ons":[],"addons":[],"yoast_head":"<!-- This site is optimized with the Yoast SEO Premium plugin v25.2 (Yoast SEO v25.2) - https:\/\/yoast.com\/wordpress\/plugins\/seo\/ -->\n<title>El Bols\u00f3n y Lago Puelo: ruta esc\u00e9nica, cultura artesanal y naturaleza viva - Catedral Ski Center<\/title>\n<meta name=\"robots\" content=\"index, follow, max-snippet:-1, max-image-preview:large, max-video-preview:-1\" \/>\n<link rel=\"canonical\" href=\"https:\/\/catedralskicenter.com\/pt\/produto\/bolson-e-lago-puelo\/\" \/>\n<meta property=\"og:locale\" content=\"pt_BR\" \/>\n<meta property=\"og:type\" content=\"article\" \/>\n<meta property=\"og:title\" content=\"El Bols\u00f3n y Lago Puelo: ruta esc\u00e9nica, cultura artesanal y naturaleza viva\" \/>\n<meta property=\"og:description\" content=\"Viv\u00ed una aventura \u00fanica desde Bariloche rumbo al encantador Bols\u00f3n y el fascinante Lago Puelo. Disfrut\u00e1 de vistas imponentes, productos artesanales t\u00edpicos y el aut\u00e9ntico esp\u00edritu patag\u00f3nico en una propuesta que no te pod\u00e9s perder.\" \/>\n<meta property=\"og:url\" content=\"https:\/\/catedralskicenter.com\/pt\/produto\/bolson-e-lago-puelo\/\" \/>\n<meta property=\"og:site_name\" content=\"Catedral Ski Center\" \/>\n<meta property=\"article:modified_time\" content=\"2025-06-14T14:45:43+00:00\" \/>\n<meta name=\"twitter:card\" content=\"summary_large_image\" \/>\n<meta name=\"twitter:label1\" content=\"Pre\u00e7o\" \/>\n\t<meta name=\"twitter:data1\" content=\"&#036;59,500.00\" \/>\n\t<meta name=\"twitter:label2\" content=\"Disponibilidade\" \/>\n\t<meta name=\"twitter:data2\" content=\"Em Estoque\" \/>\n<script type=\"application\/ld+json\" class=\"yoast-schema-graph\">{\"@context\":\"https:\/\/schema.org\",\"@graph\":[{\"@type\":\"WebPage\",\"@id\":\"https:\/\/catedralskicenter.com\/producto\/bolson-y-lago-puelo\/\",\"url\":\"https:\/\/catedralskicenter.com\/producto\/bolson-y-lago-puelo\/\",\"name\":\"El Bols\u00f3n y Lago Puelo: ruta esc\u00e9nica, cultura artesanal y naturaleza viva - Catedral Ski Center\",\"isPartOf\":{\"@id\":\"https:\/\/catedralskicenter.com\/#website\"},\"datePublished\":\"2025-06-14T14:45:40+00:00\",\"dateModified\":\"2025-06-14T14:45:43+00:00\",\"breadcrumb\":{\"@id\":\"https:\/\/catedralskicenter.com\/producto\/bolson-y-lago-puelo\/#breadcrumb\"},\"inLanguage\":\"pt-BR\",\"potentialAction\":[{\"@type\":\"ReadAction\",\"target\":[\"https:\/\/catedralskicenter.com\/producto\/bolson-y-lago-puelo\/\"]}]},{\"@type\":\"BreadcrumbList\",\"@id\":\"https:\/\/catedralskicenter.com\/producto\/bolson-y-lago-puelo\/#breadcrumb\",\"itemListElement\":[{\"@type\":\"ListItem\",\"position\":1,\"name\":\"Inicio\",\"item\":\"https:\/\/catedralskicenter.com\/\"},{\"@type\":\"ListItem\",\"position\":2,\"name\":\"Tienda\",\"item\":\"https:\/\/catedralskicenter.com\/tienda\/\"},{\"@type\":\"ListItem\",\"position\":3,\"name\":\"El Bols\u00f3n y Lago Puelo: ruta esc\u00e9nica, cultura artesanal y naturaleza viva\"}]},{\"@type\":\"WebSite\",\"@id\":\"https:\/\/catedralskicenter.com\/#website\",\"url\":\"https:\/\/catedralskicenter.com\/\",\"name\":\"Catedral Ski Center\",\"description\":\"\",\"potentialAction\":[{\"@type\":\"SearchAction\",\"target\":{\"@type\":\"EntryPoint\",\"urlTemplate\":\"https:\/\/catedralskicenter.com\/?s={search_term_string}\"},\"query-input\":{\"@type\":\"PropertyValueSpecification\",\"valueRequired\":true,\"valueName\":\"search_term_string\"}}],\"inLanguage\":\"pt-BR\"}]}<\/script>\n<meta property=\"product:price:amount\" content=\"59500.00\" \/>\n<meta property=\"product:price:currency\" content=\"ARS\" \/>\n<meta property=\"og:availability\" content=\"instock\" \/>\n<meta property=\"product:availability\" content=\"instock\" \/>\n<meta property=\"product:retailer_item_id\" content=\"ADV2025BOYLAPYFHS\" \/>\n<meta property=\"product:condition\" content=\"new\" \/>\n<!-- \/ Yoast SEO Premium plugin. -->","yoast_head_json":{"title":"El Bols\u00f3n e Lago Puelo: rota c\u00eanica, cultura artesanal e natureza viva - Catedral Ski Center","robots":{"index":"index","follow":"follow","max-snippet":"max-snippet:-1","max-image-preview":"max-image-preview:large","max-video-preview":"max-video-preview:-1"},"canonical":"https:\/\/catedralskicenter.com\/pt\/produto\/bolson-e-lago-puelo\/","og_locale":"pt_BR","og_type":"article","og_title":"El Bols\u00f3n y Lago Puelo: ruta esc\u00e9nica, cultura artesanal y naturaleza viva","og_description":"Viv\u00ed una aventura \u00fanica desde Bariloche rumbo al encantador Bols\u00f3n y el fascinante Lago Puelo. Disfrut\u00e1 de vistas imponentes, productos artesanales t\u00edpicos y el aut\u00e9ntico esp\u00edritu patag\u00f3nico en una propuesta que no te pod\u00e9s perder.","og_url":"https:\/\/catedralskicenter.com\/pt\/produto\/bolson-e-lago-puelo\/","og_site_name":"Catedral Ski Center","article_modified_time":"2025-06-14T14:45:43+00:00","twitter_card":"summary_large_image","twitter_misc":{"Pre\u00e7o":"&#36;59,500.00","Disponibilidade":"Em Estoque"},"schema":{"@context":"https:\/\/schema.org","@graph":[{"@type":"WebPage","@id":"https:\/\/catedralskicenter.com\/producto\/bolson-y-lago-puelo\/","url":"https:\/\/catedralskicenter.com\/producto\/bolson-y-lago-puelo\/","name":"El Bols\u00f3n e Lago Puelo: rota c\u00eanica, cultura artesanal e natureza viva - Catedral Ski Center","isPartOf":{"@id":"https:\/\/catedralskicenter.com\/#website"},"datePublished":"2025-06-14T14:45:40+00:00","dateModified":"2025-06-14T14:45:43+00:00","breadcrumb":{"@id":"https:\/\/catedralskicenter.com\/producto\/bolson-y-lago-puelo\/#breadcrumb"},"inLanguage":"pt-BR","potentialAction":[{"@type":"ReadAction","target":["https:\/\/catedralskicenter.com\/producto\/bolson-y-lago-puelo\/"]}]},{"@type":"BreadcrumbList","@id":"https:\/\/catedralskicenter.com\/producto\/bolson-y-lago-puelo\/#breadcrumb","itemListElement":[{"@type":"ListItem","position":1,"name":"Inicio","item":"https:\/\/catedralskicenter.com\/"},{"@type":"ListItem","position":2,"name":"Tienda","item":"https:\/\/catedralskicenter.com\/tienda\/"},{"@type":"ListItem","position":3,"name":"El Bols\u00f3n y Lago Puelo: ruta esc\u00e9nica, cultura artesanal y naturaleza viva"}]},{"@type":"WebSite","@id":"https:\/\/catedralskicenter.com\/#website","url":"https:\/\/catedralskicenter.com\/","name":"Centro de esqui Catedral","description":"","potentialAction":[{"@type":"SearchAction","target":{"@type":"EntryPoint","urlTemplate":"https:\/\/catedralskicenter.com\/?s={search_term_string}"},"query-input":{"@type":"PropertyValueSpecification","valueRequired":true,"valueName":"search_term_string"}}],"inLanguage":"pt-BR"}]},"product_price_amount":"59500.00","product_price_currency":"ARS","og_availability":"instock","product_availability":"instock","product_retailer_item_id":"ADV2025BOYLAPYFHS","product_condition":"new"},"_links":{"self":[{"href":"https:\/\/catedralskicenter.com\/pt\/wp-json\/wp\/v2\/product\/28","targetHints":{"allow":["GET"]}}],"collection":[{"href":"https:\/\/catedralskicenter.com\/pt\/wp-json\/wp\/v2\/product"}],"about":[{"href":"https:\/\/catedralskicenter.com\/pt\/wp-json\/wp\/v2\/types\/product"}],"replies":[{"embeddable":true,"href":"https:\/\/catedralskicenter.com\/pt\/wp-json\/wp\/v2\/comments?post=28"}],"wp:attachment":[{"href":"https:\/\/catedralskicenter.com\/pt\/wp-json\/wp\/v2\/media?parent=28"}],"wp:term":[{"taxonomy":"product_brand","embeddable":true,"href":"https:\/\/catedralskicenter.com\/pt\/wp-json\/wp\/v2\/product_brand?post=28"},{"taxonomy":"product_cat","embeddable":true,"href":"https:\/\/catedralskicenter.com\/pt\/wp-json\/wp\/v2\/product_cat?post=28"},{"taxonomy":"product_tag","embeddable":true,"href":"https:\/\/catedralskicenter.com\/pt\/wp-json\/wp\/v2\/product_tag?post=28"}],"curies":[{"name":"wp","href":"https:\/\/api.w.org\/{rel}","templated":true}]}}