{"id":29,"date":"2025-06-14T11:46:07","date_gmt":"2025-06-14T14:46:07","guid":{"rendered":"https:\/\/catedralskicenter.com\/producto\/cerro-tronador-y-ventisquero-negro-exploracion-total-en-el-corazon-de-la-patagonia\/"},"modified":"2025-06-14T11:46:11","modified_gmt":"2025-06-14T14:46:11","slug":"cerro-tronador-y-ventisquero-negro","status":"publish","type":"product","link":"https:\/\/catedralskicenter.com\/pt\/produto\/cerro-tronador-e-ventisquero-negro\/","title":{"rendered":"Cerro Tronador e Ventisquero Negro: explora\u00e7\u00e3o completa no cora\u00e7\u00e3o da Patag\u00f4nia"},"content":{"rendered":"<h3 data-start=\"470\" data-end=\"552\"><strong data-start=\"474\" data-end=\"552\">Uma escapada \u00fanica para as paisagens mais majestosas dos Andes Patag\u00f4nicos.<\/strong><\/h3>\n<p data-start=\"554\" data-end=\"888\">Com essa excurs\u00e3o, voc\u00ea ter\u00e1 a sensa\u00e7\u00e3o de explorar um dos cen\u00e1rios mais impressionantes do Parque Nacional Nahuel Huapi. O <strong data-start=\"666\" data-end=\"684\">Serra do Tronador<\/strong>, com seu manto branco permanente e geleiras em movimento, \u00e9 um emblema da regi\u00e3o e um destino empolgante para quem busca paisagens cativantes e experi\u00eancias na natureza.<\/p>\n<p data-start=\"890\" data-end=\"1248\">O itiner\u00e1rio come\u00e7a no ponto de encontro em Bariloche (centro da cidade e at\u00e9 o km 8, ao longo das avenidas Bustillo e Pioneros), continuando pela rota panor\u00e2mica que acompanha os lagos Gutierrez e Mascardi. Ao longo do caminho, voc\u00ea far\u00e1 algumas paradas imperd\u00edveis para fotos, como em <strong data-start=\"1147\" data-end=\"1162\">Praia Negra<\/strong> e o <strong data-start=\"1168\" data-end=\"1198\">Mirante da Ilha do Cora\u00e7\u00e3o<\/strong>, e uma pausa no acampamento Los R\u00e1pidos.<\/p>\n<p data-start=\"1250\" data-end=\"1591\">A experi\u00eancia continua no caminho para o <strong data-start=\"1287\" data-end=\"1308\">Neve Negra<\/strong>, Uma geleira vibrante que desce dos picos do Tronador. A partir daqui, voc\u00ea testemunhar\u00e1 os incr\u00edveis contrastes entre o gelo escuro e a neve eterna. Em <strong data-start=\"1490\" data-end=\"1505\">Pampa Linda<\/strong> Voc\u00ea ter\u00e1 tempo livre para almo\u00e7ar nos paradores da regi\u00e3o e aproveitar ao m\u00e1ximo o ambiente natural.<\/p>\n<p data-start=\"1593\" data-end=\"1835\">A excurs\u00e3o \u00e9 realizada das 9h \u00e0s 18h30, aproximadamente, e inclui traslado, guia em espanhol e paradas especialmente escolhidas para que voc\u00ea se conecte com essa joia natural. N\u00e3o inclui refei\u00e7\u00f5es nem a taxa de entrada no Parque Nacional, que \u00e9 paga separadamente.<\/p>\n<h3 data-start=\"1842\" data-end=\"1870\"><strong data-start=\"1846\" data-end=\"1870\">Perguntas frequentes<\/strong><\/h3>\n<p data-start=\"1872\" data-end=\"2010\"><strong data-start=\"1872\" data-end=\"1908\">\u00c9 necess\u00e1ria alguma condi\u00e7\u00e3o f\u00edsica especial?<\/strong><br data-start=\"1908\" data-end=\"1911\" \/>De forma alguma. Todo o passeio \u00e9 feito de ve\u00edculo, com pequenas caminhadas em pontos panor\u00e2micos. \u00c9 adequado para todas as idades.<\/p>\n<p data-start=\"2012\" data-end=\"2124\"><strong data-start=\"2012\" data-end=\"2038\">Onde voc\u00ea pode almo\u00e7ar?<\/strong><br data-start=\"2038\" data-end=\"2041\" \/>Em Pampa Linda, h\u00e1 paradores dispon\u00edveis com pratos e bebidas regionais para escolher.<\/p>\n<p data-start=\"2126\" data-end=\"2290\"><strong data-start=\"2126\" data-end=\"2160\">O que levar para a caminhada?<\/strong><br data-start=\"2160\" data-end=\"2163\" \/>Roupas confort\u00e1veis e quentes, cal\u00e7ados apropriados, protetor solar, sua garrafa de \u00e1gua e algum dinheiro para entrada e refei\u00e7\u00f5es.<\/p>\n<p data-start=\"2292\" data-end=\"2476\"><strong data-start=\"2292\" data-end=\"2322\">Quais servi\u00e7os est\u00e3o inclu\u00eddos na atividade?<\/strong><br data-start=\"2322\" data-end=\"2325\" \/>O traslado de ida e volta aos pontos de encontro, a companhia de um guia e todo o passeio. Alimenta\u00e7\u00e3o e taxa de entrada no Parque Nacional Nahuel Huapi n\u00e3o est\u00e3o inclu\u00eddas.<\/p>","protected":false},"excerpt":{"rendered":"<p>Viva uma experi\u00eancia \u00fanica explorando o Parque Nacional Nahuel Huapi, admirando a imponente presen\u00e7a do Cerro Tronador e a incr\u00edvel Geleira Ventisquero Negro. Natureza, emo\u00e7\u00e3o e bem-estar em uma combina\u00e7\u00e3o ideal.<\/p>","protected":false},"featured_media":0,"comment_status":"open","ping_status":"closed","template":"","meta":[],"product_brand":[],"product_cat":[15],"product_tag":[],"class_list":{"0":"post-29","1":"product","2":"type-product","3":"status-publish","5":"product_cat-sin-categorizar","7":"first","8":"instock","9":"sold-individually","10":"purchasable","11":"product-type-booking"},"booking_location":"","booking_location_type":"","booking_duration":1,"booking_duration_unit":"hour","booking_buffer":0,"booking_cost":0,"booking_resources":[],"exclude_global_add_ons":[],"addons":[],"yoast_head":"<!-- This site is optimized with the Yoast SEO Premium plugin v25.2 (Yoast SEO v25.2) - https:\/\/yoast.com\/wordpress\/plugins\/seo\/ -->\n<title>Cerro Tronador y Ventisquero Negro: exploraci\u00f3n total en el coraz\u00f3n de la Patagonia - Catedral Ski Center<\/title>\n<meta name=\"robots\" content=\"index, follow, max-snippet:-1, max-image-preview:large, max-video-preview:-1\" \/>\n<link rel=\"canonical\" href=\"https:\/\/catedralskicenter.com\/pt\/produto\/cerro-tronador-e-ventisquero-negro\/\" \/>\n<meta property=\"og:locale\" content=\"pt_BR\" \/>\n<meta property=\"og:type\" content=\"article\" \/>\n<meta property=\"og:title\" content=\"Cerro Tronador y Ventisquero Negro: exploraci\u00f3n total en el coraz\u00f3n de la Patagonia\" \/>\n<meta property=\"og:description\" content=\"Viv\u00ed una experiencia \u00fanica explorando el Parque Nacional Nahuel Huapi, admirando la imponente presencia del Cerro Tronador y el sorprendente Glaciar Ventisquero Negro. Naturaleza, emoci\u00f3n y bienestar en una combinaci\u00f3n ideal.\" \/>\n<meta property=\"og:url\" content=\"https:\/\/catedralskicenter.com\/pt\/produto\/cerro-tronador-e-ventisquero-negro\/\" \/>\n<meta property=\"og:site_name\" content=\"Catedral Ski Center\" \/>\n<meta property=\"article:modified_time\" content=\"2025-06-14T14:46:11+00:00\" \/>\n<meta name=\"twitter:card\" content=\"summary_large_image\" \/>\n<meta name=\"twitter:label1\" content=\"Pre\u00e7o\" \/>\n\t<meta name=\"twitter:data1\" content=\"&#036;59,500.00\" \/>\n\t<meta name=\"twitter:label2\" content=\"Disponibilidade\" \/>\n\t<meta name=\"twitter:data2\" content=\"Em Estoque\" \/>\n<script type=\"application\/ld+json\" class=\"yoast-schema-graph\">{\"@context\":\"https:\/\/schema.org\",\"@graph\":[{\"@type\":\"WebPage\",\"@id\":\"https:\/\/catedralskicenter.com\/producto\/cerro-tronador-y-ventisquero-negro\/\",\"url\":\"https:\/\/catedralskicenter.com\/producto\/cerro-tronador-y-ventisquero-negro\/\",\"name\":\"Cerro Tronador y Ventisquero Negro: exploraci\u00f3n total en el coraz\u00f3n de la Patagonia - Catedral Ski Center\",\"isPartOf\":{\"@id\":\"https:\/\/catedralskicenter.com\/#website\"},\"datePublished\":\"2025-06-14T14:46:07+00:00\",\"dateModified\":\"2025-06-14T14:46:11+00:00\",\"breadcrumb\":{\"@id\":\"https:\/\/catedralskicenter.com\/producto\/cerro-tronador-y-ventisquero-negro\/#breadcrumb\"},\"inLanguage\":\"pt-BR\",\"potentialAction\":[{\"@type\":\"ReadAction\",\"target\":[\"https:\/\/catedralskicenter.com\/producto\/cerro-tronador-y-ventisquero-negro\/\"]}]},{\"@type\":\"BreadcrumbList\",\"@id\":\"https:\/\/catedralskicenter.com\/producto\/cerro-tronador-y-ventisquero-negro\/#breadcrumb\",\"itemListElement\":[{\"@type\":\"ListItem\",\"position\":1,\"name\":\"Inicio\",\"item\":\"https:\/\/catedralskicenter.com\/\"},{\"@type\":\"ListItem\",\"position\":2,\"name\":\"Tienda\",\"item\":\"https:\/\/catedralskicenter.com\/tienda\/\"},{\"@type\":\"ListItem\",\"position\":3,\"name\":\"Cerro Tronador y Ventisquero Negro: exploraci\u00f3n total en el coraz\u00f3n de la Patagonia\"}]},{\"@type\":\"WebSite\",\"@id\":\"https:\/\/catedralskicenter.com\/#website\",\"url\":\"https:\/\/catedralskicenter.com\/\",\"name\":\"Catedral Ski Center\",\"description\":\"\",\"potentialAction\":[{\"@type\":\"SearchAction\",\"target\":{\"@type\":\"EntryPoint\",\"urlTemplate\":\"https:\/\/catedralskicenter.com\/?s={search_term_string}\"},\"query-input\":{\"@type\":\"PropertyValueSpecification\",\"valueRequired\":true,\"valueName\":\"search_term_string\"}}],\"inLanguage\":\"pt-BR\"}]}<\/script>\n<meta property=\"product:price:amount\" content=\"59500.00\" \/>\n<meta property=\"product:price:currency\" content=\"ARS\" \/>\n<meta property=\"og:availability\" content=\"instock\" \/>\n<meta property=\"product:availability\" content=\"instock\" \/>\n<meta property=\"product:retailer_item_id\" content=\"ADV2025CETRYVHMNO\" \/>\n<meta property=\"product:condition\" content=\"new\" \/>\n<!-- \/ Yoast SEO Premium plugin. -->","yoast_head_json":{"title":"Cerro Tronador e Ventisquero Negro: explora\u00e7\u00e3o completa no cora\u00e7\u00e3o da Patag\u00f4nia - Catedral Ski Center","robots":{"index":"index","follow":"follow","max-snippet":"max-snippet:-1","max-image-preview":"max-image-preview:large","max-video-preview":"max-video-preview:-1"},"canonical":"https:\/\/catedralskicenter.com\/pt\/produto\/cerro-tronador-e-ventisquero-negro\/","og_locale":"pt_BR","og_type":"article","og_title":"Cerro Tronador y Ventisquero Negro: exploraci\u00f3n total en el coraz\u00f3n de la Patagonia","og_description":"Viv\u00ed una experiencia \u00fanica explorando el Parque Nacional Nahuel Huapi, admirando la imponente presencia del Cerro Tronador y el sorprendente Glaciar Ventisquero Negro. Naturaleza, emoci\u00f3n y bienestar en una combinaci\u00f3n ideal.","og_url":"https:\/\/catedralskicenter.com\/pt\/produto\/cerro-tronador-e-ventisquero-negro\/","og_site_name":"Catedral Ski Center","article_modified_time":"2025-06-14T14:46:11+00:00","twitter_card":"summary_large_image","twitter_misc":{"Pre\u00e7o":"&#36;59,500.00","Disponibilidade":"Em Estoque"},"schema":{"@context":"https:\/\/schema.org","@graph":[{"@type":"WebPage","@id":"https:\/\/catedralskicenter.com\/producto\/cerro-tronador-y-ventisquero-negro\/","url":"https:\/\/catedralskicenter.com\/producto\/cerro-tronador-y-ventisquero-negro\/","name":"Cerro Tronador e Ventisquero Negro: explora\u00e7\u00e3o completa no cora\u00e7\u00e3o da Patag\u00f4nia - Catedral Ski Center","isPartOf":{"@id":"https:\/\/catedralskicenter.com\/#website"},"datePublished":"2025-06-14T14:46:07+00:00","dateModified":"2025-06-14T14:46:11+00:00","breadcrumb":{"@id":"https:\/\/catedralskicenter.com\/producto\/cerro-tronador-y-ventisquero-negro\/#breadcrumb"},"inLanguage":"pt-BR","potentialAction":[{"@type":"ReadAction","target":["https:\/\/catedralskicenter.com\/producto\/cerro-tronador-y-ventisquero-negro\/"]}]},{"@type":"BreadcrumbList","@id":"https:\/\/catedralskicenter.com\/producto\/cerro-tronador-y-ventisquero-negro\/#breadcrumb","itemListElement":[{"@type":"ListItem","position":1,"name":"Inicio","item":"https:\/\/catedralskicenter.com\/"},{"@type":"ListItem","position":2,"name":"Tienda","item":"https:\/\/catedralskicenter.com\/tienda\/"},{"@type":"ListItem","position":3,"name":"Cerro Tronador y Ventisquero Negro: exploraci\u00f3n total en el coraz\u00f3n de la Patagonia"}]},{"@type":"WebSite","@id":"https:\/\/catedralskicenter.com\/#website","url":"https:\/\/catedralskicenter.com\/","name":"Centro de esqui Catedral","description":"","potentialAction":[{"@type":"SearchAction","target":{"@type":"EntryPoint","urlTemplate":"https:\/\/catedralskicenter.com\/?s={search_term_string}"},"query-input":{"@type":"PropertyValueSpecification","valueRequired":true,"valueName":"search_term_string"}}],"inLanguage":"pt-BR"}]},"product_price_amount":"59500.00","product_price_currency":"ARS","og_availability":"instock","product_availability":"instock","product_retailer_item_id":"ADV2025CETRYVHMNO","product_condition":"new"},"_links":{"self":[{"href":"https:\/\/catedralskicenter.com\/pt\/wp-json\/wp\/v2\/product\/29","targetHints":{"allow":["GET"]}}],"collection":[{"href":"https:\/\/catedralskicenter.com\/pt\/wp-json\/wp\/v2\/product"}],"about":[{"href":"https:\/\/catedralskicenter.com\/pt\/wp-json\/wp\/v2\/types\/product"}],"replies":[{"embeddable":true,"href":"https:\/\/catedralskicenter.com\/pt\/wp-json\/wp\/v2\/comments?post=29"}],"wp:attachment":[{"href":"https:\/\/catedralskicenter.com\/pt\/wp-json\/wp\/v2\/media?parent=29"}],"wp:term":[{"taxonomy":"product_brand","embeddable":true,"href":"https:\/\/catedralskicenter.com\/pt\/wp-json\/wp\/v2\/product_brand?post=29"},{"taxonomy":"product_cat","embeddable":true,"href":"https:\/\/catedralskicenter.com\/pt\/wp-json\/wp\/v2\/product_cat?post=29"},{"taxonomy":"product_tag","embeddable":true,"href":"https:\/\/catedralskicenter.com\/pt\/wp-json\/wp\/v2\/product_tag?post=29"}],"curies":[{"name":"wp","href":"https:\/\/api.w.org\/{rel}","templated":true}]}}