{"id":30,"date":"2025-06-14T11:46:33","date_gmt":"2025-06-14T14:46:33","guid":{"rendered":"https:\/\/catedralskicenter.com\/producto\/san-martin-de-los-andes-por-ruta-de-los-7-lagos\/"},"modified":"2025-06-14T11:46:36","modified_gmt":"2025-06-14T14:46:36","slug":"san-martin-de-los-andes-por-7-lagos","status":"publish","type":"product","link":"https:\/\/catedralskicenter.com\/pt\/produto\/san-martin-de-los-andes-por-7-lagos\/","title":{"rendered":"San Mart\u00edn de los Andes pela Rota dos 7 Lagos"},"content":{"rendered":"<h2>Conhe\u00e7a a fascinante estrada para San Mart\u00edn de los Andes<\/h2>\n<p>Experimente uma viagem inesquec\u00edvel saindo de Bariloche e indo em dire\u00e7\u00e3o \u00e0 encantadora San Martin de los Andes. Ao longo do <strong>Rota Nacional 40<\/strong>, Voc\u00ea se surpreender\u00e1 com panoramas de sonho, passando pela atraente <strong>Dina Huapi<\/strong>, do outro lado do rio <strong>Limay<\/strong> e na majestade do <strong>Parque Nacional Nahuel Huapi<\/strong>.<\/p>\n<h3>Um ambiente natural que emociona<\/h3>\n<p>No passeio, voc\u00ea ser\u00e1 cativado pelas vistas exclusivas de cart\u00e3o postal da <strong>lagos Espejo, Correntoso, Escondido, Villarino, Falkner, Mach\u00f4nico<\/strong> e o deslumbrante <strong>Lago L\u00e1car<\/strong>, epicentro do <strong>Parque Nacional Lan\u00edn<\/strong>. Cada parada \u00e9 uma oportunidade de se conectar com a natureza e valorizar experi\u00eancias \u00fanicas.<\/p>\n<h3>O cora\u00e7\u00e3o de San Mart\u00edn de los Andes<\/h3>\n<p>Ao chegar a San Martin de los Andes, uma cidade de conto de fadas o aguarda, abra\u00e7ada por imponentes montanhas e lagos de \u00e1guas puras. Caminhe por suas ruas charmosas, visite as feiras de artesanato ou relaxe em um cafecito com uma x\u00edcara de caf\u00e9. <strong>vista incr\u00edvel<\/strong> do Lago L\u00e1car.<\/p>\n<h3>Informa\u00e7\u00f5es sobre a excurs\u00e3o<\/h3>\n<ul>\n<li><strong>Rota:<\/strong> Passeio guiado por terra visitando Villa La Angostura e a ic\u00f4nica Rota dos 7 Lagos.<\/li>\n<li><strong>Hor\u00e1rio:<\/strong> Das 8:00 horas at\u00e9 aproximadamente 18:30 horas.<\/li>\n<li><strong>Ele inclui:<\/strong> Transporte e guia em ingl\u00eas (guia bil\u00edngue dispon\u00edvel por um custo extra).<\/li>\n<li><strong>N\u00e3o inclu\u00eddo:<\/strong> Refei\u00e7\u00f5es (h\u00e1 paradas em Paradors ao longo do caminho).<\/li>\n<\/ul>\n<p>N\u00e3o perca essa chance irrepet\u00edvel de conhecer a Patag\u00f4nia em todo o seu esplendor.<\/p>\n<h2>Perguntas frequentes<\/h2>\n<ul>\n<li><strong>O que acontece se chover ou nevar durante a partida?<\/strong><br \/>\nA excurs\u00e3o \u00e9 realizada de qualquer maneira, pois a chuva e a neve s\u00e3o parte normal do clima da Patag\u00f4nia.<\/li>\n<li><strong>Os passeios de barco nos lagos est\u00e3o inclu\u00eddos?<\/strong><br \/>\nN\u00e3o, a proposta \u00e9 totalmente por terra em micro\u00f4nibus, com paradas para tirar fotos e visitar San Mart\u00edn de los Andes e Villa La Angostura.<\/li>\n<li><strong>H\u00e1 paradas ao longo do caminho?<\/strong><br \/>\nSim, h\u00e1 paradas intermedi\u00e1rias e uma em San Martin de los Andes para que voc\u00ea possa almo\u00e7ar e caminhar pela cidade.<\/li>\n<li><strong>\u00c9 poss\u00edvel terminar a viagem em outro local?<\/strong><br \/>\nSim, voc\u00ea pode optar por terminar o passeio em Villa La Angostura ou San Martin de los Andes e levar sua bagagem com voc\u00ea.<\/li>\n<li><strong>Existe a possibilidade de voltar no dia seguinte?<\/strong><br \/>\nA excurs\u00e3o \u00e9 de um dia inteiro e retorna durante o dia. Se voc\u00ea pretende ficar, ter\u00e1 que organizar e pagar pela viagem de volta separadamente.<\/li>\n<\/ul>","protected":false},"excerpt":{"rendered":"<h2>N\u00f3s o convidamos para uma experi\u00eancia \u00fanica<\/h2>\n<p>Deixe que o ambiente o deslumbre ao caminhar pelo <strong>rota dos 7 lagos<\/strong> rumo a San Mart\u00edn de los Andes. Descubra vistas incr\u00edveis e conhe\u00e7a uma cidade cativante emoldurada por paisagens naturais. Reserve seu lugar e aproveite essa aventura \u00fanica!<\/p>","protected":false},"featured_media":0,"comment_status":"open","ping_status":"closed","template":"","meta":[],"product_brand":[],"product_cat":[15],"product_tag":[],"class_list":{"0":"post-30","1":"product","2":"type-product","3":"status-publish","5":"product_cat-sin-categorizar","7":"first","8":"instock","9":"sold-individually","10":"purchasable","11":"product-type-booking"},"booking_location":"","booking_location_type":"","booking_duration":1,"booking_duration_unit":"hour","booking_buffer":0,"booking_cost":0,"booking_resources":[],"exclude_global_add_ons":[],"addons":[],"yoast_head":"<!-- This site is optimized with the Yoast SEO Premium plugin v25.2 (Yoast SEO v25.2) - https:\/\/yoast.com\/wordpress\/plugins\/seo\/ -->\n<title>San Mart\u00edn de los Andes por Ruta de los 7 Lagos - Catedral Ski Center<\/title>\n<meta name=\"robots\" content=\"index, follow, max-snippet:-1, max-image-preview:large, max-video-preview:-1\" \/>\n<link rel=\"canonical\" href=\"https:\/\/catedralskicenter.com\/pt\/produto\/san-martin-de-los-andes-por-7-lagos\/\" \/>\n<meta property=\"og:locale\" content=\"pt_BR\" \/>\n<meta property=\"og:type\" content=\"article\" \/>\n<meta property=\"og:title\" content=\"San Mart\u00edn de los Andes por Ruta de los 7 Lagos\" \/>\n<meta property=\"og:description\" content=\"Te invitamos a una experiencia \u00fanica Dej\u00e1 que el entorno te deslumbre mientras transit\u00e1s la ruta de los 7 lagos rumbo a San Mart\u00edn de los Andes. Descubr\u00ed vistas asombrosas y conoc\u00e9 una ciudad cautivante enmarcada por escenarios naturales. \u00a1Reserv\u00e1 tu lugar y disfrut\u00e1 de esta aventura irrepetible!\" \/>\n<meta property=\"og:url\" content=\"https:\/\/catedralskicenter.com\/pt\/produto\/san-martin-de-los-andes-por-7-lagos\/\" \/>\n<meta property=\"og:site_name\" content=\"Catedral Ski Center\" \/>\n<meta property=\"article:modified_time\" content=\"2025-06-14T14:46:36+00:00\" \/>\n<meta name=\"twitter:card\" content=\"summary_large_image\" \/>\n<meta name=\"twitter:label1\" content=\"Pre\u00e7o\" \/>\n\t<meta name=\"twitter:data1\" content=\"&#036;70,500.00\" \/>\n\t<meta name=\"twitter:label2\" content=\"Disponibilidade\" \/>\n\t<meta name=\"twitter:data2\" content=\"Em Estoque\" \/>\n<script type=\"application\/ld+json\" class=\"yoast-schema-graph\">{\"@context\":\"https:\/\/schema.org\",\"@graph\":[{\"@type\":\"WebPage\",\"@id\":\"https:\/\/catedralskicenter.com\/producto\/san-martin-de-los-andes-por-7-lagos\/\",\"url\":\"https:\/\/catedralskicenter.com\/producto\/san-martin-de-los-andes-por-7-lagos\/\",\"name\":\"San Mart\u00edn de los Andes por Ruta de los 7 Lagos - Catedral Ski Center\",\"isPartOf\":{\"@id\":\"https:\/\/catedralskicenter.com\/#website\"},\"datePublished\":\"2025-06-14T14:46:33+00:00\",\"dateModified\":\"2025-06-14T14:46:36+00:00\",\"breadcrumb\":{\"@id\":\"https:\/\/catedralskicenter.com\/producto\/san-martin-de-los-andes-por-7-lagos\/#breadcrumb\"},\"inLanguage\":\"pt-BR\",\"potentialAction\":[{\"@type\":\"ReadAction\",\"target\":[\"https:\/\/catedralskicenter.com\/producto\/san-martin-de-los-andes-por-7-lagos\/\"]}]},{\"@type\":\"BreadcrumbList\",\"@id\":\"https:\/\/catedralskicenter.com\/producto\/san-martin-de-los-andes-por-7-lagos\/#breadcrumb\",\"itemListElement\":[{\"@type\":\"ListItem\",\"position\":1,\"name\":\"Inicio\",\"item\":\"https:\/\/catedralskicenter.com\/\"},{\"@type\":\"ListItem\",\"position\":2,\"name\":\"Tienda\",\"item\":\"https:\/\/catedralskicenter.com\/tienda\/\"},{\"@type\":\"ListItem\",\"position\":3,\"name\":\"San Mart\u00edn de los Andes por Ruta de los 7 Lagos\"}]},{\"@type\":\"WebSite\",\"@id\":\"https:\/\/catedralskicenter.com\/#website\",\"url\":\"https:\/\/catedralskicenter.com\/\",\"name\":\"Catedral Ski Center\",\"description\":\"\",\"potentialAction\":[{\"@type\":\"SearchAction\",\"target\":{\"@type\":\"EntryPoint\",\"urlTemplate\":\"https:\/\/catedralskicenter.com\/?s={search_term_string}\"},\"query-input\":{\"@type\":\"PropertyValueSpecification\",\"valueRequired\":true,\"valueName\":\"search_term_string\"}}],\"inLanguage\":\"pt-BR\"}]}<\/script>\n<meta property=\"product:price:amount\" content=\"70500.00\" \/>\n<meta property=\"product:price:currency\" content=\"ARS\" \/>\n<meta property=\"og:availability\" content=\"instock\" \/>\n<meta property=\"product:availability\" content=\"instock\" \/>\n<meta property=\"product:retailer_item_id\" content=\"ADV2025SAMADEQ219\" \/>\n<meta property=\"product:condition\" content=\"new\" \/>\n<!-- \/ Yoast SEO Premium plugin. -->","yoast_head_json":{"title":"San Mart\u00edn de los Andes ao longo da Rota dos 7 Lagos - Centro de Esqui Catedral","robots":{"index":"index","follow":"follow","max-snippet":"max-snippet:-1","max-image-preview":"max-image-preview:large","max-video-preview":"max-video-preview:-1"},"canonical":"https:\/\/catedralskicenter.com\/pt\/produto\/san-martin-de-los-andes-por-7-lagos\/","og_locale":"pt_BR","og_type":"article","og_title":"San Mart\u00edn de los Andes por Ruta de los 7 Lagos","og_description":"Te invitamos a una experiencia \u00fanica Dej\u00e1 que el entorno te deslumbre mientras transit\u00e1s la ruta de los 7 lagos rumbo a San Mart\u00edn de los Andes. Descubr\u00ed vistas asombrosas y conoc\u00e9 una ciudad cautivante enmarcada por escenarios naturales. \u00a1Reserv\u00e1 tu lugar y disfrut\u00e1 de esta aventura irrepetible!","og_url":"https:\/\/catedralskicenter.com\/pt\/produto\/san-martin-de-los-andes-por-7-lagos\/","og_site_name":"Catedral Ski Center","article_modified_time":"2025-06-14T14:46:36+00:00","twitter_card":"summary_large_image","twitter_misc":{"Pre\u00e7o":"&#36;70,500.00","Disponibilidade":"Em Estoque"},"schema":{"@context":"https:\/\/schema.org","@graph":[{"@type":"WebPage","@id":"https:\/\/catedralskicenter.com\/producto\/san-martin-de-los-andes-por-7-lagos\/","url":"https:\/\/catedralskicenter.com\/producto\/san-martin-de-los-andes-por-7-lagos\/","name":"San Mart\u00edn de los Andes ao longo da Rota dos 7 Lagos - Centro de Esqui Catedral","isPartOf":{"@id":"https:\/\/catedralskicenter.com\/#website"},"datePublished":"2025-06-14T14:46:33+00:00","dateModified":"2025-06-14T14:46:36+00:00","breadcrumb":{"@id":"https:\/\/catedralskicenter.com\/producto\/san-martin-de-los-andes-por-7-lagos\/#breadcrumb"},"inLanguage":"pt-BR","potentialAction":[{"@type":"ReadAction","target":["https:\/\/catedralskicenter.com\/producto\/san-martin-de-los-andes-por-7-lagos\/"]}]},{"@type":"BreadcrumbList","@id":"https:\/\/catedralskicenter.com\/producto\/san-martin-de-los-andes-por-7-lagos\/#breadcrumb","itemListElement":[{"@type":"ListItem","position":1,"name":"Inicio","item":"https:\/\/catedralskicenter.com\/"},{"@type":"ListItem","position":2,"name":"Tienda","item":"https:\/\/catedralskicenter.com\/tienda\/"},{"@type":"ListItem","position":3,"name":"San Mart\u00edn de los Andes por Ruta de los 7 Lagos"}]},{"@type":"WebSite","@id":"https:\/\/catedralskicenter.com\/#website","url":"https:\/\/catedralskicenter.com\/","name":"Centro de esqui Catedral","description":"","potentialAction":[{"@type":"SearchAction","target":{"@type":"EntryPoint","urlTemplate":"https:\/\/catedralskicenter.com\/?s={search_term_string}"},"query-input":{"@type":"PropertyValueSpecification","valueRequired":true,"valueName":"search_term_string"}}],"inLanguage":"pt-BR"}]},"product_price_amount":"70500.00","product_price_currency":"ARS","og_availability":"instock","product_availability":"instock","product_retailer_item_id":"ADV2025SAMADEQ219","product_condition":"new"},"_links":{"self":[{"href":"https:\/\/catedralskicenter.com\/pt\/wp-json\/wp\/v2\/product\/30","targetHints":{"allow":["GET"]}}],"collection":[{"href":"https:\/\/catedralskicenter.com\/pt\/wp-json\/wp\/v2\/product"}],"about":[{"href":"https:\/\/catedralskicenter.com\/pt\/wp-json\/wp\/v2\/types\/product"}],"replies":[{"embeddable":true,"href":"https:\/\/catedralskicenter.com\/pt\/wp-json\/wp\/v2\/comments?post=30"}],"wp:attachment":[{"href":"https:\/\/catedralskicenter.com\/pt\/wp-json\/wp\/v2\/media?parent=30"}],"wp:term":[{"taxonomy":"product_brand","embeddable":true,"href":"https:\/\/catedralskicenter.com\/pt\/wp-json\/wp\/v2\/product_brand?post=30"},{"taxonomy":"product_cat","embeddable":true,"href":"https:\/\/catedralskicenter.com\/pt\/wp-json\/wp\/v2\/product_cat?post=30"},{"taxonomy":"product_tag","embeddable":true,"href":"https:\/\/catedralskicenter.com\/pt\/wp-json\/wp\/v2\/product_tag?post=30"}],"curies":[{"name":"wp","href":"https:\/\/api.w.org\/{rel}","templated":true}]}}