{"id":39,"date":"2025-06-14T11:51:05","date_gmt":"2025-06-14T14:51:05","guid":{"rendered":"https:\/\/catedralskicenter.com\/producto\/cabalgata-por-el-bosque-de-cohiues\/"},"modified":"2025-06-14T11:51:08","modified_gmt":"2025-06-14T14:51:08","slug":"cabalgata-bosque-cohiues","status":"publish","type":"product","link":"https:\/\/catedralskicenter.com\/pt\/produto\/passeio-na-floresta-de-cohiues\/","title":{"rendered":"Passeio a cavalo na floresta de Cohiues"},"content":{"rendered":"<h2>Viva a aventura: Passeio a cavalo entre as \u00e1rvores de Coihue<\/h2>\n<p>Mergulhe em uma experi\u00eancia fascinante cavalgando pelas verdes e pac\u00edficas florestas de coihue na encantadora Bariloche. Esse passeio a cavalo \u00e9 ideal para aqueles que desejam combinar a adrenalina de uma nova experi\u00eancia com a seguran\u00e7a e o conforto de um guia especializado.<\/p>\n<h3>Itiner\u00e1rio da atividade<\/h3>\n<ul>\n<li>Comece no cora\u00e7\u00e3o de Bariloche e transfira-se para nosso acampamento principal.<\/li>\n<li>Trilhas que atravessam florestas majestosas de coihues aut\u00f3ctones.<\/li>\n<li>Primeiro descanso em um ponto de vista privilegiado no Cerro Campanario.<\/li>\n<li>Vistas panor\u00e2micas exclusivas do lago Nahuel Huapi e da pitoresca pen\u00ednsula de San Pedro.<\/li>\n<li>Observa\u00e7\u00e3o da lagoa El Tr\u00e9bol, do lago Moreno e dos picos Bella Vista, Goye, L\u00f3pez e Capilla.<\/li>\n<li>Retorno din\u00e2mico por pampas e trilhas arborizadas para encerrar o percurso com pura energia.<\/li>\n<\/ul>\n<h3>Principais dados<\/h3>\n<ul>\n<li><strong>Dura\u00e7\u00e3o:<\/strong> 1 hora e meia de viagem.<\/li>\n<li><strong>Turnos dispon\u00edveis:<\/strong> Das 9 \u00e0s 12 horas ou das 13 \u00e0s 16 horas.<\/li>\n<li><strong>Ele inclui:<\/strong> Guias locais apaixonados, especialistas, que transmitem seu amor pela Patag\u00f4nia.<\/li>\n<li><strong>N\u00e3o inclui:<\/strong> Comida e bebida.<\/li>\n<\/ul>\n<h3>Raz\u00f5es para nos escolher<\/h3>\n<p>Atreva-se a desfrutar de um passeio a cavalo pela floresta de Coihue e abra as portas para novas sensa\u00e7\u00f5es. Uma proposta para descobrir a natureza com vistas de tirar o f\u00f4lego e o apoio de uma equipe profissional que o acompanha durante toda a experi\u00eancia.<\/p>\n<h2>Perguntas frequentes (FAQ)<\/h2>\n<h3>Qual \u00e9 a idade m\u00ednima aceita para participar?<\/h3>\n<p>A idade m\u00ednima exigida para participar \u00e9 de 6 anos.<\/p>\n<h3>\u00c9 permitido chegar ao acampamento por conta pr\u00f3pria de carro?<\/h3>\n<p>A entrada para o acampamento de Tom Wesley agora est\u00e1 aberta na Avenida Bustillo, no quil\u00f4metro 15.500. Em todo caso, o pre\u00e7o da excurs\u00e3o permanece inalterado.<\/p>","protected":false},"excerpt":{"rendered":"<p>Experimente a magia de Bariloche com nossa Cavalgada no Bosque de Coihue, uma experi\u00eancia criada para quem busca aventura e paisagens de tirar o f\u00f4lego. Cavalgue por trilhas entre coihues centen\u00e1rios acompanhado por especialistas locais, desfrutando de vistas panor\u00e2micas inigual\u00e1veis e uma verdadeira imers\u00e3o na natureza patag\u00f4nica.<\/p>","protected":false},"featured_media":0,"comment_status":"open","ping_status":"closed","template":"","meta":[],"product_brand":[],"product_cat":[15],"product_tag":[],"class_list":{"0":"post-39","1":"product","2":"type-product","3":"status-publish","5":"product_cat-sin-categorizar","7":"first","8":"instock","9":"sold-individually","10":"purchasable","11":"product-type-booking"},"booking_location":"","booking_location_type":"","booking_duration":1,"booking_duration_unit":"hour","booking_buffer":0,"booking_cost":0,"booking_resources":[],"exclude_global_add_ons":[],"addons":[],"yoast_head":"<!-- This site is optimized with the Yoast SEO Premium plugin v25.2 (Yoast SEO v25.2) - https:\/\/yoast.com\/wordpress\/plugins\/seo\/ -->\n<title>Cabalgata por el bosque de Cohiues - Catedral Ski Center<\/title>\n<meta name=\"robots\" content=\"index, follow, max-snippet:-1, max-image-preview:large, max-video-preview:-1\" \/>\n<link rel=\"canonical\" href=\"https:\/\/catedralskicenter.com\/pt\/produto\/passeio-na-floresta-de-cohiues\/\" \/>\n<meta property=\"og:locale\" content=\"pt_BR\" \/>\n<meta property=\"og:type\" content=\"article\" \/>\n<meta property=\"og:title\" content=\"Cabalgata por el bosque de Cohiues\" \/>\n<meta property=\"og:description\" content=\"Viv\u00ed la magia de Bariloche con nuestra Cabalgata por el Bosque de Coihues, una experiencia pensada para quienes buscan aventura y paisajes impactantes. Recorre senderos entre coihues centenarios acompa\u00f1ado por expertos locales, disfrutando de panor\u00e1micas inigualables y una inmersi\u00f3n real en la naturaleza patag\u00f3nica.\" \/>\n<meta property=\"og:url\" content=\"https:\/\/catedralskicenter.com\/pt\/produto\/passeio-na-floresta-de-cohiues\/\" \/>\n<meta property=\"og:site_name\" content=\"Catedral Ski Center\" \/>\n<meta property=\"article:modified_time\" content=\"2025-06-14T14:51:08+00:00\" \/>\n<meta name=\"twitter:card\" content=\"summary_large_image\" \/>\n<meta name=\"twitter:label1\" content=\"Pre\u00e7o\" \/>\n\t<meta name=\"twitter:data1\" content=\"&#036;79,500.00\" \/>\n\t<meta name=\"twitter:label2\" content=\"Disponibilidade\" \/>\n\t<meta name=\"twitter:data2\" content=\"Em Estoque\" \/>\n<script type=\"application\/ld+json\" class=\"yoast-schema-graph\">{\"@context\":\"https:\/\/schema.org\",\"@graph\":[{\"@type\":\"WebPage\",\"@id\":\"https:\/\/catedralskicenter.com\/producto\/cabalgata-bosque-cohiues\/\",\"url\":\"https:\/\/catedralskicenter.com\/producto\/cabalgata-bosque-cohiues\/\",\"name\":\"Cabalgata por el bosque de Cohiues - Catedral Ski Center\",\"isPartOf\":{\"@id\":\"https:\/\/catedralskicenter.com\/#website\"},\"datePublished\":\"2025-06-14T14:51:05+00:00\",\"dateModified\":\"2025-06-14T14:51:08+00:00\",\"breadcrumb\":{\"@id\":\"https:\/\/catedralskicenter.com\/producto\/cabalgata-bosque-cohiues\/#breadcrumb\"},\"inLanguage\":\"pt-BR\",\"potentialAction\":[{\"@type\":\"ReadAction\",\"target\":[\"https:\/\/catedralskicenter.com\/producto\/cabalgata-bosque-cohiues\/\"]}]},{\"@type\":\"BreadcrumbList\",\"@id\":\"https:\/\/catedralskicenter.com\/producto\/cabalgata-bosque-cohiues\/#breadcrumb\",\"itemListElement\":[{\"@type\":\"ListItem\",\"position\":1,\"name\":\"Inicio\",\"item\":\"https:\/\/catedralskicenter.com\/\"},{\"@type\":\"ListItem\",\"position\":2,\"name\":\"Tienda\",\"item\":\"https:\/\/catedralskicenter.com\/tienda\/\"},{\"@type\":\"ListItem\",\"position\":3,\"name\":\"Cabalgata por el bosque de Cohiues\"}]},{\"@type\":\"WebSite\",\"@id\":\"https:\/\/catedralskicenter.com\/#website\",\"url\":\"https:\/\/catedralskicenter.com\/\",\"name\":\"Catedral Ski Center\",\"description\":\"\",\"potentialAction\":[{\"@type\":\"SearchAction\",\"target\":{\"@type\":\"EntryPoint\",\"urlTemplate\":\"https:\/\/catedralskicenter.com\/?s={search_term_string}\"},\"query-input\":{\"@type\":\"PropertyValueSpecification\",\"valueRequired\":true,\"valueName\":\"search_term_string\"}}],\"inLanguage\":\"pt-BR\"}]}<\/script>\n<meta property=\"product:price:amount\" content=\"79500.00\" \/>\n<meta property=\"product:price:currency\" content=\"ARS\" \/>\n<meta property=\"og:availability\" content=\"instock\" \/>\n<meta property=\"product:availability\" content=\"instock\" \/>\n<meta property=\"product:retailer_item_id\" content=\"ADV2025CAPOELTVE7\" \/>\n<meta property=\"product:condition\" content=\"new\" \/>\n<!-- \/ Yoast SEO Premium plugin. -->","yoast_head_json":{"title":"Passeios a cavalo na floresta de Cohiues - Centro de Esqui Catedral","robots":{"index":"index","follow":"follow","max-snippet":"max-snippet:-1","max-image-preview":"max-image-preview:large","max-video-preview":"max-video-preview:-1"},"canonical":"https:\/\/catedralskicenter.com\/pt\/produto\/passeio-na-floresta-de-cohiues\/","og_locale":"pt_BR","og_type":"article","og_title":"Cabalgata por el bosque de Cohiues","og_description":"Viv\u00ed la magia de Bariloche con nuestra Cabalgata por el Bosque de Coihues, una experiencia pensada para quienes buscan aventura y paisajes impactantes. Recorre senderos entre coihues centenarios acompa\u00f1ado por expertos locales, disfrutando de panor\u00e1micas inigualables y una inmersi\u00f3n real en la naturaleza patag\u00f3nica.","og_url":"https:\/\/catedralskicenter.com\/pt\/produto\/passeio-na-floresta-de-cohiues\/","og_site_name":"Catedral Ski Center","article_modified_time":"2025-06-14T14:51:08+00:00","twitter_card":"summary_large_image","twitter_misc":{"Pre\u00e7o":"&#36;79,500.00","Disponibilidade":"Em Estoque"},"schema":{"@context":"https:\/\/schema.org","@graph":[{"@type":"WebPage","@id":"https:\/\/catedralskicenter.com\/producto\/cabalgata-bosque-cohiues\/","url":"https:\/\/catedralskicenter.com\/producto\/cabalgata-bosque-cohiues\/","name":"Passeios a cavalo na floresta de Cohiues - Centro de Esqui Catedral","isPartOf":{"@id":"https:\/\/catedralskicenter.com\/#website"},"datePublished":"2025-06-14T14:51:05+00:00","dateModified":"2025-06-14T14:51:08+00:00","breadcrumb":{"@id":"https:\/\/catedralskicenter.com\/producto\/cabalgata-bosque-cohiues\/#breadcrumb"},"inLanguage":"pt-BR","potentialAction":[{"@type":"ReadAction","target":["https:\/\/catedralskicenter.com\/producto\/cabalgata-bosque-cohiues\/"]}]},{"@type":"BreadcrumbList","@id":"https:\/\/catedralskicenter.com\/producto\/cabalgata-bosque-cohiues\/#breadcrumb","itemListElement":[{"@type":"ListItem","position":1,"name":"Inicio","item":"https:\/\/catedralskicenter.com\/"},{"@type":"ListItem","position":2,"name":"Tienda","item":"https:\/\/catedralskicenter.com\/tienda\/"},{"@type":"ListItem","position":3,"name":"Cabalgata por el bosque de Cohiues"}]},{"@type":"WebSite","@id":"https:\/\/catedralskicenter.com\/#website","url":"https:\/\/catedralskicenter.com\/","name":"Centro de esqui Catedral","description":"","potentialAction":[{"@type":"SearchAction","target":{"@type":"EntryPoint","urlTemplate":"https:\/\/catedralskicenter.com\/?s={search_term_string}"},"query-input":{"@type":"PropertyValueSpecification","valueRequired":true,"valueName":"search_term_string"}}],"inLanguage":"pt-BR"}]},"product_price_amount":"79500.00","product_price_currency":"ARS","og_availability":"instock","product_availability":"instock","product_retailer_item_id":"ADV2025CAPOELTVE7","product_condition":"new"},"_links":{"self":[{"href":"https:\/\/catedralskicenter.com\/pt\/wp-json\/wp\/v2\/product\/39","targetHints":{"allow":["GET"]}}],"collection":[{"href":"https:\/\/catedralskicenter.com\/pt\/wp-json\/wp\/v2\/product"}],"about":[{"href":"https:\/\/catedralskicenter.com\/pt\/wp-json\/wp\/v2\/types\/product"}],"replies":[{"embeddable":true,"href":"https:\/\/catedralskicenter.com\/pt\/wp-json\/wp\/v2\/comments?post=39"}],"wp:attachment":[{"href":"https:\/\/catedralskicenter.com\/pt\/wp-json\/wp\/v2\/media?parent=39"}],"wp:term":[{"taxonomy":"product_brand","embeddable":true,"href":"https:\/\/catedralskicenter.com\/pt\/wp-json\/wp\/v2\/product_brand?post=39"},{"taxonomy":"product_cat","embeddable":true,"href":"https:\/\/catedralskicenter.com\/pt\/wp-json\/wp\/v2\/product_cat?post=39"},{"taxonomy":"product_tag","embeddable":true,"href":"https:\/\/catedralskicenter.com\/pt\/wp-json\/wp\/v2\/product_tag?post=39"}],"curies":[{"name":"wp","href":"https:\/\/api.w.org\/{rel}","templated":true}]}}