{"id":40,"date":"2025-06-14T11:51:28","date_gmt":"2025-06-14T14:51:28","guid":{"rendered":"https:\/\/catedralskicenter.com\/producto\/paquete-promocional-de-3-dias-de-excursion\/"},"modified":"2025-06-21T12:31:26","modified_gmt":"2025-06-21T15:31:26","slug":"paquete-promocional-de-3-dias-de-excursion","status":"publish","type":"product","link":"https:\/\/catedralskicenter.com\/pt\/produto\/pacote-turistico-promocional-de-3-dias\/","title":{"rendered":"Pacote promocional de excurs\u00e3o de 3 dias"},"content":{"rendered":"<h2>Vivi tr\u00eas dias incr\u00edveis explorando cantos \u00fanicos da Patag\u00f4nia.<\/h2>\n<p>Junte-se a n\u00f3s para uma <strong>experi\u00eancia irrepet\u00edvel<\/strong> com nosso exclusivo <strong>Tour combinado de tr\u00eas dias<\/strong>. Esse itiner\u00e1rio foi elaborado com muitos detalhes e o convida a se deixar surpreender pelas mais belas paisagens do mundo. <strong>da Patag\u00f4nia argentina<\/strong>, A adrenalina da aventura com o conforto que voc\u00ea merece.<\/p>\n<h3>O que esse combo inclui?<\/h3>\n<ul>\n<li><strong>Uma rota projetada para voc\u00ea:<\/strong><\/li>\n<li>Eu descobri <strong>San Mart\u00edn de los Andes<\/strong> e o emocionante <strong>Rota dos 7 lagos<\/strong> desde o in\u00edcio da manh\u00e3, \u00e0s 08:00 hs.<\/li>\n<li>Experimentei a imensid\u00e3o do <strong>Serra do Tronador<\/strong> e sua imponente <strong>Glaciar Ventisquero Negro<\/strong> com partida \u00e0s 09:00 hs.<\/li>\n<li>Aproveite o <strong>Circuito pequeno<\/strong> com pontos de vista on\u00edricos, come\u00e7ando \u00e0s 08:30 hs.<\/li>\n<\/ul>\n<p>Voc\u00ea poder\u00e1 ajustar sua programa\u00e7\u00e3o conforme desejar: este passeio lhe d\u00e1 a oportunidade de <strong>flexibilidade total<\/strong> para saborear cada momento \u00e0 sua maneira.<\/p>\n<h3>Detalhes da viagem<\/h3>\n<ul>\n<li><strong>Rota:<\/strong> Inclui San Martin de los Andes, Circuito Chico e Cerro Tronador.<\/li>\n<li><strong>Hor\u00e1rios:<\/strong> Consulte nossas op\u00e7\u00f5es de hor\u00e1rios para cada atividade.<\/li>\n<\/ul>\n<h3>Servi\u00e7os inclu\u00eddos<\/h3>\n<ul>\n<li><strong>Transfer\u00eancias de terras:<\/strong> Viaje em ve\u00edculos super confort\u00e1veis e seguros.<\/li>\n<li><strong>Guia especializado:<\/strong> Atendimento personalizado em espanhol e op\u00e7\u00e3o bil\u00edngue ao abrir o sinal de adi\u00e7\u00e3o correspondente.<\/li>\n<\/ul>\n<p><strong>Esclarecimento:<\/strong> As refei\u00e7\u00f5es n\u00e3o est\u00e3o inclu\u00eddas. No entanto, voc\u00ea poder\u00e1 desfrutar de <strong>sabores regionais<\/strong> em diferentes pontos da rota.<\/p>\n<h3>Comece sua aventura agora!<\/h3>\n<p>Isso <strong>combo exclusivo<\/strong> s\u00f3 ocorre durante a primavera-ver\u00e3o, aproveite a oportunidade para descobrir uma Patag\u00f4nia diferente!<\/p>\n<h3>Perguntas frequentes<\/h3>\n<ul>\n<li><strong>As atividades do tour podem ser alteradas?<\/strong><br \/>\n\u00c9 claro que voc\u00ea pode reorganizar a sequ\u00eancia de acordo com sua pr\u00f3pria motiva\u00e7\u00e3o.<\/li>\n<li><strong>Existem alternativas vegetarianas ou veganas?<\/strong><br \/>\nNos paradores gastron\u00f4micos que visitamos, geralmente h\u00e1 pratos para todos os gostos.<\/li>\n<li><strong>\u00c9 necess\u00e1rio usar alguma roupa especial?<\/strong><br \/>\nSugerimos que voc\u00ea use roupas leves e confort\u00e1veis, ideais para caminhar e se divertir, al\u00e9m de protetor solar para se proteger do sol.<\/li>\n<\/ul>","protected":false},"excerpt":{"rendered":"<p>Viva uma experi\u00eancia \u00fanica na Patag\u00f4nia com este pacote tur\u00edstico de 3 dias. Maravilhe-se com as paisagens de San Martin de los Andes, percorra a impressionante Rota dos 7 Lagos, explore a imponente Montanha Tronador e descubra o famoso Circuito Chico. Aproveite as vantagens de um itiner\u00e1rio adapt\u00e1vel, projetado para desfrutar de um ambiente verdadeiramente exclusivo.<\/p>","protected":false},"featured_media":0,"comment_status":"open","ping_status":"closed","template":"","meta":[],"product_brand":[],"product_cat":[15],"product_tag":[],"class_list":{"0":"post-40","1":"product","2":"type-product","3":"status-publish","5":"product_cat-sin-categorizar","7":"first","8":"instock","9":"sold-individually","10":"purchasable","11":"product-type-booking"},"booking_location":"","booking_location_type":"","booking_duration":1,"booking_duration_unit":"hour","booking_buffer":0,"booking_cost":0,"booking_resources":[],"exclude_global_add_ons":[],"addons":[],"yoast_head":"<!-- This site is optimized with the Yoast SEO Premium plugin v25.2 (Yoast SEO v25.2) - https:\/\/yoast.com\/wordpress\/plugins\/seo\/ -->\n<title>Paquete promocional de 3 d\u00edas de excursi\u00f3n - Catedral Ski Center<\/title>\n<meta name=\"robots\" content=\"index, follow, max-snippet:-1, max-image-preview:large, max-video-preview:-1\" \/>\n<link rel=\"canonical\" href=\"https:\/\/catedralskicenter.com\/pt\/produto\/pacote-turistico-promocional-de-3-dias\/\" \/>\n<meta property=\"og:locale\" content=\"pt_BR\" \/>\n<meta property=\"og:type\" content=\"article\" \/>\n<meta property=\"og:title\" content=\"Paquete promocional de 3 d\u00edas de excursi\u00f3n\" \/>\n<meta property=\"og:description\" content=\"Viv\u00ed una experiencia \u00fanica en la Patagonia con este paquete de excursiones de 3 d\u00edas. Maravillate con los paisajes de San Mart\u00edn de los Andes, recorr\u00e9 la impresionante Ruta de los 7 Lagos, explor\u00e1 el imponente Cerro Tronador y descubr\u00ed el famoso Circuito Chico. Aprovech\u00e1 un itinerario adaptable, pensado para disfrutar de un entorno realmente exclusivo.\" \/>\n<meta property=\"og:url\" content=\"https:\/\/catedralskicenter.com\/pt\/produto\/pacote-turistico-promocional-de-3-dias\/\" \/>\n<meta property=\"og:site_name\" content=\"Catedral Ski Center\" \/>\n<meta property=\"article:modified_time\" content=\"2025-06-21T15:31:26+00:00\" \/>\n<meta name=\"twitter:card\" content=\"summary_large_image\" \/>\n<meta name=\"twitter:label1\" content=\"Pre\u00e7o\" \/>\n\t<meta name=\"twitter:data1\" content=\"&#036;156,000.00\" \/>\n\t<meta name=\"twitter:label2\" content=\"Disponibilidade\" \/>\n\t<meta name=\"twitter:data2\" content=\"Em Estoque\" \/>\n<script type=\"application\/ld+json\" class=\"yoast-schema-graph\">{\"@context\":\"https:\/\/schema.org\",\"@graph\":[{\"@type\":\"WebPage\",\"@id\":\"https:\/\/catedralskicenter.com\/producto\/paquete-promocional-de-3-dias-de-excursion\/\",\"url\":\"https:\/\/catedralskicenter.com\/producto\/paquete-promocional-de-3-dias-de-excursion\/\",\"name\":\"Paquete promocional de 3 d\u00edas de excursi\u00f3n - Catedral Ski Center\",\"isPartOf\":{\"@id\":\"https:\/\/catedralskicenter.com\/#website\"},\"datePublished\":\"2025-06-14T14:51:28+00:00\",\"dateModified\":\"2025-06-21T15:31:26+00:00\",\"breadcrumb\":{\"@id\":\"https:\/\/catedralskicenter.com\/producto\/paquete-promocional-de-3-dias-de-excursion\/#breadcrumb\"},\"inLanguage\":\"pt-BR\",\"potentialAction\":[{\"@type\":\"ReadAction\",\"target\":[\"https:\/\/catedralskicenter.com\/producto\/paquete-promocional-de-3-dias-de-excursion\/\"]}]},{\"@type\":\"BreadcrumbList\",\"@id\":\"https:\/\/catedralskicenter.com\/producto\/paquete-promocional-de-3-dias-de-excursion\/#breadcrumb\",\"itemListElement\":[{\"@type\":\"ListItem\",\"position\":1,\"name\":\"Inicio\",\"item\":\"https:\/\/catedralskicenter.com\/\"},{\"@type\":\"ListItem\",\"position\":2,\"name\":\"Tienda\",\"item\":\"https:\/\/catedralskicenter.com\/tienda\/\"},{\"@type\":\"ListItem\",\"position\":3,\"name\":\"Paquete promocional de 3 d\u00edas de excursi\u00f3n\"}]},{\"@type\":\"WebSite\",\"@id\":\"https:\/\/catedralskicenter.com\/#website\",\"url\":\"https:\/\/catedralskicenter.com\/\",\"name\":\"Catedral Ski Center\",\"description\":\"\",\"potentialAction\":[{\"@type\":\"SearchAction\",\"target\":{\"@type\":\"EntryPoint\",\"urlTemplate\":\"https:\/\/catedralskicenter.com\/?s={search_term_string}\"},\"query-input\":{\"@type\":\"PropertyValueSpecification\",\"valueRequired\":true,\"valueName\":\"search_term_string\"}}],\"inLanguage\":\"pt-BR\"}]}<\/script>\n<meta property=\"product:price:amount\" content=\"156000.00\" \/>\n<meta property=\"product:price:currency\" content=\"ARS\" \/>\n<meta property=\"og:availability\" content=\"instock\" \/>\n<meta property=\"product:availability\" content=\"instock\" \/>\n<meta property=\"product:retailer_item_id\" content=\"ADV2025PAPRDE20W5\" \/>\n<meta property=\"product:condition\" content=\"new\" \/>\n<!-- \/ Yoast SEO Premium plugin. -->","yoast_head_json":{"title":"Pacote tur\u00edstico promocional de 3 dias - Catedral Ski Center","robots":{"index":"index","follow":"follow","max-snippet":"max-snippet:-1","max-image-preview":"max-image-preview:large","max-video-preview":"max-video-preview:-1"},"canonical":"https:\/\/catedralskicenter.com\/pt\/produto\/pacote-turistico-promocional-de-3-dias\/","og_locale":"pt_BR","og_type":"article","og_title":"Paquete promocional de 3 d\u00edas de excursi\u00f3n","og_description":"Viv\u00ed una experiencia \u00fanica en la Patagonia con este paquete de excursiones de 3 d\u00edas. Maravillate con los paisajes de San Mart\u00edn de los Andes, recorr\u00e9 la impresionante Ruta de los 7 Lagos, explor\u00e1 el imponente Cerro Tronador y descubr\u00ed el famoso Circuito Chico. Aprovech\u00e1 un itinerario adaptable, pensado para disfrutar de un entorno realmente exclusivo.","og_url":"https:\/\/catedralskicenter.com\/pt\/produto\/pacote-turistico-promocional-de-3-dias\/","og_site_name":"Catedral Ski Center","article_modified_time":"2025-06-21T15:31:26+00:00","twitter_card":"summary_large_image","twitter_misc":{"Pre\u00e7o":"&#36;156,000.00","Disponibilidade":"Em Estoque"},"schema":{"@context":"https:\/\/schema.org","@graph":[{"@type":"WebPage","@id":"https:\/\/catedralskicenter.com\/producto\/paquete-promocional-de-3-dias-de-excursion\/","url":"https:\/\/catedralskicenter.com\/producto\/paquete-promocional-de-3-dias-de-excursion\/","name":"Pacote tur\u00edstico promocional de 3 dias - Catedral Ski Center","isPartOf":{"@id":"https:\/\/catedralskicenter.com\/#website"},"datePublished":"2025-06-14T14:51:28+00:00","dateModified":"2025-06-21T15:31:26+00:00","breadcrumb":{"@id":"https:\/\/catedralskicenter.com\/producto\/paquete-promocional-de-3-dias-de-excursion\/#breadcrumb"},"inLanguage":"pt-BR","potentialAction":[{"@type":"ReadAction","target":["https:\/\/catedralskicenter.com\/producto\/paquete-promocional-de-3-dias-de-excursion\/"]}]},{"@type":"BreadcrumbList","@id":"https:\/\/catedralskicenter.com\/producto\/paquete-promocional-de-3-dias-de-excursion\/#breadcrumb","itemListElement":[{"@type":"ListItem","position":1,"name":"Inicio","item":"https:\/\/catedralskicenter.com\/"},{"@type":"ListItem","position":2,"name":"Tienda","item":"https:\/\/catedralskicenter.com\/tienda\/"},{"@type":"ListItem","position":3,"name":"Paquete promocional de 3 d\u00edas de excursi\u00f3n"}]},{"@type":"WebSite","@id":"https:\/\/catedralskicenter.com\/#website","url":"https:\/\/catedralskicenter.com\/","name":"Centro de esqui Catedral","description":"","potentialAction":[{"@type":"SearchAction","target":{"@type":"EntryPoint","urlTemplate":"https:\/\/catedralskicenter.com\/?s={search_term_string}"},"query-input":{"@type":"PropertyValueSpecification","valueRequired":true,"valueName":"search_term_string"}}],"inLanguage":"pt-BR"}]},"product_price_amount":"156000.00","product_price_currency":"ARS","og_availability":"instock","product_availability":"instock","product_retailer_item_id":"ADV2025PAPRDE20W5","product_condition":"new"},"_links":{"self":[{"href":"https:\/\/catedralskicenter.com\/pt\/wp-json\/wp\/v2\/product\/40","targetHints":{"allow":["GET"]}}],"collection":[{"href":"https:\/\/catedralskicenter.com\/pt\/wp-json\/wp\/v2\/product"}],"about":[{"href":"https:\/\/catedralskicenter.com\/pt\/wp-json\/wp\/v2\/types\/product"}],"replies":[{"embeddable":true,"href":"https:\/\/catedralskicenter.com\/pt\/wp-json\/wp\/v2\/comments?post=40"}],"wp:attachment":[{"href":"https:\/\/catedralskicenter.com\/pt\/wp-json\/wp\/v2\/media?parent=40"}],"wp:term":[{"taxonomy":"product_brand","embeddable":true,"href":"https:\/\/catedralskicenter.com\/pt\/wp-json\/wp\/v2\/product_brand?post=40"},{"taxonomy":"product_cat","embeddable":true,"href":"https:\/\/catedralskicenter.com\/pt\/wp-json\/wp\/v2\/product_cat?post=40"},{"taxonomy":"product_tag","embeddable":true,"href":"https:\/\/catedralskicenter.com\/pt\/wp-json\/wp\/v2\/product_tag?post=40"}],"curies":[{"name":"wp","href":"https:\/\/api.w.org\/{rel}","templated":true}]}}