{"id":41,"date":"2025-06-14T11:51:53","date_gmt":"2025-06-14T14:51:53","guid":{"rendered":"https:\/\/catedralskicenter.com\/producto\/isla-victoria-y-bosque-de-arrayanes-con-traslado\/"},"modified":"2025-06-21T12:31:15","modified_gmt":"2025-06-21T15:31:15","slug":"isla-victoria-y-bosque-arrayanes","status":"publish","type":"product","link":"https:\/\/catedralskicenter.com\/pt\/produto\/ilha-de-victoria-e-floresta-de-arrayanes\/","title":{"rendered":"Isla Victoria e Bosque de Arrayanes com traslado"},"content":{"rendered":"<h2>Conhe\u00e7a a Isla Victoria e a m\u00e1gica Myrtle Forest<\/h2>\n<p>Mergulhe fundo na Patag\u00f4nia com esta aventura \u00fanica que o conecta da pitoresca cidade de Bariloche \u00e0s paisagens de tirar o f\u00f4lego de <strong>Ilha Victoria<\/strong> e o <strong>Floresta Myrtle<\/strong>. A rota come\u00e7a em <strong>Puerto Pa\u00f1uelo<\/strong>, A \u00e1gua \u00e9 um \u00f3timo lugar para desfrutar de uma viagem inesquec\u00edvel em espelhos d'\u00e1gua cristalinos.<\/p>\n<h3>Itiner\u00e1rio: Momentos inesquec\u00edveis<\/h3>\n<p>Comece sua jornada com um tranquilo passeio de barco de uma hora at\u00e9 a enigm\u00e1tica pen\u00ednsula de <strong>Quetrihu\u00e9<\/strong>, onde est\u00e1 abrigada a \u00fanica floresta de murtas do planeta. Esse canto de conto de fadas, cheio de hist\u00f3rias e surpresas, foi a inspira\u00e7\u00e3o para o famoso filme <em>Bambi<\/em> Disney.<\/p>\n<p>Em seguida, o barco o levar\u00e1 para <strong>Porto de Anchorena<\/strong> em <strong>Ilha Victoria<\/strong>. Voc\u00ea pode caminhar por trilhas cercadas por vegeta\u00e7\u00e3o nativa e se surpreender com as <strong>Praia de El Toro<\/strong>, famosa por suas pinturas rupestres milenares e pela areia vulc\u00e2nica muito especial.<\/p>\n<h3>O que voc\u00ea precisa saber antes de viajar<\/h3>\n<ul>\n<li><strong>Modalidade:<\/strong> Navega\u00e7\u00e3o guiada no lago e caminhadas por florestas centen\u00e1rias.<\/li>\n<li><strong>Faixa de hor\u00e1rio:<\/strong> Das 12:30 \u00e0s 19 horas.<\/li>\n<li><strong>O que est\u00e1 inclu\u00eddo:<\/strong> Traslados de e para o aeroporto; guias especializados na natureza regional.<\/li>\n<li><strong>A ser levado em conta:<\/strong> As refei\u00e7\u00f5es n\u00e3o est\u00e3o inclu\u00eddas, mas h\u00e1 v\u00e1rios paradores dispon\u00edveis; as taxas do parque e de embarque devem ser pagas na chegada.<\/li>\n<\/ul>\n<p>Uma experi\u00eancia irrepet\u00edvel para se conectar com um ambiente que o deixar\u00e1 deslumbrado. Reserve agora e n\u00e3o perca a chance de viver essa aventura exclusiva.<\/p>\n<h3>Perguntas frequentes sobre a caminhada<\/h3>\n<ul>\n<li><strong>Onde as taxas de entrada e de embarque devem ser pagas?<\/strong><br \/>\nO pagamento \u00e9 feito em dinheiro no dia da partida em Puerto Pa\u00f1uelo. Algumas exce\u00e7\u00f5es se aplicam a residentes locais e grupos espec\u00edficos.<\/li>\n<li><strong>H\u00e1 algum desconto para aposentados estrangeiros?<\/strong><br \/>\nInfelizmente, os b\u00f4nus para aposentados se aplicam apenas a residentes argentinos. \u00c9 necess\u00e1rio apresentar as credenciais ao embarcar.<\/li>\n<li><strong>Posso comprar comida durante o passeio?<\/strong><br \/>\nSim, h\u00e1 comida dispon\u00edvel a bordo e em pontos ao longo da rota. Voc\u00ea tamb\u00e9m pode levar seu pr\u00f3prio almo\u00e7o, se preferir.<\/li>\n<li><strong>Em qual navio a viagem \u00e9 realizada?<\/strong><br \/>\nO passeio geralmente \u00e9 realizado no ic\u00f4nico <strong>Modesta Victoria<\/strong>, a disponibilidade pode estar sujeita a altera\u00e7\u00f5es.<\/li>\n<\/ul>","protected":false},"excerpt":{"rendered":"<p>Desfrute de uma viagem \u00fanica pela Patag\u00f4nia com nosso passeio \u00e0 Ilha Victoria e \u00e0 Floresta de Arrayanes. O servi\u00e7o de traslado est\u00e1 inclu\u00eddo, para que voc\u00ea possa entrar em cen\u00e1rios incompar\u00e1veis e caminhar por trilhas naturais virgens durante uma fascinante travessia lacustre. Reserve seu lugar e experimente o encanto desses destinos imperd\u00edveis.<\/p>","protected":false},"featured_media":0,"comment_status":"open","ping_status":"closed","template":"","meta":[],"product_brand":[],"product_cat":[15],"product_tag":[],"class_list":{"0":"post-41","1":"product","2":"type-product","3":"status-publish","5":"product_cat-sin-categorizar","7":"first","8":"instock","9":"sold-individually","10":"purchasable","11":"product-type-booking"},"booking_location":"","booking_location_type":"","booking_duration":1,"booking_duration_unit":"hour","booking_buffer":0,"booking_cost":0,"booking_resources":[],"exclude_global_add_ons":[],"addons":[],"yoast_head":"<!-- This site is optimized with the Yoast SEO Premium plugin v25.2 (Yoast SEO v25.2) - https:\/\/yoast.com\/wordpress\/plugins\/seo\/ -->\n<title>Isla Victoria y Bosque de Arrayanes con Traslado - Catedral Ski Center<\/title>\n<meta name=\"robots\" content=\"index, follow, max-snippet:-1, max-image-preview:large, max-video-preview:-1\" \/>\n<link rel=\"canonical\" href=\"https:\/\/catedralskicenter.com\/pt\/produto\/ilha-de-victoria-e-floresta-de-arrayanes\/\" \/>\n<meta property=\"og:locale\" content=\"pt_BR\" \/>\n<meta property=\"og:type\" content=\"article\" \/>\n<meta property=\"og:title\" content=\"Isla Victoria y Bosque de Arrayanes con Traslado\" \/>\n<meta property=\"og:description\" content=\"Disfrut\u00e1 un recorrido \u00fanico por la Patagonia con nuestro tour a Isla Victoria y al Bosque de Arrayanes. El servicio de traslado est\u00e1 contemplado, para que te adentres en escenarios incomparables y recorras senderos de naturaleza virgen durante una traves\u00eda lacustre fascinante. Reserv\u00e1 tu lugar y viv\u00ed el encanto de estos destinos imperdibles.\" \/>\n<meta property=\"og:url\" content=\"https:\/\/catedralskicenter.com\/pt\/produto\/ilha-de-victoria-e-floresta-de-arrayanes\/\" \/>\n<meta property=\"og:site_name\" content=\"Catedral Ski Center\" \/>\n<meta property=\"article:modified_time\" content=\"2025-06-21T15:31:15+00:00\" \/>\n<meta name=\"twitter:card\" content=\"summary_large_image\" \/>\n<meta name=\"twitter:label1\" content=\"Pre\u00e7o\" \/>\n\t<meta name=\"twitter:data1\" content=\"&#036;133,000.00\" \/>\n\t<meta name=\"twitter:label2\" content=\"Disponibilidade\" \/>\n\t<meta name=\"twitter:data2\" content=\"Em Estoque\" \/>\n<script type=\"application\/ld+json\" class=\"yoast-schema-graph\">{\"@context\":\"https:\/\/schema.org\",\"@graph\":[{\"@type\":\"WebPage\",\"@id\":\"https:\/\/catedralskicenter.com\/producto\/isla-victoria-y-bosque-arrayanes\/\",\"url\":\"https:\/\/catedralskicenter.com\/producto\/isla-victoria-y-bosque-arrayanes\/\",\"name\":\"Isla Victoria y Bosque de Arrayanes con Traslado - Catedral Ski Center\",\"isPartOf\":{\"@id\":\"https:\/\/catedralskicenter.com\/#website\"},\"datePublished\":\"2025-06-14T14:51:53+00:00\",\"dateModified\":\"2025-06-21T15:31:15+00:00\",\"breadcrumb\":{\"@id\":\"https:\/\/catedralskicenter.com\/producto\/isla-victoria-y-bosque-arrayanes\/#breadcrumb\"},\"inLanguage\":\"pt-BR\",\"potentialAction\":[{\"@type\":\"ReadAction\",\"target\":[\"https:\/\/catedralskicenter.com\/producto\/isla-victoria-y-bosque-arrayanes\/\"]}]},{\"@type\":\"BreadcrumbList\",\"@id\":\"https:\/\/catedralskicenter.com\/producto\/isla-victoria-y-bosque-arrayanes\/#breadcrumb\",\"itemListElement\":[{\"@type\":\"ListItem\",\"position\":1,\"name\":\"Inicio\",\"item\":\"https:\/\/catedralskicenter.com\/\"},{\"@type\":\"ListItem\",\"position\":2,\"name\":\"Tienda\",\"item\":\"https:\/\/catedralskicenter.com\/tienda\/\"},{\"@type\":\"ListItem\",\"position\":3,\"name\":\"Isla Victoria y Bosque de Arrayanes con Traslado\"}]},{\"@type\":\"WebSite\",\"@id\":\"https:\/\/catedralskicenter.com\/#website\",\"url\":\"https:\/\/catedralskicenter.com\/\",\"name\":\"Catedral Ski Center\",\"description\":\"\",\"potentialAction\":[{\"@type\":\"SearchAction\",\"target\":{\"@type\":\"EntryPoint\",\"urlTemplate\":\"https:\/\/catedralskicenter.com\/?s={search_term_string}\"},\"query-input\":{\"@type\":\"PropertyValueSpecification\",\"valueRequired\":true,\"valueName\":\"search_term_string\"}}],\"inLanguage\":\"pt-BR\"}]}<\/script>\n<meta property=\"product:price:amount\" content=\"133000.00\" \/>\n<meta property=\"product:price:currency\" content=\"ARS\" \/>\n<meta property=\"og:availability\" content=\"instock\" \/>\n<meta property=\"product:availability\" content=\"instock\" \/>\n<meta property=\"product:retailer_item_id\" content=\"ADV2025ISVIYBMX11\" \/>\n<meta property=\"product:condition\" content=\"new\" \/>\n<!-- \/ Yoast SEO Premium plugin. -->","yoast_head_json":{"title":"Ilha Victoria e Bosque de Arrayanes com traslado - Centro de Esqui Catedral","robots":{"index":"index","follow":"follow","max-snippet":"max-snippet:-1","max-image-preview":"max-image-preview:large","max-video-preview":"max-video-preview:-1"},"canonical":"https:\/\/catedralskicenter.com\/pt\/produto\/ilha-de-victoria-e-floresta-de-arrayanes\/","og_locale":"pt_BR","og_type":"article","og_title":"Isla Victoria y Bosque de Arrayanes con Traslado","og_description":"Disfrut\u00e1 un recorrido \u00fanico por la Patagonia con nuestro tour a Isla Victoria y al Bosque de Arrayanes. El servicio de traslado est\u00e1 contemplado, para que te adentres en escenarios incomparables y recorras senderos de naturaleza virgen durante una traves\u00eda lacustre fascinante. Reserv\u00e1 tu lugar y viv\u00ed el encanto de estos destinos imperdibles.","og_url":"https:\/\/catedralskicenter.com\/pt\/produto\/ilha-de-victoria-e-floresta-de-arrayanes\/","og_site_name":"Catedral Ski Center","article_modified_time":"2025-06-21T15:31:15+00:00","twitter_card":"summary_large_image","twitter_misc":{"Pre\u00e7o":"&#36;133,000.00","Disponibilidade":"Em Estoque"},"schema":{"@context":"https:\/\/schema.org","@graph":[{"@type":"WebPage","@id":"https:\/\/catedralskicenter.com\/producto\/isla-victoria-y-bosque-arrayanes\/","url":"https:\/\/catedralskicenter.com\/producto\/isla-victoria-y-bosque-arrayanes\/","name":"Ilha Victoria e Bosque de Arrayanes com traslado - Centro de Esqui Catedral","isPartOf":{"@id":"https:\/\/catedralskicenter.com\/#website"},"datePublished":"2025-06-14T14:51:53+00:00","dateModified":"2025-06-21T15:31:15+00:00","breadcrumb":{"@id":"https:\/\/catedralskicenter.com\/producto\/isla-victoria-y-bosque-arrayanes\/#breadcrumb"},"inLanguage":"pt-BR","potentialAction":[{"@type":"ReadAction","target":["https:\/\/catedralskicenter.com\/producto\/isla-victoria-y-bosque-arrayanes\/"]}]},{"@type":"BreadcrumbList","@id":"https:\/\/catedralskicenter.com\/producto\/isla-victoria-y-bosque-arrayanes\/#breadcrumb","itemListElement":[{"@type":"ListItem","position":1,"name":"Inicio","item":"https:\/\/catedralskicenter.com\/"},{"@type":"ListItem","position":2,"name":"Tienda","item":"https:\/\/catedralskicenter.com\/tienda\/"},{"@type":"ListItem","position":3,"name":"Isla Victoria y Bosque de Arrayanes con Traslado"}]},{"@type":"WebSite","@id":"https:\/\/catedralskicenter.com\/#website","url":"https:\/\/catedralskicenter.com\/","name":"Centro de esqui Catedral","description":"","potentialAction":[{"@type":"SearchAction","target":{"@type":"EntryPoint","urlTemplate":"https:\/\/catedralskicenter.com\/?s={search_term_string}"},"query-input":{"@type":"PropertyValueSpecification","valueRequired":true,"valueName":"search_term_string"}}],"inLanguage":"pt-BR"}]},"product_price_amount":"133000.00","product_price_currency":"ARS","og_availability":"instock","product_availability":"instock","product_retailer_item_id":"ADV2025ISVIYBMX11","product_condition":"new"},"_links":{"self":[{"href":"https:\/\/catedralskicenter.com\/pt\/wp-json\/wp\/v2\/product\/41","targetHints":{"allow":["GET"]}}],"collection":[{"href":"https:\/\/catedralskicenter.com\/pt\/wp-json\/wp\/v2\/product"}],"about":[{"href":"https:\/\/catedralskicenter.com\/pt\/wp-json\/wp\/v2\/types\/product"}],"replies":[{"embeddable":true,"href":"https:\/\/catedralskicenter.com\/pt\/wp-json\/wp\/v2\/comments?post=41"}],"wp:attachment":[{"href":"https:\/\/catedralskicenter.com\/pt\/wp-json\/wp\/v2\/media?parent=41"}],"wp:term":[{"taxonomy":"product_brand","embeddable":true,"href":"https:\/\/catedralskicenter.com\/pt\/wp-json\/wp\/v2\/product_brand?post=41"},{"taxonomy":"product_cat","embeddable":true,"href":"https:\/\/catedralskicenter.com\/pt\/wp-json\/wp\/v2\/product_cat?post=41"},{"taxonomy":"product_tag","embeddable":true,"href":"https:\/\/catedralskicenter.com\/pt\/wp-json\/wp\/v2\/product_tag?post=41"}],"curies":[{"name":"wp","href":"https:\/\/api.w.org\/{rel}","templated":true}]}}