{"id":53,"date":"2025-06-14T11:56:10","date_gmt":"2025-06-14T14:56:10","guid":{"rendered":"https:\/\/catedralskicenter.com\/producto\/winter-park-ski-principiantes\/"},"modified":"2025-06-14T11:56:14","modified_gmt":"2025-06-14T14:56:14","slug":"winter-park-ski-principiantes","status":"publish","type":"product","link":"https:\/\/catedralskicenter.com\/pt\/produto\/iniciantes-em-esqui-em-winter-park\/","title":{"rendered":"Winter Park - Iniciantes no esqui"},"content":{"rendered":"<h2>Aproveite a magia do inverno em Winter Park<\/h2>\n<p>Mergulhe em uma experi\u00eancia \u00fanica no resort de inverno Winter Park, localizado no belo Cerro Otto, em Bariloche. \u00c9 a op\u00e7\u00e3o ideal para aqueles que se atrevem a come\u00e7ar a esquiar, cercados por um ambiente natural seguro e bem cuidado.<\/p>\n<h3>O melhor de sua experi\u00eancia<\/h3>\n<ul>\n<li><strong>Local de encontro:<\/strong> Partimos do centro de Bariloche.<\/li>\n<li><strong>Acesso ao complexo:<\/strong> Os passes para telef\u00e9ricos de esqui est\u00e3o inclu\u00eddos no pre\u00e7o.<\/li>\n<li><strong>Hor\u00e1rios dispon\u00edveis:<\/strong> Reserve sua aventura \u00e0s 9:30, 12:00 ou 14:00.<\/li>\n<li><strong>Equipamento garantido:<\/strong> Inclu\u00edmos o aluguel de esculturas de esqui, para que voc\u00ea possa pensar apenas em aproveitar a neve.<\/li>\n<li><strong>Escolha de classes:<\/strong> Se quiser aprender do zero, participe de aulas em grupo projetadas para iniciantes, orientadas em um ambiente seguro.<\/li>\n<li><strong>Dura\u00e7\u00e3o flex\u00edvel:<\/strong> Escolha entre uma experi\u00eancia de dia inteiro ou de meio dia.<\/li>\n<li><strong>Idade sugerida:<\/strong> A partir de 5 anos de idade e seus acompanhantes tamb\u00e9m se divertir\u00e3o muito.<\/li>\n<\/ul>\n<h3>Servi\u00e7os que voc\u00ea tem e dicas importantes<\/h3>\n<ul>\n<li><strong>Ele inclui:<\/strong> Aluguel de esquis, uso do telef\u00e9rico e possibilidade de participar de aulas em grupo.<\/li>\n<li><strong>N\u00e3o inclui:<\/strong> Recomenda-se o uso de roupas de neve e refei\u00e7\u00f5es para garantir seu total conforto durante a caminhada.<\/li>\n<\/ul>\n<h3>Validade desta oferta especial<\/h3>\n<p>Esta oferta est\u00e1 dispon\u00edvel de 1\u00ba de abril a 15 de agosto de 2025. N\u00e3o perca a chance: descubra o esqui e tenha lembran\u00e7as inesquec\u00edveis com sua fam\u00edlia.<\/p>\n<h3>Perguntas frequentes (FAQ)<\/h3>\n<ul>\n<li><strong>Quando a excurs\u00e3o come\u00e7a?<\/strong>As sa\u00eddas s\u00e3o \u00e0s 9:30, 12:00 e 14:00 do centro de Bariloche.<\/li>\n<li><strong>Qual \u00e9 a idade m\u00ednima para essa experi\u00eancia?<\/strong>O programa foi desenvolvido para crian\u00e7as acima de 5 anos de idade e os acompanhantes s\u00e3o bem-vindos.<\/li>\n<li><strong>As aulas de esqui fazem parte do pacote?<\/strong>Voc\u00ea pode participar das aulas em grupo opcionais, perfeitas se voc\u00ea quiser aprender o b\u00e1sico com seguran\u00e7a e conforto.<\/li>\n<li><strong>O que precisa ser levado em conta antes de partir?<\/strong>N\u00e3o se esque\u00e7a de levar equipamento de neve e algo para comer, pois esses itens n\u00e3o est\u00e3o inclu\u00eddos no servi\u00e7o.<\/li>\n<\/ul>","protected":false},"excerpt":{"rendered":"<p>Experimente a aventura do Winter Park no Cerro Otto. Comece a esquiar com todo o equipamento inclu\u00eddo e a possibilidade de adicionar aulas, cercado por um ambiente natural e protegido, ideal para iniciantes ou para aqueles que querem se divertir com a fam\u00edlia.<\/p>","protected":false},"featured_media":0,"comment_status":"open","ping_status":"closed","template":"","meta":[],"product_brand":[],"product_cat":[15],"product_tag":[],"class_list":{"0":"post-53","1":"product","2":"type-product","3":"status-publish","5":"product_cat-sin-categorizar","7":"first","8":"instock","9":"sold-individually","10":"purchasable","11":"product-type-booking"},"booking_location":"","booking_location_type":"","booking_duration":1,"booking_duration_unit":"hour","booking_buffer":0,"booking_cost":0,"booking_resources":[],"exclude_global_add_ons":[],"addons":[],"yoast_head":"<!-- This site is optimized with the Yoast SEO Premium plugin v25.2 (Yoast SEO v25.2) - https:\/\/yoast.com\/wordpress\/plugins\/seo\/ -->\n<title>Winter Park - Ski principiantes - Catedral Ski Center<\/title>\n<meta name=\"robots\" content=\"index, follow, max-snippet:-1, max-image-preview:large, max-video-preview:-1\" \/>\n<link rel=\"canonical\" href=\"https:\/\/catedralskicenter.com\/pt\/produto\/iniciantes-em-esqui-em-winter-park\/\" \/>\n<meta property=\"og:locale\" content=\"pt_BR\" \/>\n<meta property=\"og:type\" content=\"article\" \/>\n<meta property=\"og:title\" content=\"Winter Park - Ski principiantes\" \/>\n<meta property=\"og:description\" content=\"Viv\u00ed la aventura de Winter Park en el cerro Otto. Iniciate en el esqu\u00ed con todo el equipo incluido y la posibilidad de sumar clases, rodeado de un entorno natural y protegido, ideal para quienes se inician o buscan disfrutar en familia.\" \/>\n<meta property=\"og:url\" content=\"https:\/\/catedralskicenter.com\/pt\/produto\/iniciantes-em-esqui-em-winter-park\/\" \/>\n<meta property=\"og:site_name\" content=\"Catedral Ski Center\" \/>\n<meta property=\"article:modified_time\" content=\"2025-06-14T14:56:14+00:00\" \/>\n<meta name=\"twitter:card\" content=\"summary_large_image\" \/>\n<meta name=\"twitter:label1\" content=\"Pre\u00e7o\" \/>\n\t<meta name=\"twitter:data1\" content=\"&#036;227,400.00\" \/>\n\t<meta name=\"twitter:label2\" content=\"Disponibilidade\" \/>\n\t<meta name=\"twitter:data2\" content=\"Em Estoque\" \/>\n<script type=\"application\/ld+json\" class=\"yoast-schema-graph\">{\"@context\":\"https:\/\/schema.org\",\"@graph\":[{\"@type\":\"WebPage\",\"@id\":\"https:\/\/catedralskicenter.com\/producto\/winter-park-ski-principiantes\/\",\"url\":\"https:\/\/catedralskicenter.com\/producto\/winter-park-ski-principiantes\/\",\"name\":\"Winter Park - Ski principiantes - Catedral Ski Center\",\"isPartOf\":{\"@id\":\"https:\/\/catedralskicenter.com\/#website\"},\"datePublished\":\"2025-06-14T14:56:10+00:00\",\"dateModified\":\"2025-06-14T14:56:14+00:00\",\"breadcrumb\":{\"@id\":\"https:\/\/catedralskicenter.com\/producto\/winter-park-ski-principiantes\/#breadcrumb\"},\"inLanguage\":\"pt-BR\",\"potentialAction\":[{\"@type\":\"ReadAction\",\"target\":[\"https:\/\/catedralskicenter.com\/producto\/winter-park-ski-principiantes\/\"]}]},{\"@type\":\"BreadcrumbList\",\"@id\":\"https:\/\/catedralskicenter.com\/producto\/winter-park-ski-principiantes\/#breadcrumb\",\"itemListElement\":[{\"@type\":\"ListItem\",\"position\":1,\"name\":\"Inicio\",\"item\":\"https:\/\/catedralskicenter.com\/\"},{\"@type\":\"ListItem\",\"position\":2,\"name\":\"Tienda\",\"item\":\"https:\/\/catedralskicenter.com\/tienda\/\"},{\"@type\":\"ListItem\",\"position\":3,\"name\":\"Winter Park &#8211; Ski principiantes\"}]},{\"@type\":\"WebSite\",\"@id\":\"https:\/\/catedralskicenter.com\/#website\",\"url\":\"https:\/\/catedralskicenter.com\/\",\"name\":\"Catedral Ski Center\",\"description\":\"\",\"potentialAction\":[{\"@type\":\"SearchAction\",\"target\":{\"@type\":\"EntryPoint\",\"urlTemplate\":\"https:\/\/catedralskicenter.com\/?s={search_term_string}\"},\"query-input\":{\"@type\":\"PropertyValueSpecification\",\"valueRequired\":true,\"valueName\":\"search_term_string\"}}],\"inLanguage\":\"pt-BR\"}]}<\/script>\n<meta property=\"product:price:amount\" content=\"227400.00\" \/>\n<meta property=\"product:price:currency\" content=\"ARS\" \/>\n<meta property=\"og:availability\" content=\"instock\" \/>\n<meta property=\"product:availability\" content=\"instock\" \/>\n<meta property=\"product:retailer_item_id\" content=\"ADV2025WIPAS782G\" \/>\n<meta property=\"product:condition\" content=\"new\" \/>\n<!-- \/ Yoast SEO Premium plugin. -->","yoast_head_json":{"title":"Winter Park - Iniciantes no esqui - Centro de esqui Catedral","robots":{"index":"index","follow":"follow","max-snippet":"max-snippet:-1","max-image-preview":"max-image-preview:large","max-video-preview":"max-video-preview:-1"},"canonical":"https:\/\/catedralskicenter.com\/pt\/produto\/iniciantes-em-esqui-em-winter-park\/","og_locale":"pt_BR","og_type":"article","og_title":"Winter Park - Ski principiantes","og_description":"Viv\u00ed la aventura de Winter Park en el cerro Otto. Iniciate en el esqu\u00ed con todo el equipo incluido y la posibilidad de sumar clases, rodeado de un entorno natural y protegido, ideal para quienes se inician o buscan disfrutar en familia.","og_url":"https:\/\/catedralskicenter.com\/pt\/produto\/iniciantes-em-esqui-em-winter-park\/","og_site_name":"Catedral Ski Center","article_modified_time":"2025-06-14T14:56:14+00:00","twitter_card":"summary_large_image","twitter_misc":{"Pre\u00e7o":"&#36;227,400.00","Disponibilidade":"Em Estoque"},"schema":{"@context":"https:\/\/schema.org","@graph":[{"@type":"WebPage","@id":"https:\/\/catedralskicenter.com\/producto\/winter-park-ski-principiantes\/","url":"https:\/\/catedralskicenter.com\/producto\/winter-park-ski-principiantes\/","name":"Winter Park - Iniciantes no esqui - Centro de esqui Catedral","isPartOf":{"@id":"https:\/\/catedralskicenter.com\/#website"},"datePublished":"2025-06-14T14:56:10+00:00","dateModified":"2025-06-14T14:56:14+00:00","breadcrumb":{"@id":"https:\/\/catedralskicenter.com\/producto\/winter-park-ski-principiantes\/#breadcrumb"},"inLanguage":"pt-BR","potentialAction":[{"@type":"ReadAction","target":["https:\/\/catedralskicenter.com\/producto\/winter-park-ski-principiantes\/"]}]},{"@type":"BreadcrumbList","@id":"https:\/\/catedralskicenter.com\/producto\/winter-park-ski-principiantes\/#breadcrumb","itemListElement":[{"@type":"ListItem","position":1,"name":"Inicio","item":"https:\/\/catedralskicenter.com\/"},{"@type":"ListItem","position":2,"name":"Tienda","item":"https:\/\/catedralskicenter.com\/tienda\/"},{"@type":"ListItem","position":3,"name":"Winter Park &#8211; Ski principiantes"}]},{"@type":"WebSite","@id":"https:\/\/catedralskicenter.com\/#website","url":"https:\/\/catedralskicenter.com\/","name":"Centro de esqui Catedral","description":"","potentialAction":[{"@type":"SearchAction","target":{"@type":"EntryPoint","urlTemplate":"https:\/\/catedralskicenter.com\/?s={search_term_string}"},"query-input":{"@type":"PropertyValueSpecification","valueRequired":true,"valueName":"search_term_string"}}],"inLanguage":"pt-BR"}]},"product_price_amount":"227400.00","product_price_currency":"ARS","og_availability":"instock","product_availability":"instock","product_retailer_item_id":"ADV2025WIPAS782G","product_condition":"new"},"_links":{"self":[{"href":"https:\/\/catedralskicenter.com\/pt\/wp-json\/wp\/v2\/product\/53","targetHints":{"allow":["GET"]}}],"collection":[{"href":"https:\/\/catedralskicenter.com\/pt\/wp-json\/wp\/v2\/product"}],"about":[{"href":"https:\/\/catedralskicenter.com\/pt\/wp-json\/wp\/v2\/types\/product"}],"replies":[{"embeddable":true,"href":"https:\/\/catedralskicenter.com\/pt\/wp-json\/wp\/v2\/comments?post=53"}],"wp:attachment":[{"href":"https:\/\/catedralskicenter.com\/pt\/wp-json\/wp\/v2\/media?parent=53"}],"wp:term":[{"taxonomy":"product_brand","embeddable":true,"href":"https:\/\/catedralskicenter.com\/pt\/wp-json\/wp\/v2\/product_brand?post=53"},{"taxonomy":"product_cat","embeddable":true,"href":"https:\/\/catedralskicenter.com\/pt\/wp-json\/wp\/v2\/product_cat?post=53"},{"taxonomy":"product_tag","embeddable":true,"href":"https:\/\/catedralskicenter.com\/pt\/wp-json\/wp\/v2\/product_tag?post=53"}],"curies":[{"name":"wp","href":"https:\/\/api.w.org\/{rel}","templated":true}]}}