{"id":56,"date":"2025-06-14T11:57:02","date_gmt":"2025-06-14T14:57:02","guid":{"rendered":"https:\/\/catedralskicenter.com\/producto\/empeza-la-aventura-en-la-nieve-traslado-a-piedras-blancas-sin-complicaciones\/"},"modified":"2025-06-14T11:57:06","modified_gmt":"2025-06-14T14:57:06","slug":"traslado-al-cerro-piedras-blancas","status":"publish","type":"product","link":"https:\/\/catedralskicenter.com\/pt\/produto\/traslado-para-o-cerro-piedras-blancas\/","title":{"rendered":"Comece a aventura na neve: Traslado para Piedras Blancas sem complica\u00e7\u00f5es"},"content":{"rendered":"<h2>Traslado para Piedras Blancas de Bariloche<\/h2>\n<p>Experimente a neve como nunca antes com nosso <strong>Traslado para Piedras Blancas<\/strong>, aninhado na deslumbrante <strong>Cerro Otto<\/strong>. Esse passeio o levar\u00e1 do centro de Bariloche at\u00e9 o <strong>Morro Piedras Blancas<\/strong>, um renomado resort de inverno famoso por suas emocionantes pistas de tobog\u00e3, paisagens de sonho e f\u00e1cil acesso. \u00c9 a escolha perfeita para fam\u00edlias, grupos de amigos ou casais que procuram um dia de aventuras sem complica\u00e7\u00f5es.<\/p>\n<h3>Detalhes da transfer\u00eancia<\/h3>\n<ul>\n<li><strong>Rota:<\/strong> Do cora\u00e7\u00e3o de Bariloche direto para o <strong>Morro Piedras Blancas<\/strong>.<\/li>\n<li><strong>Turnos:<\/strong> Das 8:00 \u00e0s 16:00 e das 13:00 \u00e0s 18:00.<\/li>\n<li><strong>Ele inclui:<\/strong> Traslado de ida e volta para o aeroporto.<\/li>\n<li><strong>N\u00e3o inclu\u00eddo:<\/strong> Almo\u00e7o e passes para o telef\u00e9rico.<\/li>\n<\/ul>\n<h3>Por que reservar esta excurs\u00e3o ao Cerro Piedras Blancas?<\/h3>\n<p>Escolha este <strong>Traslado para Piedras Blancas<\/strong> permite que voc\u00ea aproveite cada momento, sem o estresse do transporte. Mergulhe no ambiente \u00fanico de <strong>Cerro Otto Piedras Blancas Bariloche<\/strong>, onde a natureza e a emo\u00e7\u00e3o andam de m\u00e3os dadas. Se voc\u00ea quiser um plano mais completo, pode combin\u00e1-lo com o Circuito Chico e viver Bariloche ao m\u00e1ximo.<\/p>\n<h3>Perguntas frequentes (FAQ)<\/h3>\n<ul>\n<li><strong>De onde come\u00e7a a transfer\u00eancia?<\/strong> Localiza\u00e7\u00e3o central em Bariloche, conveniente para os visitantes.<\/li>\n<li><strong>O que pode ser feito l\u00e1?<\/strong> Andar de tren\u00f3, andar com raquetes de neve e se perder nas paisagens.<\/li>\n<li><strong>O que a proposta inclui?<\/strong> Somente o traslado de ida e volta para o aeroporto. Refei\u00e7\u00f5es e passes n\u00e3o est\u00e3o inclu\u00eddos.<\/li>\n<\/ul>","protected":false},"excerpt":{"rendered":"<p>Desfrute de uma experi\u00eancia \u00fanica com este traslado de meio dia de Bariloche para Cerro Piedras Blancas, um dos resorts de esqui mais not\u00e1veis da Am\u00e9rica Latina. Aproveite essa ocasi\u00e3o especial que combina entretenimento sem igual, m\u00e1ximo conforto e vistas naturais incr\u00edveis.<\/p>","protected":false},"featured_media":0,"comment_status":"open","ping_status":"closed","template":"","meta":[],"product_brand":[],"product_cat":[15],"product_tag":[],"class_list":{"0":"post-56","1":"product","2":"type-product","3":"status-publish","5":"product_cat-sin-categorizar","7":"first","8":"instock","9":"sold-individually","10":"purchasable","11":"product-type-booking"},"booking_location":"","booking_location_type":"","booking_duration":1,"booking_duration_unit":"hour","booking_buffer":0,"booking_cost":0,"booking_resources":[],"exclude_global_add_ons":[],"addons":[],"yoast_head":"<!-- This site is optimized with the Yoast SEO Premium plugin v25.2 (Yoast SEO v25.2) - https:\/\/yoast.com\/wordpress\/plugins\/seo\/ -->\n<title>Empez\u00e1 la Aventura en la Nieve: Traslado a Piedras Blancas sin Complicaciones - Catedral Ski Center<\/title>\n<meta name=\"robots\" content=\"index, follow, max-snippet:-1, max-image-preview:large, max-video-preview:-1\" \/>\n<link rel=\"canonical\" href=\"https:\/\/catedralskicenter.com\/pt\/produto\/traslado-para-o-cerro-piedras-blancas\/\" \/>\n<meta property=\"og:locale\" content=\"pt_BR\" \/>\n<meta property=\"og:type\" content=\"article\" \/>\n<meta property=\"og:title\" content=\"Empez\u00e1 la Aventura en la Nieve: Traslado a Piedras Blancas sin Complicaciones\" \/>\n<meta property=\"og:description\" content=\"Disfrut\u00e1 de una experiencia \u00fanica con este traslado de media jornada desde Bariloche hasta el Cerro Piedras Blancas, uno de los centros de esqu\u00ed m\u00e1s destacados de Latinoam\u00e9rica. Aprovech\u00e1 esta ocasi\u00f3n especial que combina entretenimiento sin igual, m\u00e1xima comodidad y vistas naturales sorprendentes.\" \/>\n<meta property=\"og:url\" content=\"https:\/\/catedralskicenter.com\/pt\/produto\/traslado-para-o-cerro-piedras-blancas\/\" \/>\n<meta property=\"og:site_name\" content=\"Catedral Ski Center\" \/>\n<meta property=\"article:modified_time\" content=\"2025-06-14T14:57:06+00:00\" \/>\n<meta name=\"twitter:card\" content=\"summary_large_image\" \/>\n<meta name=\"twitter:label1\" content=\"Pre\u00e7o\" \/>\n\t<meta name=\"twitter:data1\" content=\"&#036;26,000.00\" \/>\n\t<meta name=\"twitter:label2\" content=\"Disponibilidade\" \/>\n\t<meta name=\"twitter:data2\" content=\"Em Estoque\" \/>\n<script type=\"application\/ld+json\" class=\"yoast-schema-graph\">{\"@context\":\"https:\/\/schema.org\",\"@graph\":[{\"@type\":\"WebPage\",\"@id\":\"https:\/\/catedralskicenter.com\/producto\/traslado-al-cerro-piedras-blancas\/\",\"url\":\"https:\/\/catedralskicenter.com\/producto\/traslado-al-cerro-piedras-blancas\/\",\"name\":\"Empez\u00e1 la Aventura en la Nieve: Traslado a Piedras Blancas sin Complicaciones - Catedral Ski Center\",\"isPartOf\":{\"@id\":\"https:\/\/catedralskicenter.com\/#website\"},\"datePublished\":\"2025-06-14T14:57:02+00:00\",\"dateModified\":\"2025-06-14T14:57:06+00:00\",\"breadcrumb\":{\"@id\":\"https:\/\/catedralskicenter.com\/producto\/traslado-al-cerro-piedras-blancas\/#breadcrumb\"},\"inLanguage\":\"pt-BR\",\"potentialAction\":[{\"@type\":\"ReadAction\",\"target\":[\"https:\/\/catedralskicenter.com\/producto\/traslado-al-cerro-piedras-blancas\/\"]}]},{\"@type\":\"BreadcrumbList\",\"@id\":\"https:\/\/catedralskicenter.com\/producto\/traslado-al-cerro-piedras-blancas\/#breadcrumb\",\"itemListElement\":[{\"@type\":\"ListItem\",\"position\":1,\"name\":\"Inicio\",\"item\":\"https:\/\/catedralskicenter.com\/\"},{\"@type\":\"ListItem\",\"position\":2,\"name\":\"Tienda\",\"item\":\"https:\/\/catedralskicenter.com\/tienda\/\"},{\"@type\":\"ListItem\",\"position\":3,\"name\":\"Empez\u00e1 la Aventura en la Nieve: Traslado a Piedras Blancas sin Complicaciones\"}]},{\"@type\":\"WebSite\",\"@id\":\"https:\/\/catedralskicenter.com\/#website\",\"url\":\"https:\/\/catedralskicenter.com\/\",\"name\":\"Catedral Ski Center\",\"description\":\"\",\"potentialAction\":[{\"@type\":\"SearchAction\",\"target\":{\"@type\":\"EntryPoint\",\"urlTemplate\":\"https:\/\/catedralskicenter.com\/?s={search_term_string}\"},\"query-input\":{\"@type\":\"PropertyValueSpecification\",\"valueRequired\":true,\"valueName\":\"search_term_string\"}}],\"inLanguage\":\"pt-BR\"}]}<\/script>\n<meta property=\"product:price:amount\" content=\"26000.00\" \/>\n<meta property=\"product:price:currency\" content=\"ARS\" \/>\n<meta property=\"og:availability\" content=\"instock\" \/>\n<meta property=\"product:availability\" content=\"instock\" \/>\n<meta property=\"product:retailer_item_id\" content=\"ADV2025TRALCE1K3T\" \/>\n<meta property=\"product:condition\" content=\"new\" \/>\n<!-- \/ Yoast SEO Premium plugin. -->","yoast_head_json":{"title":"Comece a aventura na neve: Piedras Blancas Traslado para Piedras Blancas sem complica\u00e7\u00f5es - Catedral Ski Center","robots":{"index":"index","follow":"follow","max-snippet":"max-snippet:-1","max-image-preview":"max-image-preview:large","max-video-preview":"max-video-preview:-1"},"canonical":"https:\/\/catedralskicenter.com\/pt\/produto\/traslado-para-o-cerro-piedras-blancas\/","og_locale":"pt_BR","og_type":"article","og_title":"Empez\u00e1 la Aventura en la Nieve: Traslado a Piedras Blancas sin Complicaciones","og_description":"Disfrut\u00e1 de una experiencia \u00fanica con este traslado de media jornada desde Bariloche hasta el Cerro Piedras Blancas, uno de los centros de esqu\u00ed m\u00e1s destacados de Latinoam\u00e9rica. Aprovech\u00e1 esta ocasi\u00f3n especial que combina entretenimiento sin igual, m\u00e1xima comodidad y vistas naturales sorprendentes.","og_url":"https:\/\/catedralskicenter.com\/pt\/produto\/traslado-para-o-cerro-piedras-blancas\/","og_site_name":"Catedral Ski Center","article_modified_time":"2025-06-14T14:57:06+00:00","twitter_card":"summary_large_image","twitter_misc":{"Pre\u00e7o":"&#36;26,000.00","Disponibilidade":"Em Estoque"},"schema":{"@context":"https:\/\/schema.org","@graph":[{"@type":"WebPage","@id":"https:\/\/catedralskicenter.com\/producto\/traslado-al-cerro-piedras-blancas\/","url":"https:\/\/catedralskicenter.com\/producto\/traslado-al-cerro-piedras-blancas\/","name":"Comece a aventura na neve: Piedras Blancas Traslado para Piedras Blancas sem complica\u00e7\u00f5es - Catedral Ski Center","isPartOf":{"@id":"https:\/\/catedralskicenter.com\/#website"},"datePublished":"2025-06-14T14:57:02+00:00","dateModified":"2025-06-14T14:57:06+00:00","breadcrumb":{"@id":"https:\/\/catedralskicenter.com\/producto\/traslado-al-cerro-piedras-blancas\/#breadcrumb"},"inLanguage":"pt-BR","potentialAction":[{"@type":"ReadAction","target":["https:\/\/catedralskicenter.com\/producto\/traslado-al-cerro-piedras-blancas\/"]}]},{"@type":"BreadcrumbList","@id":"https:\/\/catedralskicenter.com\/producto\/traslado-al-cerro-piedras-blancas\/#breadcrumb","itemListElement":[{"@type":"ListItem","position":1,"name":"Inicio","item":"https:\/\/catedralskicenter.com\/"},{"@type":"ListItem","position":2,"name":"Tienda","item":"https:\/\/catedralskicenter.com\/tienda\/"},{"@type":"ListItem","position":3,"name":"Empez\u00e1 la Aventura en la Nieve: Traslado a Piedras Blancas sin Complicaciones"}]},{"@type":"WebSite","@id":"https:\/\/catedralskicenter.com\/#website","url":"https:\/\/catedralskicenter.com\/","name":"Centro de esqui Catedral","description":"","potentialAction":[{"@type":"SearchAction","target":{"@type":"EntryPoint","urlTemplate":"https:\/\/catedralskicenter.com\/?s={search_term_string}"},"query-input":{"@type":"PropertyValueSpecification","valueRequired":true,"valueName":"search_term_string"}}],"inLanguage":"pt-BR"}]},"product_price_amount":"26000.00","product_price_currency":"ARS","og_availability":"instock","product_availability":"instock","product_retailer_item_id":"ADV2025TRALCE1K3T","product_condition":"new"},"_links":{"self":[{"href":"https:\/\/catedralskicenter.com\/pt\/wp-json\/wp\/v2\/product\/56","targetHints":{"allow":["GET"]}}],"collection":[{"href":"https:\/\/catedralskicenter.com\/pt\/wp-json\/wp\/v2\/product"}],"about":[{"href":"https:\/\/catedralskicenter.com\/pt\/wp-json\/wp\/v2\/types\/product"}],"replies":[{"embeddable":true,"href":"https:\/\/catedralskicenter.com\/pt\/wp-json\/wp\/v2\/comments?post=56"}],"wp:attachment":[{"href":"https:\/\/catedralskicenter.com\/pt\/wp-json\/wp\/v2\/media?parent=56"}],"wp:term":[{"taxonomy":"product_brand","embeddable":true,"href":"https:\/\/catedralskicenter.com\/pt\/wp-json\/wp\/v2\/product_brand?post=56"},{"taxonomy":"product_cat","embeddable":true,"href":"https:\/\/catedralskicenter.com\/pt\/wp-json\/wp\/v2\/product_cat?post=56"},{"taxonomy":"product_tag","embeddable":true,"href":"https:\/\/catedralskicenter.com\/pt\/wp-json\/wp\/v2\/product_tag?post=56"}],"curies":[{"name":"wp","href":"https:\/\/api.w.org\/{rel}","templated":true}]}}